{"id":1502,"date":"2024-01-09T17:37:28","date_gmt":"2024-01-09T17:37:28","guid":{"rendered":"https:\/\/linepressurere.wpenginepowered.com\/?page_id=1502"},"modified":"2026-02-24T21:46:39","modified_gmt":"2026-02-24T21:46:39","slug":"non-ceu-registration","status":"publish","type":"page","link":"https:\/\/linepressureregulator.com\/es\/non-ceu-registration\/","title":{"rendered":"Non CEU Registration"},"content":{"rendered":"<div data-elementor-type=\"wp-page\" data-elementor-id=\"1502\" class=\"elementor elementor-1502\" data-elementor-post-type=\"page\">\n\t\t\t\t\t\t<section class=\"elementor-section elementor-top-section elementor-element elementor-element-6b3d918 elementor-section-boxed elementor-section-height-default elementor-section-height-default\" data-id=\"6b3d918\" data-element_type=\"section\" data-e-type=\"section\">\n\t\t\t\t\t\t<div class=\"elementor-container elementor-column-gap-default\">\n\t\t\t\t\t<div class=\"elementor-column elementor-col-100 elementor-top-column elementor-element elementor-element-4be0cc2\" data-id=\"4be0cc2\" data-element_type=\"column\" data-e-type=\"column\">\n\t\t\t<div class=\"elementor-widget-wrap elementor-element-populated\">\n\t\t\t\t\t\t<div class=\"elementor-element elementor-element-92af8c2 elementor-widget elementor-widget-heading\" data-id=\"92af8c2\" data-element_type=\"widget\" data-e-type=\"widget\" data-widget_type=\"heading.default\">\n\t\t\t\t<div class=\"elementor-widget-container\">\n\t\t\t\t\t<h2 class=\"elementor-heading-title elementor-size-default\">Product Course Registration<\/h2>\t\t\t\t<\/div>\n\t\t\t\t<\/div>\n\t\t\t\t<div class=\"elementor-element elementor-element-174f294 elementor-widget-divider--view-line elementor-widget elementor-widget-divider\" data-id=\"174f294\" data-element_type=\"widget\" data-e-type=\"widget\" data-widget_type=\"divider.default\">\n\t\t\t\t<div class=\"elementor-widget-container\">\n\t\t\t\t\t\t\t<div class=\"elementor-divider\">\n\t\t\t<span class=\"elementor-divider-separator\">\n\t\t\t\t\t\t<\/span>\n\t\t<\/div>\n\t\t\t\t\t\t<\/div>\n\t\t\t\t<\/div>\n\t\t\t\t<section class=\"elementor-section elementor-inner-section elementor-element elementor-element-c407353 elementor-section-full_width elementor-section-height-default elementor-section-height-default\" data-id=\"c407353\" data-element_type=\"section\" data-e-type=\"section\">\n\t\t\t\t\t\t<div class=\"elementor-container elementor-column-gap-no\">\n\t\t\t\t\t<div class=\"elementor-column elementor-col-50 elementor-inner-column elementor-element elementor-element-ff69c78\" data-id=\"ff69c78\" data-element_type=\"column\" data-e-type=\"column\">\n\t\t\t<div class=\"elementor-widget-wrap elementor-element-populated\">\n\t\t\t\t\t\t<div class=\"elementor-element elementor-element-a610533 elementor-widget elementor-widget-image\" data-id=\"a610533\" data-element_type=\"widget\" data-e-type=\"widget\" data-widget_type=\"image.default\">\n\t\t\t\t<div class=\"elementor-widget-container\">\n\t\t\t\t\t\t\t\t\t\t\t\t\t\t\t<img fetchpriority=\"high\" decoding=\"async\" width=\"300\" height=\"171\" src=\"https:\/\/linepressureregulator.com\/wp-content\/uploads\/2022\/05\/ECCO-Logo-2021-300x171.png\" class=\"attachment-medium size-medium wp-image-1062\" alt=\"Equipment Controls Company logo\" srcset=\"https:\/\/linepressureregulator.com\/wp-content\/uploads\/2022\/05\/ECCO-Logo-2021-300x171.png 300w, https:\/\/linepressureregulator.com\/wp-content\/uploads\/2022\/05\/ECCO-Logo-2021-600x342.png 600w, https:\/\/linepressureregulator.com\/wp-content\/uploads\/2022\/05\/ECCO-Logo-2021-1024x584.png 1024w, https:\/\/linepressureregulator.com\/wp-content\/uploads\/2022\/05\/ECCO-Logo-2021-768x438.png 768w, https:\/\/linepressureregulator.com\/wp-content\/uploads\/2022\/05\/ECCO-Logo-2021-1536x876.png 1536w, https:\/\/linepressureregulator.com\/wp-content\/uploads\/2022\/05\/ECCO-Logo-2021.png 1599w\" sizes=\"(max-width: 300px) 100vw, 300px\" \/>\t\t\t\t\t\t\t\t\t\t\t\t\t\t\t<\/div>\n\t\t\t\t<\/div>\n\t\t\t\t<div class=\"elementor-element elementor-element-5c32e40 elementor-widget elementor-widget-text-editor\" data-id=\"5c32e40\" data-element_type=\"widget\" data-e-type=\"widget\" data-widget_type=\"text-editor.default\">\n\t\t\t\t<div class=\"elementor-widget-container\">\n\t\t\t\t\t\t\t\t\t<h4>Cursos actuales ofrecidos:<\/h4><p><strong>Pietro Fiorentini GOVERNOR Training<\/strong>*<\/p><p>*This course does not offer CEU credits. For a complete list of CEU credited courses, <a href=\"https:\/\/linepressureregulator.com\/es\/ceu-pre-registration\/\">click here<\/a>.<\/p>\t\t\t\t\t\t\t\t<\/div>\n\t\t\t\t<\/div>\n\t\t\t\t\t<\/div>\n\t\t<\/div>\n\t\t\t\t<div class=\"elementor-column elementor-col-50 elementor-inner-column elementor-element elementor-element-a7552d1\" data-id=\"a7552d1\" data-element_type=\"column\" data-e-type=\"column\" data-settings=\"{&quot;background_background&quot;:&quot;classic&quot;}\">\n\t\t\t<div class=\"elementor-widget-wrap elementor-element-populated\">\n\t\t\t\t\t\t<div class=\"elementor-element elementor-element-997397c elementor-widget elementor-widget-html\" data-id=\"997397c\" data-element_type=\"widget\" data-e-type=\"widget\" data-widget_type=\"html.default\">\n\t\t\t\t<div class=\"elementor-widget-container\">\n\t\t\t\t\t<div\n        data-form-id='9c1fd8d3-f308-f111-8406-000d3a359160'\n        data-form-api-url='https:\/\/public-usa.mkt.dynamics.com\/api\/v1.0\/orgs\/8d30fbc1-53a6-4def-9506-6fd5f7445070\/landingpageforms'\n        data-cached-form-url='https:\/\/assets-usa.mkt.dynamics.com\/8d30fbc1-53a6-4def-9506-6fd5f7445070\/digitalassets\/forms\/9c1fd8d3-f308-f111-8406-000d3a359160' ><\/div>\n        <script src = 'https:\/\/cxppusa1formui01cdnsa01-endpoint.azureedge.net\/usa\/FormLoader\/FormLoader.bundle.js' ><\/script>\t\t\t\t<\/div>\n\t\t\t\t<\/div>\n\t\t\t\t\t<\/div>\n\t\t<\/div>\n\t\t\t\t\t<\/div>\n\t\t<\/section>\n\t\t\t\t\t<\/div>\n\t\t<\/div>\n\t\t\t\t\t<\/div>\n\t\t<\/section>\n\t\t\t\t<\/div>","protected":false},"excerpt":{"rendered":"<p>Product Course Registration Current Courses Offered: Pietro Fiorentini GOVERNOR Training* *This course does not offer CEU credits. For a complete list of CEU credited courses, click here.<\/p>","protected":false},"author":2,"featured_media":0,"parent":0,"menu_order":0,"comment_status":"closed","ping_status":"closed","template":"elementor_header_footer","meta":{"footnotes":""},"class_list":["post-1502","page","type-page","status-publish","hentry"],"yoast_head":"<!-- This site is optimized with the Yoast SEO plugin v27.2 - https:\/\/yoast.com\/product\/yoast-seo-wordpress\/ -->\n<title>Non CEU Registration - Line Pressure Regulators<\/title>\n<meta name=\"robots\" content=\"index, follow, max-snippet:-1, max-image-preview:large, max-video-preview:-1\" \/>\n<link rel=\"canonical\" href=\"https:\/\/linepressureregulator.com\/es\/non-ceu-registration\/\" \/>\n<meta property=\"og:locale\" content=\"es_MX\" \/>\n<meta property=\"og:type\" content=\"article\" \/>\n<meta property=\"og:title\" content=\"Non CEU Registration - Line Pressure Regulators\" \/>\n<meta property=\"og:description\" content=\"Product Course Registration Current Courses Offered: Pietro Fiorentini GOVERNOR Training* *This course does not offer CEU credits. For a complete list of CEU credited courses, click here.\" \/>\n<meta property=\"og:url\" content=\"https:\/\/linepressureregulator.com\/es\/non-ceu-registration\/\" \/>\n<meta property=\"og:site_name\" content=\"Line Pressure Regulators\" \/>\n<meta property=\"article:modified_time\" content=\"2026-02-24T21:46:39+00:00\" \/>\n<meta property=\"og:image\" content=\"https:\/\/linepressureregulator.com\/wp-content\/uploads\/2022\/05\/ECCO-Logo-2021.png\" \/>\n\t<meta property=\"og:image:width\" content=\"1599\" \/>\n\t<meta property=\"og:image:height\" content=\"912\" \/>\n\t<meta property=\"og:image:type\" content=\"image\/png\" \/>\n<meta name=\"twitter:card\" content=\"summary_large_image\" \/>\n<script type=\"application\/ld+json\" class=\"yoast-schema-graph\">{\"@context\":\"https:\/\/schema.org\",\"@graph\":[{\"@type\":\"WebPage\",\"@id\":\"https:\/\/linepressureregulator.com\/non-ceu-registration\/\",\"url\":\"https:\/\/linepressureregulator.com\/non-ceu-registration\/\",\"name\":\"Non CEU Registration - Line Pressure Regulators\",\"isPartOf\":{\"@id\":\"https:\/\/linepressureregulator.com\/#website\"},\"primaryImageOfPage\":{\"@id\":\"https:\/\/linepressureregulator.com\/non-ceu-registration\/#primaryimage\"},\"image\":{\"@id\":\"https:\/\/linepressureregulator.com\/non-ceu-registration\/#primaryimage\"},\"thumbnailUrl\":\"https:\/\/linepressureregulator.com\/wp-content\/uploads\/2022\/05\/ECCO-Logo-2021-300x171.png\",\"datePublished\":\"2024-01-09T17:37:28+00:00\",\"dateModified\":\"2026-02-24T21:46:39+00:00\",\"breadcrumb\":{\"@id\":\"https:\/\/linepressureregulator.com\/non-ceu-registration\/#breadcrumb\"},\"inLanguage\":\"es\",\"potentialAction\":[{\"@type\":\"ReadAction\",\"target\":[\"https:\/\/linepressureregulator.com\/non-ceu-registration\/\"]}]},{\"@type\":\"ImageObject\",\"inLanguage\":\"es\",\"@id\":\"https:\/\/linepressureregulator.com\/non-ceu-registration\/#primaryimage\",\"url\":\"https:\/\/linepressureregulator.com\/wp-content\/uploads\/2022\/05\/ECCO-Logo-2021-300x171.png\",\"contentUrl\":\"https:\/\/linepressureregulator.com\/wp-content\/uploads\/2022\/05\/ECCO-Logo-2021-300x171.png\"},{\"@type\":\"BreadcrumbList\",\"@id\":\"https:\/\/linepressureregulator.com\/non-ceu-registration\/#breadcrumb\",\"itemListElement\":[{\"@type\":\"ListItem\",\"position\":1,\"name\":\"Home\",\"item\":\"https:\/\/linepressureregulator.com\/\"},{\"@type\":\"ListItem\",\"position\":2,\"name\":\"Non CEU Registration\"}]},{\"@type\":\"WebSite\",\"@id\":\"https:\/\/linepressureregulator.com\/#website\",\"url\":\"https:\/\/linepressureregulator.com\/\",\"name\":\"Line Pressure Regulators\",\"description\":\"Line Pressure Regulators\",\"potentialAction\":[{\"@type\":\"SearchAction\",\"target\":{\"@type\":\"EntryPoint\",\"urlTemplate\":\"https:\/\/linepressureregulator.com\/?s={search_term_string}\"},\"query-input\":{\"@type\":\"PropertyValueSpecification\",\"valueRequired\":true,\"valueName\":\"search_term_string\"}}],\"inLanguage\":\"es\"}]}<\/script>\n<!-- \/ Yoast SEO plugin. -->","yoast_head_json":{"title":"Non CEU Registration - Line Pressure Regulators","robots":{"index":"index","follow":"follow","max-snippet":"max-snippet:-1","max-image-preview":"max-image-preview:large","max-video-preview":"max-video-preview:-1"},"canonical":"https:\/\/linepressureregulator.com\/es\/non-ceu-registration\/","og_locale":"es_MX","og_type":"article","og_title":"Non CEU Registration - Line Pressure Regulators","og_description":"Product Course Registration Current Courses Offered: Pietro Fiorentini GOVERNOR Training* *This course does not offer CEU credits. For a complete list of CEU credited courses, click here.","og_url":"https:\/\/linepressureregulator.com\/es\/non-ceu-registration\/","og_site_name":"Line Pressure Regulators","article_modified_time":"2026-02-24T21:46:39+00:00","og_image":[{"width":1599,"height":912,"url":"https:\/\/linepressureregulator.com\/wp-content\/uploads\/2022\/05\/ECCO-Logo-2021.png","type":"image\/png"}],"twitter_card":"summary_large_image","schema":{"@context":"https:\/\/schema.org","@graph":[{"@type":"WebPage","@id":"https:\/\/linepressureregulator.com\/non-ceu-registration\/","url":"https:\/\/linepressureregulator.com\/non-ceu-registration\/","name":"Non CEU Registration - Line Pressure Regulators","isPartOf":{"@id":"https:\/\/linepressureregulator.com\/#website"},"primaryImageOfPage":{"@id":"https:\/\/linepressureregulator.com\/non-ceu-registration\/#primaryimage"},"image":{"@id":"https:\/\/linepressureregulator.com\/non-ceu-registration\/#primaryimage"},"thumbnailUrl":"https:\/\/linepressureregulator.com\/wp-content\/uploads\/2022\/05\/ECCO-Logo-2021-300x171.png","datePublished":"2024-01-09T17:37:28+00:00","dateModified":"2026-02-24T21:46:39+00:00","breadcrumb":{"@id":"https:\/\/linepressureregulator.com\/non-ceu-registration\/#breadcrumb"},"inLanguage":"es","potentialAction":[{"@type":"ReadAction","target":["https:\/\/linepressureregulator.com\/non-ceu-registration\/"]}]},{"@type":"ImageObject","inLanguage":"es","@id":"https:\/\/linepressureregulator.com\/non-ceu-registration\/#primaryimage","url":"https:\/\/linepressureregulator.com\/wp-content\/uploads\/2022\/05\/ECCO-Logo-2021-300x171.png","contentUrl":"https:\/\/linepressureregulator.com\/wp-content\/uploads\/2022\/05\/ECCO-Logo-2021-300x171.png"},{"@type":"BreadcrumbList","@id":"https:\/\/linepressureregulator.com\/non-ceu-registration\/#breadcrumb","itemListElement":[{"@type":"ListItem","position":1,"name":"Home","item":"https:\/\/linepressureregulator.com\/"},{"@type":"ListItem","position":2,"name":"Non CEU Registration"}]},{"@type":"WebSite","@id":"https:\/\/linepressureregulator.com\/#website","url":"https:\/\/linepressureregulator.com\/","name":"Reguladores de presi\u00f3n de l\u00ednea","description":"Reguladores de presi\u00f3n de l\u00ednea","potentialAction":[{"@type":"SearchAction","target":{"@type":"EntryPoint","urlTemplate":"https:\/\/linepressureregulator.com\/?s={search_term_string}"},"query-input":{"@type":"PropertyValueSpecification","valueRequired":true,"valueName":"search_term_string"}}],"inLanguage":"es"}]}},"_links":{"self":[{"href":"https:\/\/linepressureregulator.com\/es\/wp-json\/wp\/v2\/pages\/1502","targetHints":{"allow":["GET"]}}],"collection":[{"href":"https:\/\/linepressureregulator.com\/es\/wp-json\/wp\/v2\/pages"}],"about":[{"href":"https:\/\/linepressureregulator.com\/es\/wp-json\/wp\/v2\/types\/page"}],"author":[{"embeddable":true,"href":"https:\/\/linepressureregulator.com\/es\/wp-json\/wp\/v2\/users\/2"}],"replies":[{"embeddable":true,"href":"https:\/\/linepressureregulator.com\/es\/wp-json\/wp\/v2\/comments?post=1502"}],"version-history":[{"count":0,"href":"https:\/\/linepressureregulator.com\/es\/wp-json\/wp\/v2\/pages\/1502\/revisions"}],"wp:attachment":[{"href":"https:\/\/linepressureregulator.com\/es\/wp-json\/wp\/v2\/media?parent=1502"}],"curies":[{"name":"wp","href":"https:\/\/api.w.org\/{rel}","templated":true}]}}