{"id":1069,"date":"2022-05-10T16:17:05","date_gmt":"2022-05-10T16:17:05","guid":{"rendered":"https:\/\/linepressurere.wpenginepowered.com\/?post_type=product&#038;p=1069"},"modified":"2023-09-29T19:22:31","modified_gmt":"2023-09-29T19:22:31","slug":"pf-cirval","status":"publish","type":"product","link":"https:\/\/linepressureregulator.com\/es\/producto\/pf-cirval\/","title":{"rendered":"Cirval PF"},"content":{"rendered":"<p><strong>Cirval PF <\/strong><strong>Reguladores de gas de media a baja presi\u00f3n<\/strong><\/p>\n<p>El Cirval est\u00e1 disponible en dos tama\u00f1os: el cabezal Cirval 200 de 8\u2033 y el cabezal Cirval 300 de 12\u2033. El dise\u00f1o Cirval de Pietro Fiorentini est\u00e1 controlado por un resorte de ajuste de diafragma, que controla un cartucho de v\u00e1lvula equilibrado. Las aplicaciones t\u00edpicas del Cirval son sistemas de distribuci\u00f3n de gas natural de media y baja presi\u00f3n, as\u00ed como aplicaciones comerciales e industriales. Es adecuado para su uso con gases no corrosivos previamente filtrados. Seg\u00fan la norma europea EN 334, est\u00e1 clasificado como un regulador de falla abierta.<\/p>\n<p>El regulador Cirval est\u00e1 dise\u00f1ado de acuerdo con las normas ANSI B109.4 y CSA 6.18. El regulador reacciona en apertura (fail open) seg\u00fan EN 334. Clase de fuga: herm\u00e9tico a las burbujas, mejor que VIII seg\u00fan ANSI\/FCI 70-3.<\/p>\n<p><strong>Caracter\u00edsticas:<\/strong><\/p>\n<p>\u2022 Presi\u00f3n de dise\u00f1o*: hasta 125 PSIG<br \/>\n\u2022 Temperatura ambiente*: de -20\u00b0F a +150\u00b0F<br \/>\n\u2022 Rango de temperatura del gas de entrada*: de -4 \u00b0F a +140 \u00b0F<br \/>\n\u2022 Rango de presi\u00f3n de entrada bpu (MAOP): de 2 a 75 PSIG<br \/>\n\u2022 Rango de presi\u00f3n aguas abajo Wd: desde 7\u2033 WC hasta 10 PSIG<br \/>\n\u2022 Accesorios disponibles: cierre r\u00e1pido LA, IMD (Dispositivo de monitoreo independiente), IFM (Monitor completo integral), filtro incorporado<br \/>\n\u2022 Presi\u00f3n diferencial m\u00ednima: 1.75 PSIG<br \/>\n\u2022 Clase de precisi\u00f3n AC: hasta calibre 10%<br \/>\n\u2022 Clase de presi\u00f3n de bloqueo SG: man\u00f3metro hasta 20%<br \/>\n\u2022 Dimensiones nominales DN: 1\u00bc\u201d, 1\u00bd\u201d, 2\u2033 NPT, 2\u2033 ANSI 150 RF<br \/>\n\u2022 Tama\u00f1os de orificio: Cirval 200 8\u2033: \u00be\u201d D. Cirval 300 12\u2033: 1\u00bd\u201d<br \/>\n\u2022 Conexiones*: 1\u00bc\u201d, 1\u00bd\u201d y 2\u2033 NPT seg\u00fan ANSI B1.20.1, 2\u2033 S.125FF seg\u00fan ANSI B16.5 disponible solo para Cirval 300<\/p>\n<p>(*) NOTA: Distintas funcionalidades y\/o rangos de temperatura ampliados disponibles bajo pedido. Los rangos de temperatura indicados son los m\u00ednimos para los que se cumple el rendimiento completo del equipo, incluida la precisi\u00f3n. El producto est\u00e1ndar puede tener un rango m\u00e1s estrecho.<\/p>\n<p><strong>Descargas:<\/strong><\/p>\n<p><a href=\"https:\/\/linepressureregulator.com\/wp-content\/uploads\/2022\/11\/PF-Cirval-LPR-11.09.22-FINAL.pdf\">Folleto de especificaciones t\u00e9cnicas de PF Cirval<\/a><br \/>\n<a href=\"https:\/\/linepressureregulator.com\/wp-content\/uploads\/2022\/05\/Cirval-Flyer-USA-RevA-3.30.22-AB-Edited.pdf\">Folleto Cirval PF<\/a><\/p>","protected":false},"excerpt":{"rendered":"<p>PF Cirval Medium to Low Pressure Gas Regulators The Cirval is available in two sizes: the Cirval 200 8\u2033 head and the Cirval 300 12\u2033 head. Pietro Fiorentini\u2019s Cirval design is controlled by a diaphragm setting spring, which controls a balanced valve cartridge. Typical applications for the Cirval are medium and low pressure natural gas [&hellip;]<\/p>\n","protected":false},"featured_media":1070,"comment_status":"open","ping_status":"closed","template":"","meta":[],"product_brand":[],"product_cat":[20],"product_tag":[],"class_list":{"0":"post-1069","1":"product","2":"type-product","3":"status-publish","4":"has-post-thumbnail","6":"product_cat-governor-products","8":"first","9":"instock","10":"shipping-taxable","11":"product-type-simple"},"yoast_head":"<!-- This site is optimized with the Yoast SEO plugin v27.2 - https:\/\/yoast.com\/product\/yoast-seo-wordpress\/ -->\n<title>PF Cirval - Line Pressure Regulators<\/title>\n<meta name=\"description\" content=\"Pietro Fiorentini\u2019s Cirval design is controlled by a diaphragm setting spring, which controls a balanced valve cartridge.\" \/>\n<meta name=\"robots\" content=\"index, follow, max-snippet:-1, max-image-preview:large, max-video-preview:-1\" \/>\n<link rel=\"canonical\" href=\"https:\/\/linepressureregulator.com\/es\/producto\/pf-cirval\/\" \/>\n<meta property=\"og:locale\" content=\"es_MX\" \/>\n<meta property=\"og:type\" content=\"article\" \/>\n<meta property=\"og:title\" content=\"PF Cirval - Line Pressure Regulators\" \/>\n<meta property=\"og:description\" content=\"Pietro Fiorentini\u2019s Cirval design is controlled by a diaphragm setting spring, which controls a balanced valve cartridge.\" \/>\n<meta property=\"og:url\" content=\"https:\/\/linepressureregulator.com\/es\/producto\/pf-cirval\/\" \/>\n<meta property=\"og:site_name\" content=\"Line Pressure Regulators\" \/>\n<meta property=\"article:modified_time\" content=\"2023-09-29T19:22:31+00:00\" \/>\n<meta property=\"og:image\" content=\"https:\/\/linepressureregulator.com\/wp-content\/uploads\/2022\/05\/PF-Cirval.jpg\" \/>\n\t<meta property=\"og:image:width\" content=\"860\" \/>\n\t<meta property=\"og:image:height\" content=\"860\" \/>\n\t<meta property=\"og:image:type\" content=\"image\/jpeg\" \/>\n<meta name=\"twitter:card\" content=\"summary_large_image\" \/>\n<meta name=\"twitter:label1\" content=\"Tiempo de lectura\" \/>\n\t<meta name=\"twitter:data1\" content=\"2 minutos\" \/>\n<script type=\"application\/ld+json\" class=\"yoast-schema-graph\">{\"@context\":\"https:\/\/schema.org\",\"@graph\":[{\"@type\":\"WebPage\",\"@id\":\"https:\/\/linepressureregulator.com\/product\/pf-cirval\/\",\"url\":\"https:\/\/linepressureregulator.com\/product\/pf-cirval\/\",\"name\":\"PF Cirval - Line Pressure Regulators\",\"isPartOf\":{\"@id\":\"https:\/\/linepressureregulator.com\/#website\"},\"primaryImageOfPage\":{\"@id\":\"https:\/\/linepressureregulator.com\/product\/pf-cirval\/#primaryimage\"},\"image\":{\"@id\":\"https:\/\/linepressureregulator.com\/product\/pf-cirval\/#primaryimage\"},\"thumbnailUrl\":\"https:\/\/linepressureregulator.com\/wp-content\/uploads\/2022\/05\/PF-Cirval.jpg\",\"datePublished\":\"2022-05-10T16:17:05+00:00\",\"dateModified\":\"2023-09-29T19:22:31+00:00\",\"description\":\"Pietro Fiorentini\u2019s Cirval design is controlled by a diaphragm setting spring, which controls a balanced valve cartridge.\",\"breadcrumb\":{\"@id\":\"https:\/\/linepressureregulator.com\/product\/pf-cirval\/#breadcrumb\"},\"inLanguage\":\"es\",\"potentialAction\":[{\"@type\":\"ReadAction\",\"target\":[\"https:\/\/linepressureregulator.com\/product\/pf-cirval\/\"]}]},{\"@type\":\"ImageObject\",\"inLanguage\":\"es\",\"@id\":\"https:\/\/linepressureregulator.com\/product\/pf-cirval\/#primaryimage\",\"url\":\"https:\/\/linepressureregulator.com\/wp-content\/uploads\/2022\/05\/PF-Cirval.jpg\",\"contentUrl\":\"https:\/\/linepressureregulator.com\/wp-content\/uploads\/2022\/05\/PF-Cirval.jpg\",\"width\":860,\"height\":860,\"caption\":\"Pietro Fiorentini Cirval\"},{\"@type\":\"BreadcrumbList\",\"@id\":\"https:\/\/linepressureregulator.com\/product\/pf-cirval\/#breadcrumb\",\"itemListElement\":[{\"@type\":\"ListItem\",\"position\":1,\"name\":\"Home\",\"item\":\"https:\/\/linepressureregulator.com\/\"},{\"@type\":\"ListItem\",\"position\":2,\"name\":\"Shop\",\"item\":\"https:\/\/linepressureregulator.com\/shop\/\"},{\"@type\":\"ListItem\",\"position\":3,\"name\":\"PF Cirval\"}]},{\"@type\":\"WebSite\",\"@id\":\"https:\/\/linepressureregulator.com\/#website\",\"url\":\"https:\/\/linepressureregulator.com\/\",\"name\":\"Line Pressure Regulators\",\"description\":\"Line Pressure Regulators\",\"potentialAction\":[{\"@type\":\"SearchAction\",\"target\":{\"@type\":\"EntryPoint\",\"urlTemplate\":\"https:\/\/linepressureregulator.com\/?s={search_term_string}\"},\"query-input\":{\"@type\":\"PropertyValueSpecification\",\"valueRequired\":true,\"valueName\":\"search_term_string\"}}],\"inLanguage\":\"es\"}]}<\/script>\n<!-- \/ Yoast SEO plugin. -->","yoast_head_json":{"title":"PF Cirval - Line Pressure Regulators","description":"Pietro Fiorentini\u2019s Cirval design is controlled by a diaphragm setting spring, which controls a balanced valve cartridge.","robots":{"index":"index","follow":"follow","max-snippet":"max-snippet:-1","max-image-preview":"max-image-preview:large","max-video-preview":"max-video-preview:-1"},"canonical":"https:\/\/linepressureregulator.com\/es\/producto\/pf-cirval\/","og_locale":"es_MX","og_type":"article","og_title":"PF Cirval - Line Pressure Regulators","og_description":"Pietro Fiorentini\u2019s Cirval design is controlled by a diaphragm setting spring, which controls a balanced valve cartridge.","og_url":"https:\/\/linepressureregulator.com\/es\/producto\/pf-cirval\/","og_site_name":"Line Pressure Regulators","article_modified_time":"2023-09-29T19:22:31+00:00","og_image":[{"width":860,"height":860,"url":"https:\/\/linepressureregulator.com\/wp-content\/uploads\/2022\/05\/PF-Cirval.jpg","type":"image\/jpeg"}],"twitter_card":"summary_large_image","twitter_misc":{"Tiempo de lectura":"2 minutos"},"schema":{"@context":"https:\/\/schema.org","@graph":[{"@type":"WebPage","@id":"https:\/\/linepressureregulator.com\/product\/pf-cirval\/","url":"https:\/\/linepressureregulator.com\/product\/pf-cirval\/","name":"PF Cirval - Line Pressure Regulators","isPartOf":{"@id":"https:\/\/linepressureregulator.com\/#website"},"primaryImageOfPage":{"@id":"https:\/\/linepressureregulator.com\/product\/pf-cirval\/#primaryimage"},"image":{"@id":"https:\/\/linepressureregulator.com\/product\/pf-cirval\/#primaryimage"},"thumbnailUrl":"https:\/\/linepressureregulator.com\/wp-content\/uploads\/2022\/05\/PF-Cirval.jpg","datePublished":"2022-05-10T16:17:05+00:00","dateModified":"2023-09-29T19:22:31+00:00","description":"Pietro Fiorentini\u2019s Cirval design is controlled by a diaphragm setting spring, which controls a balanced valve cartridge.","breadcrumb":{"@id":"https:\/\/linepressureregulator.com\/product\/pf-cirval\/#breadcrumb"},"inLanguage":"es","potentialAction":[{"@type":"ReadAction","target":["https:\/\/linepressureregulator.com\/product\/pf-cirval\/"]}]},{"@type":"ImageObject","inLanguage":"es","@id":"https:\/\/linepressureregulator.com\/product\/pf-cirval\/#primaryimage","url":"https:\/\/linepressureregulator.com\/wp-content\/uploads\/2022\/05\/PF-Cirval.jpg","contentUrl":"https:\/\/linepressureregulator.com\/wp-content\/uploads\/2022\/05\/PF-Cirval.jpg","width":860,"height":860,"caption":"Pietro Fiorentini Cirval"},{"@type":"BreadcrumbList","@id":"https:\/\/linepressureregulator.com\/product\/pf-cirval\/#breadcrumb","itemListElement":[{"@type":"ListItem","position":1,"name":"Home","item":"https:\/\/linepressureregulator.com\/"},{"@type":"ListItem","position":2,"name":"Shop","item":"https:\/\/linepressureregulator.com\/shop\/"},{"@type":"ListItem","position":3,"name":"PF Cirval"}]},{"@type":"WebSite","@id":"https:\/\/linepressureregulator.com\/#website","url":"https:\/\/linepressureregulator.com\/","name":"Reguladores de presi\u00f3n de l\u00ednea","description":"Reguladores de presi\u00f3n de l\u00ednea","potentialAction":[{"@type":"SearchAction","target":{"@type":"EntryPoint","urlTemplate":"https:\/\/linepressureregulator.com\/?s={search_term_string}"},"query-input":{"@type":"PropertyValueSpecification","valueRequired":true,"valueName":"search_term_string"}}],"inLanguage":"es"}]}},"_links":{"self":[{"href":"https:\/\/linepressureregulator.com\/es\/wp-json\/wp\/v2\/product\/1069","targetHints":{"allow":["GET"]}}],"collection":[{"href":"https:\/\/linepressureregulator.com\/es\/wp-json\/wp\/v2\/product"}],"about":[{"href":"https:\/\/linepressureregulator.com\/es\/wp-json\/wp\/v2\/types\/product"}],"replies":[{"embeddable":true,"href":"https:\/\/linepressureregulator.com\/es\/wp-json\/wp\/v2\/comments?post=1069"}],"wp:featuredmedia":[{"embeddable":true,"href":"https:\/\/linepressureregulator.com\/es\/wp-json\/wp\/v2\/media\/1070"}],"wp:attachment":[{"href":"https:\/\/linepressureregulator.com\/es\/wp-json\/wp\/v2\/media?parent=1069"}],"wp:term":[{"taxonomy":"product_brand","embeddable":true,"href":"https:\/\/linepressureregulator.com\/es\/wp-json\/wp\/v2\/product_brand?post=1069"},{"taxonomy":"product_cat","embeddable":true,"href":"https:\/\/linepressureregulator.com\/es\/wp-json\/wp\/v2\/product_cat?post=1069"},{"taxonomy":"product_tag","embeddable":true,"href":"https:\/\/linepressureregulator.com\/es\/wp-json\/wp\/v2\/product_tag?post=1069"}],"curies":[{"name":"wp","href":"https:\/\/api.w.org\/{rel}","templated":true}]}}