{"id":1184,"date":"2022-09-29T19:48:20","date_gmt":"2022-09-29T19:48:20","guid":{"rendered":"https:\/\/linepressurere.wpenginepowered.com\/?post_type=product&#038;p=1184"},"modified":"2023-09-29T19:15:19","modified_gmt":"2023-09-29T19:15:19","slug":"pf-ratio-governor-regulator","status":"publish","type":"product","link":"https:\/\/linepressureregulator.com\/es\/producto\/pf-ratio-governor-regulator\/","title":{"rendered":"REGULADOR DE RELACI\u00d3N PF Reguladores"},"content":{"rendered":"<p>Los reguladores de presi\u00f3n de relaci\u00f3n aire\/gas de Pietro Fiorentini est\u00e1n dise\u00f1ados para cumplir con la norma ANSI Z21.8.<\/p>\n<p><strong>Caracter\u00edsticas principales:<\/strong><br \/>\n\u2022 Dise\u00f1o de relaci\u00f3n aire\/gas: 1:1<br \/>\n\u2022 Presi\u00f3n m\u00e1xima de entrada: 14,5 PSIG<br \/>\n\u2022 Presi\u00f3n de salida: 7,25 PSIG<br \/>\n\u2022 Presi\u00f3n de aire: 0.2 \u2013 60.2\u2033 CA<br \/>\n\u2022 \u0394P m\u00ednimo entre Pu y Pd: 8\u2033 WC<br \/>\n\u2022 Rango de temperatura ambiente: 14 \u00b0F \u2013 140 \u00b0F<br \/>\n\u2022 Filtro: S\u00ed (opcional)<br \/>\n\u2022 Conexi\u00f3n de aire: \u00bc\u201d NPT: \u00bd\u201d \u2013 1\u201d y \u00bd\u201d NPT: 1\u00bc \u2013 4\u201d<br \/>\n\u2022 Tama\u00f1os nominales Conexiones: NPT: 1\/2\u201d, 3\/4\u201d, 1\u201d, 1 1\/4\u2033<br \/>\n\u2022 Roscado: 1 1\/2 \u2013 2\u2033<\/p>\n<p><strong>Descargas:<\/strong><br \/>\n<a href=\"https:\/\/linepressureregulator.com\/wp-content\/uploads\/2022\/09\/PF-RATIO-GOVERNOR-Brochure-LPR-07.26.22-FINAL.pdf\">Folleto del producto del REGULADOR DE RELACI\u00d3N PF<\/a><\/p>","protected":false},"excerpt":{"rendered":"<p>Pietro Fiorentini\u2019s Air\/Gas Ratio Pressure Regulators are designed to comply with the ANSI Z21.8 standard. Main Features: \u2022 Air\/Gas Ratio Design: 1:1 \u2022 Max Inlet Pressure: 14.5 PSIG \u2022 Outlet Pressure: 7.25 PSIG \u2022 Air Pressure: 0.2 &#8211; 60.2&#8243; W.C. \u2022 Minimum \u0394P between Pu and Pd: 8&#8243; W.C. \u2022 Ambient Temperature Range:14\u00b0F &#8211; 140\u00b0F [&hellip;]<\/p>\n","protected":false},"featured_media":1357,"comment_status":"open","ping_status":"closed","template":"","meta":[],"product_brand":[],"product_cat":[20],"product_tag":[],"class_list":{"0":"post-1184","1":"product","2":"type-product","3":"status-publish","4":"has-post-thumbnail","6":"product_cat-governor-products","8":"first","9":"instock","10":"shipping-taxable","11":"product-type-simple"},"yoast_head":"<!-- This site is optimized with the Yoast SEO plugin v27.2 - https:\/\/yoast.com\/product\/yoast-seo-wordpress\/ -->\n<title>PF RATIO GOVERNOR Regulators - Line Pressure Regulators<\/title>\n<meta name=\"description\" content=\"Pietro Fiorentini\u2019s Air\/Gas Ratio Pressure Regulators are designed to comply with the ANSI Z21.8 standard.\" \/>\n<meta name=\"robots\" content=\"index, follow, max-snippet:-1, max-image-preview:large, max-video-preview:-1\" \/>\n<link rel=\"canonical\" href=\"https:\/\/linepressureregulator.com\/es\/producto\/pf-ratio-governor-regulator\/\" \/>\n<meta property=\"og:locale\" content=\"es_MX\" \/>\n<meta property=\"og:type\" content=\"article\" \/>\n<meta property=\"og:title\" content=\"PF RATIO GOVERNOR Regulators - Line Pressure Regulators\" \/>\n<meta property=\"og:description\" content=\"Pietro Fiorentini\u2019s Air\/Gas Ratio Pressure Regulators are designed to comply with the ANSI Z21.8 standard.\" \/>\n<meta property=\"og:url\" content=\"https:\/\/linepressureregulator.com\/es\/producto\/pf-ratio-governor-regulator\/\" \/>\n<meta property=\"og:site_name\" content=\"Line Pressure Regulators\" \/>\n<meta property=\"article:modified_time\" content=\"2023-09-29T19:15:19+00:00\" \/>\n<meta property=\"og:image\" content=\"https:\/\/linepressureregulator.com\/wp-content\/uploads\/2023\/01\/PF-Ratio-gas-regulator.jpeg\" \/>\n\t<meta property=\"og:image:width\" content=\"845\" \/>\n\t<meta property=\"og:image:height\" content=\"860\" \/>\n\t<meta property=\"og:image:type\" content=\"image\/jpeg\" \/>\n<meta name=\"twitter:card\" content=\"summary_large_image\" \/>\n<meta name=\"twitter:label1\" content=\"Tiempo de lectura\" \/>\n\t<meta name=\"twitter:data1\" content=\"1 minuto\" \/>\n<script type=\"application\/ld+json\" class=\"yoast-schema-graph\">{\"@context\":\"https:\/\/schema.org\",\"@graph\":[{\"@type\":\"WebPage\",\"@id\":\"https:\/\/linepressureregulator.com\/product\/pf-ratio-governor-regulator\/\",\"url\":\"https:\/\/linepressureregulator.com\/product\/pf-ratio-governor-regulator\/\",\"name\":\"PF RATIO GOVERNOR Regulators - Line Pressure Regulators\",\"isPartOf\":{\"@id\":\"https:\/\/linepressureregulator.com\/#website\"},\"primaryImageOfPage\":{\"@id\":\"https:\/\/linepressureregulator.com\/product\/pf-ratio-governor-regulator\/#primaryimage\"},\"image\":{\"@id\":\"https:\/\/linepressureregulator.com\/product\/pf-ratio-governor-regulator\/#primaryimage\"},\"thumbnailUrl\":\"https:\/\/linepressureregulator.com\/wp-content\/uploads\/2023\/01\/PF-Ratio-gas-regulator.jpeg\",\"datePublished\":\"2022-09-29T19:48:20+00:00\",\"dateModified\":\"2023-09-29T19:15:19+00:00\",\"description\":\"Pietro Fiorentini\u2019s Air\/Gas Ratio Pressure Regulators are designed to comply with the ANSI Z21.8 standard.\",\"breadcrumb\":{\"@id\":\"https:\/\/linepressureregulator.com\/product\/pf-ratio-governor-regulator\/#breadcrumb\"},\"inLanguage\":\"es\",\"potentialAction\":[{\"@type\":\"ReadAction\",\"target\":[\"https:\/\/linepressureregulator.com\/product\/pf-ratio-governor-regulator\/\"]}]},{\"@type\":\"ImageObject\",\"inLanguage\":\"es\",\"@id\":\"https:\/\/linepressureregulator.com\/product\/pf-ratio-governor-regulator\/#primaryimage\",\"url\":\"https:\/\/linepressureregulator.com\/wp-content\/uploads\/2023\/01\/PF-Ratio-gas-regulator.jpeg\",\"contentUrl\":\"https:\/\/linepressureregulator.com\/wp-content\/uploads\/2023\/01\/PF-Ratio-gas-regulator.jpeg\",\"width\":845,\"height\":860,\"caption\":\"Pietro Fiorentini Ratio Governor\"},{\"@type\":\"BreadcrumbList\",\"@id\":\"https:\/\/linepressureregulator.com\/product\/pf-ratio-governor-regulator\/#breadcrumb\",\"itemListElement\":[{\"@type\":\"ListItem\",\"position\":1,\"name\":\"Home\",\"item\":\"https:\/\/linepressureregulator.com\/\"},{\"@type\":\"ListItem\",\"position\":2,\"name\":\"Shop\",\"item\":\"https:\/\/linepressureregulator.com\/shop\/\"},{\"@type\":\"ListItem\",\"position\":3,\"name\":\"PF RATIO GOVERNOR Regulators\"}]},{\"@type\":\"WebSite\",\"@id\":\"https:\/\/linepressureregulator.com\/#website\",\"url\":\"https:\/\/linepressureregulator.com\/\",\"name\":\"Line Pressure Regulators\",\"description\":\"Line Pressure Regulators\",\"potentialAction\":[{\"@type\":\"SearchAction\",\"target\":{\"@type\":\"EntryPoint\",\"urlTemplate\":\"https:\/\/linepressureregulator.com\/?s={search_term_string}\"},\"query-input\":{\"@type\":\"PropertyValueSpecification\",\"valueRequired\":true,\"valueName\":\"search_term_string\"}}],\"inLanguage\":\"es\"}]}<\/script>\n<!-- \/ Yoast SEO plugin. -->","yoast_head_json":{"title":"PF RATIO GOVERNOR Regulators - Line Pressure Regulators","description":"Los reguladores de presi\u00f3n de relaci\u00f3n aire\/gas de Pietro Fiorentini est\u00e1n dise\u00f1ados para cumplir con la norma ANSI Z21.8.","robots":{"index":"index","follow":"follow","max-snippet":"max-snippet:-1","max-image-preview":"max-image-preview:large","max-video-preview":"max-video-preview:-1"},"canonical":"https:\/\/linepressureregulator.com\/es\/producto\/pf-ratio-governor-regulator\/","og_locale":"es_MX","og_type":"article","og_title":"PF RATIO GOVERNOR Regulators - Line Pressure Regulators","og_description":"Pietro Fiorentini\u2019s Air\/Gas Ratio Pressure Regulators are designed to comply with the ANSI Z21.8 standard.","og_url":"https:\/\/linepressureregulator.com\/es\/producto\/pf-ratio-governor-regulator\/","og_site_name":"Line Pressure Regulators","article_modified_time":"2023-09-29T19:15:19+00:00","og_image":[{"width":845,"height":860,"url":"https:\/\/linepressureregulator.com\/wp-content\/uploads\/2023\/01\/PF-Ratio-gas-regulator.jpeg","type":"image\/jpeg"}],"twitter_card":"summary_large_image","twitter_misc":{"Tiempo de lectura":"1 minuto"},"schema":{"@context":"https:\/\/schema.org","@graph":[{"@type":"WebPage","@id":"https:\/\/linepressureregulator.com\/product\/pf-ratio-governor-regulator\/","url":"https:\/\/linepressureregulator.com\/product\/pf-ratio-governor-regulator\/","name":"PF RATIO GOVERNOR Regulators - Line Pressure Regulators","isPartOf":{"@id":"https:\/\/linepressureregulator.com\/#website"},"primaryImageOfPage":{"@id":"https:\/\/linepressureregulator.com\/product\/pf-ratio-governor-regulator\/#primaryimage"},"image":{"@id":"https:\/\/linepressureregulator.com\/product\/pf-ratio-governor-regulator\/#primaryimage"},"thumbnailUrl":"https:\/\/linepressureregulator.com\/wp-content\/uploads\/2023\/01\/PF-Ratio-gas-regulator.jpeg","datePublished":"2022-09-29T19:48:20+00:00","dateModified":"2023-09-29T19:15:19+00:00","description":"Los reguladores de presi\u00f3n de relaci\u00f3n aire\/gas de Pietro Fiorentini est\u00e1n dise\u00f1ados para cumplir con la norma ANSI Z21.8.","breadcrumb":{"@id":"https:\/\/linepressureregulator.com\/product\/pf-ratio-governor-regulator\/#breadcrumb"},"inLanguage":"es","potentialAction":[{"@type":"ReadAction","target":["https:\/\/linepressureregulator.com\/product\/pf-ratio-governor-regulator\/"]}]},{"@type":"ImageObject","inLanguage":"es","@id":"https:\/\/linepressureregulator.com\/product\/pf-ratio-governor-regulator\/#primaryimage","url":"https:\/\/linepressureregulator.com\/wp-content\/uploads\/2023\/01\/PF-Ratio-gas-regulator.jpeg","contentUrl":"https:\/\/linepressureregulator.com\/wp-content\/uploads\/2023\/01\/PF-Ratio-gas-regulator.jpeg","width":845,"height":860,"caption":"Pietro Fiorentini Ratio Governor"},{"@type":"BreadcrumbList","@id":"https:\/\/linepressureregulator.com\/product\/pf-ratio-governor-regulator\/#breadcrumb","itemListElement":[{"@type":"ListItem","position":1,"name":"Home","item":"https:\/\/linepressureregulator.com\/"},{"@type":"ListItem","position":2,"name":"Shop","item":"https:\/\/linepressureregulator.com\/shop\/"},{"@type":"ListItem","position":3,"name":"PF RATIO GOVERNOR Regulators"}]},{"@type":"WebSite","@id":"https:\/\/linepressureregulator.com\/#website","url":"https:\/\/linepressureregulator.com\/","name":"Reguladores de presi\u00f3n de l\u00ednea","description":"Reguladores de presi\u00f3n de l\u00ednea","potentialAction":[{"@type":"SearchAction","target":{"@type":"EntryPoint","urlTemplate":"https:\/\/linepressureregulator.com\/?s={search_term_string}"},"query-input":{"@type":"PropertyValueSpecification","valueRequired":true,"valueName":"search_term_string"}}],"inLanguage":"es"}]}},"_links":{"self":[{"href":"https:\/\/linepressureregulator.com\/es\/wp-json\/wp\/v2\/product\/1184","targetHints":{"allow":["GET"]}}],"collection":[{"href":"https:\/\/linepressureregulator.com\/es\/wp-json\/wp\/v2\/product"}],"about":[{"href":"https:\/\/linepressureregulator.com\/es\/wp-json\/wp\/v2\/types\/product"}],"replies":[{"embeddable":true,"href":"https:\/\/linepressureregulator.com\/es\/wp-json\/wp\/v2\/comments?post=1184"}],"wp:featuredmedia":[{"embeddable":true,"href":"https:\/\/linepressureregulator.com\/es\/wp-json\/wp\/v2\/media\/1357"}],"wp:attachment":[{"href":"https:\/\/linepressureregulator.com\/es\/wp-json\/wp\/v2\/media?parent=1184"}],"wp:term":[{"taxonomy":"product_brand","embeddable":true,"href":"https:\/\/linepressureregulator.com\/es\/wp-json\/wp\/v2\/product_brand?post=1184"},{"taxonomy":"product_cat","embeddable":true,"href":"https:\/\/linepressureregulator.com\/es\/wp-json\/wp\/v2\/product_cat?post=1184"},{"taxonomy":"product_tag","embeddable":true,"href":"https:\/\/linepressureregulator.com\/es\/wp-json\/wp\/v2\/product_tag?post=1184"}],"curies":[{"name":"wp","href":"https:\/\/api.w.org\/{rel}","templated":true}]}}