{"id":903,"date":"2021-12-21T21:57:15","date_gmt":"2021-12-21T21:57:15","guid":{"rendered":"https:\/\/linepressurere.wpenginepowered.com\/?post_type=product&#038;p=903"},"modified":"2023-11-30T02:27:09","modified_gmt":"2023-11-30T02:27:09","slug":"zero-governor-f3z","status":"publish","type":"product","link":"https:\/\/linepressureregulator.com\/es\/producto\/zero-governor-f3z\/","title":{"rendered":"PF CERO REGULADOR F3Z"},"content":{"rendered":"<p>La serie ZERO GOVERNOR F3Z de Pietro Fiorentini est\u00e1 dise\u00f1ada para cumplir con el est\u00e1ndar ANSI Z21.8.<\/p>\n<p>La familia de reguladores F3Z es ideal para todas las instalaciones de quemadores, mezcladores de boquilla, tees de mezcla y premezcladores proporcionales. Su funci\u00f3n es regular la presi\u00f3n y mantener constante la relaci\u00f3n aire\/gas. Los materiales y las partes blandas utilizadas en la construcci\u00f3n de los reguladores ZERO GOVERNOR los hacen aptos para su uso con gas natural, GLP, gas ciudad y todos los dem\u00e1s gases no corrosivos.<\/p>\n<p>Todos los reguladores F3Z est\u00e1n equipados con un dise\u00f1o de dispositivo equilibrado para una alta precisi\u00f3n de la presi\u00f3n de salida, independientemente de cualquier variaci\u00f3n de la presi\u00f3n de entrada. El doble diafragma brinda mayor seguridad en caso de falla del diafragma primario.<\/p>\n<p><strong>Caracter\u00edsticas principales:<\/strong><br \/>\n\u2022 Relaci\u00f3n aire\/gas: 1:1<br \/>\n\u2022 Presi\u00f3n de dise\u00f1o: 14,5 PSIG<br \/>\n\u2022 Presi\u00f3n m\u00e1xima de salida: 7,25 PSIG<br \/>\n\u2022 Presi\u00f3n de salida: 0.2 \u2013 60.2\u2033 WC<br \/>\n\u2022 Control de presi\u00f3n de aire: 0.2 \u2013 60.2\u2033 WC<br \/>\n\u2022 \u0394P m\u00ednimo entre Pu y Pd: 8\u2033 WC<br \/>\n\u2022 Rango de temperatura ambiente: 14 \u00b0F \u2013 140 \u00b0F<br \/>\n\u2022 Filtro: S\u00ed (opcional)<br \/>\n\u2022 Conexi\u00f3n de aire: 1\/4\u2033 NPT<br \/>\n\u2022 Conexiones: 1\/2\u201d, 3\/4\u201d, 1\u201d, 1 1\/4\u2033, 1 1\/2\u2033, 2\u2033 NPT<br \/>\n2 1\/2\u2033, 3\u2033, 4\u2033 ANSI 150RF<\/p>\n<p><strong>Descargas:<\/strong><br \/>\n<a href=\"https:\/\/linepressureregulator.com\/wp-content\/uploads\/2022\/09\/PF-ZERO-GOVERNOR-Brochure-LPR-08.16.22-FINAL-.pdf\">Folleto del producto del gobernador cero PF<\/a><\/p>","protected":false},"excerpt":{"rendered":"<p>Pietro Fiorentini\u2019s ZERO GOVERNOR F3Z series, are designed to comply with the ANSI Z21.8 standard. The F3Z family of regulators are ideal for all burner installations, nozzle mixers, mixing tees, and proportional pre-mixers. Their function is to regulate the pressure and to maintain constant the air\/gas ratio. The materials and soft parts used in the [&hellip;]<\/p>\n","protected":false},"featured_media":1358,"comment_status":"open","ping_status":"closed","template":"","meta":[],"product_brand":[],"product_cat":[20],"product_tag":[],"class_list":{"0":"post-903","1":"product","2":"type-product","3":"status-publish","4":"has-post-thumbnail","6":"product_cat-governor-products","8":"first","9":"instock","10":"shipping-taxable","11":"product-type-simple"},"yoast_head":"<!-- This site is optimized with the Yoast SEO plugin v27.2 - https:\/\/yoast.com\/product\/yoast-seo-wordpress\/ -->\n<title>PF ZERO GOVERNOR F3Z - Line Pressure Regulators<\/title>\n<meta name=\"robots\" content=\"index, follow, max-snippet:-1, max-image-preview:large, max-video-preview:-1\" \/>\n<link rel=\"canonical\" href=\"https:\/\/linepressureregulator.com\/es\/producto\/zero-governor-f3z\/\" \/>\n<meta property=\"og:locale\" content=\"es_MX\" \/>\n<meta property=\"og:type\" content=\"article\" \/>\n<meta property=\"og:title\" content=\"PF ZERO GOVERNOR F3Z - Line Pressure Regulators\" \/>\n<meta property=\"og:description\" content=\"Pietro Fiorentini\u2019s ZERO GOVERNOR F3Z series, are designed to comply with the ANSI Z21.8 standard. The F3Z family of regulators are ideal for all burner installations, nozzle mixers, mixing tees, and proportional pre-mixers. Their function is to regulate the pressure and to maintain constant the air\/gas ratio. The materials and soft parts used in the [&hellip;]\" \/>\n<meta property=\"og:url\" content=\"https:\/\/linepressureregulator.com\/es\/producto\/zero-governor-f3z\/\" \/>\n<meta property=\"og:site_name\" content=\"Line Pressure Regulators\" \/>\n<meta property=\"article:modified_time\" content=\"2023-11-30T02:27:09+00:00\" \/>\n<meta property=\"og:image\" content=\"https:\/\/linepressureregulator.com\/wp-content\/uploads\/2023\/01\/PF-Zero-regulator.jpeg\" \/>\n\t<meta property=\"og:image:width\" content=\"860\" \/>\n\t<meta property=\"og:image:height\" content=\"860\" \/>\n\t<meta property=\"og:image:type\" content=\"image\/jpeg\" \/>\n<meta name=\"twitter:card\" content=\"summary_large_image\" \/>\n<meta name=\"twitter:label1\" content=\"Tiempo de lectura\" \/>\n\t<meta name=\"twitter:data1\" content=\"1 minuto\" \/>\n<script type=\"application\/ld+json\" class=\"yoast-schema-graph\">{\"@context\":\"https:\/\/schema.org\",\"@graph\":[{\"@type\":\"WebPage\",\"@id\":\"https:\/\/linepressureregulator.com\/product\/zero-governor-f3z\/\",\"url\":\"https:\/\/linepressureregulator.com\/product\/zero-governor-f3z\/\",\"name\":\"PF ZERO GOVERNOR F3Z - Line Pressure Regulators\",\"isPartOf\":{\"@id\":\"https:\/\/linepressureregulator.com\/#website\"},\"primaryImageOfPage\":{\"@id\":\"https:\/\/linepressureregulator.com\/product\/zero-governor-f3z\/#primaryimage\"},\"image\":{\"@id\":\"https:\/\/linepressureregulator.com\/product\/zero-governor-f3z\/#primaryimage\"},\"thumbnailUrl\":\"https:\/\/linepressureregulator.com\/wp-content\/uploads\/2023\/01\/PF-Zero-regulator.jpeg\",\"datePublished\":\"2021-12-21T21:57:15+00:00\",\"dateModified\":\"2023-11-30T02:27:09+00:00\",\"breadcrumb\":{\"@id\":\"https:\/\/linepressureregulator.com\/product\/zero-governor-f3z\/#breadcrumb\"},\"inLanguage\":\"es\",\"potentialAction\":[{\"@type\":\"ReadAction\",\"target\":[\"https:\/\/linepressureregulator.com\/product\/zero-governor-f3z\/\"]}]},{\"@type\":\"ImageObject\",\"inLanguage\":\"es\",\"@id\":\"https:\/\/linepressureregulator.com\/product\/zero-governor-f3z\/#primaryimage\",\"url\":\"https:\/\/linepressureregulator.com\/wp-content\/uploads\/2023\/01\/PF-Zero-regulator.jpeg\",\"contentUrl\":\"https:\/\/linepressureregulator.com\/wp-content\/uploads\/2023\/01\/PF-Zero-regulator.jpeg\",\"width\":860,\"height\":860,\"caption\":\"PF ZERO GOVERNOR F3Z\"},{\"@type\":\"BreadcrumbList\",\"@id\":\"https:\/\/linepressureregulator.com\/product\/zero-governor-f3z\/#breadcrumb\",\"itemListElement\":[{\"@type\":\"ListItem\",\"position\":1,\"name\":\"Home\",\"item\":\"https:\/\/linepressureregulator.com\/\"},{\"@type\":\"ListItem\",\"position\":2,\"name\":\"Shop\",\"item\":\"https:\/\/linepressureregulator.com\/shop\/\"},{\"@type\":\"ListItem\",\"position\":3,\"name\":\"PF ZERO GOVERNOR F3Z\"}]},{\"@type\":\"WebSite\",\"@id\":\"https:\/\/linepressureregulator.com\/#website\",\"url\":\"https:\/\/linepressureregulator.com\/\",\"name\":\"Line Pressure Regulators\",\"description\":\"Line Pressure Regulators\",\"potentialAction\":[{\"@type\":\"SearchAction\",\"target\":{\"@type\":\"EntryPoint\",\"urlTemplate\":\"https:\/\/linepressureregulator.com\/?s={search_term_string}\"},\"query-input\":{\"@type\":\"PropertyValueSpecification\",\"valueRequired\":true,\"valueName\":\"search_term_string\"}}],\"inLanguage\":\"es\"}]}<\/script>\n<!-- \/ Yoast SEO plugin. -->","yoast_head_json":{"title":"PF ZERO GOVERNOR F3Z - Line Pressure Regulators","robots":{"index":"index","follow":"follow","max-snippet":"max-snippet:-1","max-image-preview":"max-image-preview:large","max-video-preview":"max-video-preview:-1"},"canonical":"https:\/\/linepressureregulator.com\/es\/producto\/zero-governor-f3z\/","og_locale":"es_MX","og_type":"article","og_title":"PF ZERO GOVERNOR F3Z - Line Pressure Regulators","og_description":"Pietro Fiorentini\u2019s ZERO GOVERNOR F3Z series, are designed to comply with the ANSI Z21.8 standard. The F3Z family of regulators are ideal for all burner installations, nozzle mixers, mixing tees, and proportional pre-mixers. Their function is to regulate the pressure and to maintain constant the air\/gas ratio. The materials and soft parts used in the [&hellip;]","og_url":"https:\/\/linepressureregulator.com\/es\/producto\/zero-governor-f3z\/","og_site_name":"Line Pressure Regulators","article_modified_time":"2023-11-30T02:27:09+00:00","og_image":[{"width":860,"height":860,"url":"https:\/\/linepressureregulator.com\/wp-content\/uploads\/2023\/01\/PF-Zero-regulator.jpeg","type":"image\/jpeg"}],"twitter_card":"summary_large_image","twitter_misc":{"Tiempo de lectura":"1 minuto"},"schema":{"@context":"https:\/\/schema.org","@graph":[{"@type":"WebPage","@id":"https:\/\/linepressureregulator.com\/product\/zero-governor-f3z\/","url":"https:\/\/linepressureregulator.com\/product\/zero-governor-f3z\/","name":"PF ZERO GOVERNOR F3Z - Line Pressure Regulators","isPartOf":{"@id":"https:\/\/linepressureregulator.com\/#website"},"primaryImageOfPage":{"@id":"https:\/\/linepressureregulator.com\/product\/zero-governor-f3z\/#primaryimage"},"image":{"@id":"https:\/\/linepressureregulator.com\/product\/zero-governor-f3z\/#primaryimage"},"thumbnailUrl":"https:\/\/linepressureregulator.com\/wp-content\/uploads\/2023\/01\/PF-Zero-regulator.jpeg","datePublished":"2021-12-21T21:57:15+00:00","dateModified":"2023-11-30T02:27:09+00:00","breadcrumb":{"@id":"https:\/\/linepressureregulator.com\/product\/zero-governor-f3z\/#breadcrumb"},"inLanguage":"es","potentialAction":[{"@type":"ReadAction","target":["https:\/\/linepressureregulator.com\/product\/zero-governor-f3z\/"]}]},{"@type":"ImageObject","inLanguage":"es","@id":"https:\/\/linepressureregulator.com\/product\/zero-governor-f3z\/#primaryimage","url":"https:\/\/linepressureregulator.com\/wp-content\/uploads\/2023\/01\/PF-Zero-regulator.jpeg","contentUrl":"https:\/\/linepressureregulator.com\/wp-content\/uploads\/2023\/01\/PF-Zero-regulator.jpeg","width":860,"height":860,"caption":"PF ZERO GOVERNOR F3Z"},{"@type":"BreadcrumbList","@id":"https:\/\/linepressureregulator.com\/product\/zero-governor-f3z\/#breadcrumb","itemListElement":[{"@type":"ListItem","position":1,"name":"Home","item":"https:\/\/linepressureregulator.com\/"},{"@type":"ListItem","position":2,"name":"Shop","item":"https:\/\/linepressureregulator.com\/shop\/"},{"@type":"ListItem","position":3,"name":"PF ZERO GOVERNOR F3Z"}]},{"@type":"WebSite","@id":"https:\/\/linepressureregulator.com\/#website","url":"https:\/\/linepressureregulator.com\/","name":"Reguladores de presi\u00f3n de l\u00ednea","description":"Reguladores de presi\u00f3n de l\u00ednea","potentialAction":[{"@type":"SearchAction","target":{"@type":"EntryPoint","urlTemplate":"https:\/\/linepressureregulator.com\/?s={search_term_string}"},"query-input":{"@type":"PropertyValueSpecification","valueRequired":true,"valueName":"search_term_string"}}],"inLanguage":"es"}]}},"_links":{"self":[{"href":"https:\/\/linepressureregulator.com\/es\/wp-json\/wp\/v2\/product\/903","targetHints":{"allow":["GET"]}}],"collection":[{"href":"https:\/\/linepressureregulator.com\/es\/wp-json\/wp\/v2\/product"}],"about":[{"href":"https:\/\/linepressureregulator.com\/es\/wp-json\/wp\/v2\/types\/product"}],"replies":[{"embeddable":true,"href":"https:\/\/linepressureregulator.com\/es\/wp-json\/wp\/v2\/comments?post=903"}],"wp:featuredmedia":[{"embeddable":true,"href":"https:\/\/linepressureregulator.com\/es\/wp-json\/wp\/v2\/media\/1358"}],"wp:attachment":[{"href":"https:\/\/linepressureregulator.com\/es\/wp-json\/wp\/v2\/media?parent=903"}],"wp:term":[{"taxonomy":"product_brand","embeddable":true,"href":"https:\/\/linepressureregulator.com\/es\/wp-json\/wp\/v2\/product_brand?post=903"},{"taxonomy":"product_cat","embeddable":true,"href":"https:\/\/linepressureregulator.com\/es\/wp-json\/wp\/v2\/product_cat?post=903"},{"taxonomy":"product_tag","embeddable":true,"href":"https:\/\/linepressureregulator.com\/es\/wp-json\/wp\/v2\/product_tag?post=903"}],"curies":[{"name":"wp","href":"https:\/\/api.w.org\/{rel}","templated":true}]}}