{"id":911,"date":"2021-12-21T22:00:06","date_gmt":"2021-12-21T22:00:06","guid":{"rendered":"https:\/\/linepressurere.wpenginepowered.com\/?post_type=product&#038;p=911"},"modified":"2023-11-27T15:03:22","modified_gmt":"2023-11-27T15:03:22","slug":"governor-pf400-vent-limiter-vertical%e2%80%8b","status":"publish","type":"product","link":"https:\/\/linepressureregulator.com\/es\/producto\/governor-pf400-vent-limiter-vertical%e2%80%8b\/","title":{"rendered":"GOVERNOR PF400 Limitador de Ventilaci\u00f3n Vertical"},"content":{"rendered":"<p><strong>Reguladores de presi\u00f3n de l\u00ednea PF400 con limitador de ventilaci\u00f3n vertical<\/strong><\/p>\n<p>La l\u00ednea de reguladores de gas PF400 de Pietro Fiorentini est\u00e1 dise\u00f1ada para cumplir con las \u00faltimas normas CSA e internacionales para reguladores aptos para instalaciones interiores y exteriores sin modificaciones.<\/p>\n<p>La familia de reguladores PF400 es ideal para una amplia gama de aplicaciones residenciales e industriales de gran tama\u00f1o. Los materiales y las partes blandas utilizadas en la construcci\u00f3n de los reguladores PF400 los hacen aptos para su uso con gas natural, GLP, propano aire y otros gases no corrosivos.<\/p>\n<p>Todos los PF400 pueden lograr una alta precisi\u00f3n de presi\u00f3n de salida independientemente de la variaci\u00f3n de la presi\u00f3n de entrada. El limitador de ventilaci\u00f3n externo reduce los costos de tuber\u00eda y la necesidad de costosas tuber\u00edas de ventilaci\u00f3n para instalaciones en interiores y cumple con las pautas de CSA.*<\/p>\n<p><strong>Seguro, fiable y de alto rendimiento<\/strong><\/p>\n<ul>\n<li>Opci\u00f3n de limitador de ventilaci\u00f3n externa certificado por CSA para instalaciones en interiores*.<\/li>\n<li>Ambas posiciones de instalaci\u00f3n vertical y horizontal.<\/li>\n<li>Bloqueo completo en ausencia de flujo de gas, cierre a prueba de burbujas 100%.<\/li>\n<li>Dise\u00f1ado para ser utilizado en hornos y cargas simples de encendido y apagado.<\/li>\n<\/ul>\n<p>*Seg\u00fan lo aprobado por los c\u00f3digos y est\u00e1ndares locales<br \/>\n**El limitador de ventilaci\u00f3n de lat\u00f3n se debe quitar para la instalaci\u00f3n al aire libre<\/p>\n<p><strong>Descargas:<\/strong><br \/>\n<a href=\"https:\/\/linepressureregulator.com\/wp-content\/uploads\/2022\/08\/PF-GOVERNOR400-Brochure-LPR-08.29.22-FINAL.pdf\">PF GOVERNOR 400 Brochure &#8211; English<\/a><br \/>\n<a href=\"https:\/\/linepressureregulator.com\/wp-content\/uploads\/2023\/11\/PF-GOVERNOR400-Brochure-ECCO-Spanish-LPR-10.30.23-FINAL.pdf\">PF GOVERNOR 400 Brochure &#8211; Spanish<\/a><br \/>\n<a href=\"https:\/\/linepressureregulator.com\/wp-content\/uploads\/2023\/11\/PF-GOVERNOR400-Brochure-ECCO-French-Canadian-LPR-08.29.22-FINAL.pdf\">PF GOVERNOR 400 Brochure &#8211; French Canadian<\/a><\/p>","protected":false},"excerpt":{"rendered":"<p>PF400 Line Pressure Regulators With Vertical Vent Limiter Pietro Fiorentini\u2019s PF400 line of gas regulators are designed to comply with the latest CSA and international standards for regulators suitable for indoor and outdoor installations with no modifications. The PF400 family of regulators are ideal for a wide range of residential through large industrial applications. The [&hellip;]<\/p>\n","protected":false},"featured_media":814,"comment_status":"open","ping_status":"closed","template":"","meta":[],"product_brand":[],"product_cat":[20],"product_tag":[],"class_list":{"0":"post-911","1":"product","2":"type-product","3":"status-publish","4":"has-post-thumbnail","6":"product_cat-governor-products","8":"first","9":"instock","10":"shipping-taxable","11":"product-type-simple"},"yoast_head":"<!-- This site is optimized with the Yoast SEO plugin v27.2 - https:\/\/yoast.com\/product\/yoast-seo-wordpress\/ -->\n<title>GOVERNOR PF400 Vent Limiter Vertical\u200b - Line Pressure Regulators<\/title>\n<meta name=\"robots\" content=\"index, follow, max-snippet:-1, max-image-preview:large, max-video-preview:-1\" \/>\n<link rel=\"canonical\" href=\"https:\/\/linepressureregulator.com\/es\/producto\/governor-pf400-vent-limiter-vertical\u200b\/\" \/>\n<meta property=\"og:locale\" content=\"es_MX\" \/>\n<meta property=\"og:type\" content=\"article\" \/>\n<meta property=\"og:title\" content=\"GOVERNOR PF400 Vent Limiter Vertical\u200b - Line Pressure Regulators\" \/>\n<meta property=\"og:description\" content=\"PF400 Line Pressure Regulators With Vertical Vent Limiter Pietro Fiorentini\u2019s PF400 line of gas regulators are designed to comply with the latest CSA and international standards for regulators suitable for indoor and outdoor installations with no modifications. The PF400 family of regulators are ideal for a wide range of residential through large industrial applications. The [&hellip;]\" \/>\n<meta property=\"og:url\" content=\"https:\/\/linepressureregulator.com\/es\/producto\/governor-pf400-vent-limiter-vertical\u200b\/\" \/>\n<meta property=\"og:site_name\" content=\"Line Pressure Regulators\" \/>\n<meta property=\"article:modified_time\" content=\"2023-11-27T15:03:22+00:00\" \/>\n<meta property=\"og:image\" content=\"https:\/\/linepressureregulator.com\/wp-content\/uploads\/2021\/12\/LPR-06-PF400-Vertical.jpg\" \/>\n\t<meta property=\"og:image:width\" content=\"434\" \/>\n\t<meta property=\"og:image:height\" content=\"459\" \/>\n\t<meta property=\"og:image:type\" content=\"image\/jpeg\" \/>\n<meta name=\"twitter:card\" content=\"summary_large_image\" \/>\n<meta name=\"twitter:label1\" content=\"Tiempo de lectura\" \/>\n\t<meta name=\"twitter:data1\" content=\"1 minuto\" \/>\n<script type=\"application\/ld+json\" class=\"yoast-schema-graph\">{\"@context\":\"https:\/\/schema.org\",\"@graph\":[{\"@type\":\"WebPage\",\"@id\":\"https:\/\/linepressureregulator.com\/product\/governor-pf400-vent-limiter-vertical%e2%80%8b\/\",\"url\":\"https:\/\/linepressureregulator.com\/product\/governor-pf400-vent-limiter-vertical%e2%80%8b\/\",\"name\":\"GOVERNOR PF400 Vent Limiter Vertical\u200b - Line Pressure Regulators\",\"isPartOf\":{\"@id\":\"https:\/\/linepressureregulator.com\/#website\"},\"primaryImageOfPage\":{\"@id\":\"https:\/\/linepressureregulator.com\/product\/governor-pf400-vent-limiter-vertical%e2%80%8b\/#primaryimage\"},\"image\":{\"@id\":\"https:\/\/linepressureregulator.com\/product\/governor-pf400-vent-limiter-vertical%e2%80%8b\/#primaryimage\"},\"thumbnailUrl\":\"https:\/\/linepressureregulator.com\/wp-content\/uploads\/2021\/12\/LPR-06-PF400-Vertical.jpg\",\"datePublished\":\"2021-12-21T22:00:06+00:00\",\"dateModified\":\"2023-11-27T15:03:22+00:00\",\"breadcrumb\":{\"@id\":\"https:\/\/linepressureregulator.com\/product\/governor-pf400-vent-limiter-vertical%e2%80%8b\/#breadcrumb\"},\"inLanguage\":\"es\",\"potentialAction\":[{\"@type\":\"ReadAction\",\"target\":[\"https:\/\/linepressureregulator.com\/product\/governor-pf400-vent-limiter-vertical%e2%80%8b\/\"]}]},{\"@type\":\"ImageObject\",\"inLanguage\":\"es\",\"@id\":\"https:\/\/linepressureregulator.com\/product\/governor-pf400-vent-limiter-vertical%e2%80%8b\/#primaryimage\",\"url\":\"https:\/\/linepressureregulator.com\/wp-content\/uploads\/2021\/12\/LPR-06-PF400-Vertical.jpg\",\"contentUrl\":\"https:\/\/linepressureregulator.com\/wp-content\/uploads\/2021\/12\/LPR-06-PF400-Vertical.jpg\",\"width\":434,\"height\":459,\"caption\":\"Product Image\"},{\"@type\":\"BreadcrumbList\",\"@id\":\"https:\/\/linepressureregulator.com\/product\/governor-pf400-vent-limiter-vertical%e2%80%8b\/#breadcrumb\",\"itemListElement\":[{\"@type\":\"ListItem\",\"position\":1,\"name\":\"Home\",\"item\":\"https:\/\/linepressureregulator.com\/\"},{\"@type\":\"ListItem\",\"position\":2,\"name\":\"Shop\",\"item\":\"https:\/\/linepressureregulator.com\/shop\/\"},{\"@type\":\"ListItem\",\"position\":3,\"name\":\"GOVERNOR PF400 Vent Limiter Vertical\u200b\"}]},{\"@type\":\"WebSite\",\"@id\":\"https:\/\/linepressureregulator.com\/#website\",\"url\":\"https:\/\/linepressureregulator.com\/\",\"name\":\"Line Pressure Regulators\",\"description\":\"Line Pressure Regulators\",\"potentialAction\":[{\"@type\":\"SearchAction\",\"target\":{\"@type\":\"EntryPoint\",\"urlTemplate\":\"https:\/\/linepressureregulator.com\/?s={search_term_string}\"},\"query-input\":{\"@type\":\"PropertyValueSpecification\",\"valueRequired\":true,\"valueName\":\"search_term_string\"}}],\"inLanguage\":\"es\"}]}<\/script>\n<!-- \/ Yoast SEO plugin. -->","yoast_head_json":{"title":"GOVERNOR PF400 Vent Limiter Vertical\u200b - Line Pressure Regulators","robots":{"index":"index","follow":"follow","max-snippet":"max-snippet:-1","max-image-preview":"max-image-preview:large","max-video-preview":"max-video-preview:-1"},"canonical":"https:\/\/linepressureregulator.com\/es\/producto\/governor-pf400-vent-limiter-vertical\u200b\/","og_locale":"es_MX","og_type":"article","og_title":"GOVERNOR PF400 Vent Limiter Vertical\u200b - Line Pressure Regulators","og_description":"PF400 Line Pressure Regulators With Vertical Vent Limiter Pietro Fiorentini\u2019s PF400 line of gas regulators are designed to comply with the latest CSA and international standards for regulators suitable for indoor and outdoor installations with no modifications. The PF400 family of regulators are ideal for a wide range of residential through large industrial applications. The [&hellip;]","og_url":"https:\/\/linepressureregulator.com\/es\/producto\/governor-pf400-vent-limiter-vertical\u200b\/","og_site_name":"Line Pressure Regulators","article_modified_time":"2023-11-27T15:03:22+00:00","og_image":[{"width":434,"height":459,"url":"https:\/\/linepressureregulator.com\/wp-content\/uploads\/2021\/12\/LPR-06-PF400-Vertical.jpg","type":"image\/jpeg"}],"twitter_card":"summary_large_image","twitter_misc":{"Tiempo de lectura":"1 minuto"},"schema":{"@context":"https:\/\/schema.org","@graph":[{"@type":"WebPage","@id":"https:\/\/linepressureregulator.com\/product\/governor-pf400-vent-limiter-vertical%e2%80%8b\/","url":"https:\/\/linepressureregulator.com\/product\/governor-pf400-vent-limiter-vertical%e2%80%8b\/","name":"GOVERNOR PF400 Vent Limiter Vertical\u200b - Line Pressure Regulators","isPartOf":{"@id":"https:\/\/linepressureregulator.com\/#website"},"primaryImageOfPage":{"@id":"https:\/\/linepressureregulator.com\/product\/governor-pf400-vent-limiter-vertical%e2%80%8b\/#primaryimage"},"image":{"@id":"https:\/\/linepressureregulator.com\/product\/governor-pf400-vent-limiter-vertical%e2%80%8b\/#primaryimage"},"thumbnailUrl":"https:\/\/linepressureregulator.com\/wp-content\/uploads\/2021\/12\/LPR-06-PF400-Vertical.jpg","datePublished":"2021-12-21T22:00:06+00:00","dateModified":"2023-11-27T15:03:22+00:00","breadcrumb":{"@id":"https:\/\/linepressureregulator.com\/product\/governor-pf400-vent-limiter-vertical%e2%80%8b\/#breadcrumb"},"inLanguage":"es","potentialAction":[{"@type":"ReadAction","target":["https:\/\/linepressureregulator.com\/product\/governor-pf400-vent-limiter-vertical%e2%80%8b\/"]}]},{"@type":"ImageObject","inLanguage":"es","@id":"https:\/\/linepressureregulator.com\/product\/governor-pf400-vent-limiter-vertical%e2%80%8b\/#primaryimage","url":"https:\/\/linepressureregulator.com\/wp-content\/uploads\/2021\/12\/LPR-06-PF400-Vertical.jpg","contentUrl":"https:\/\/linepressureregulator.com\/wp-content\/uploads\/2021\/12\/LPR-06-PF400-Vertical.jpg","width":434,"height":459,"caption":"Product Image"},{"@type":"BreadcrumbList","@id":"https:\/\/linepressureregulator.com\/product\/governor-pf400-vent-limiter-vertical%e2%80%8b\/#breadcrumb","itemListElement":[{"@type":"ListItem","position":1,"name":"Home","item":"https:\/\/linepressureregulator.com\/"},{"@type":"ListItem","position":2,"name":"Shop","item":"https:\/\/linepressureregulator.com\/shop\/"},{"@type":"ListItem","position":3,"name":"GOVERNOR PF400 Vent Limiter Vertical\u200b"}]},{"@type":"WebSite","@id":"https:\/\/linepressureregulator.com\/#website","url":"https:\/\/linepressureregulator.com\/","name":"Reguladores de presi\u00f3n de l\u00ednea","description":"Reguladores de presi\u00f3n de l\u00ednea","potentialAction":[{"@type":"SearchAction","target":{"@type":"EntryPoint","urlTemplate":"https:\/\/linepressureregulator.com\/?s={search_term_string}"},"query-input":{"@type":"PropertyValueSpecification","valueRequired":true,"valueName":"search_term_string"}}],"inLanguage":"es"}]}},"_links":{"self":[{"href":"https:\/\/linepressureregulator.com\/es\/wp-json\/wp\/v2\/product\/911","targetHints":{"allow":["GET"]}}],"collection":[{"href":"https:\/\/linepressureregulator.com\/es\/wp-json\/wp\/v2\/product"}],"about":[{"href":"https:\/\/linepressureregulator.com\/es\/wp-json\/wp\/v2\/types\/product"}],"replies":[{"embeddable":true,"href":"https:\/\/linepressureregulator.com\/es\/wp-json\/wp\/v2\/comments?post=911"}],"wp:featuredmedia":[{"embeddable":true,"href":"https:\/\/linepressureregulator.com\/es\/wp-json\/wp\/v2\/media\/814"}],"wp:attachment":[{"href":"https:\/\/linepressureregulator.com\/es\/wp-json\/wp\/v2\/media?parent=911"}],"wp:term":[{"taxonomy":"product_brand","embeddable":true,"href":"https:\/\/linepressureregulator.com\/es\/wp-json\/wp\/v2\/product_brand?post=911"},{"taxonomy":"product_cat","embeddable":true,"href":"https:\/\/linepressureregulator.com\/es\/wp-json\/wp\/v2\/product_cat?post=911"},{"taxonomy":"product_tag","embeddable":true,"href":"https:\/\/linepressureregulator.com\/es\/wp-json\/wp\/v2\/product_tag?post=911"}],"curies":[{"name":"wp","href":"https:\/\/api.w.org\/{rel}","templated":true}]}}