{"id":919,"date":"2021-12-21T22:01:02","date_gmt":"2021-12-21T22:01:02","guid":{"rendered":"https:\/\/linepressurere.wpenginepowered.com\/?post_type=product&#038;p=919"},"modified":"2023-11-27T14:58:08","modified_gmt":"2023-11-27T14:58:08","slug":"governor-pf400-dual-cut-model%e2%80%8b","status":"publish","type":"product","link":"https:\/\/linepressureregulator.com\/es\/producto\/governor-pf400-dual-cut-model%e2%80%8b\/","title":{"rendered":"GOVERNOR PF400 Modelo de doble corte"},"content":{"rendered":"<p><strong>Reguladores de presi\u00f3n de l\u00ednea PF400<\/strong><\/p>\n<p>La l\u00ednea de reguladores de gas PF400 de Pietro Fiorentini est\u00e1 dise\u00f1ada para cumplir con las \u00faltimas normas CSA e internacionales para reguladores aptos para instalaciones interiores y exteriores sin modificaciones.<\/p>\n<p>La familia de reguladores PF400 es ideal para una amplia gama de aplicaciones residenciales e industriales de gran tama\u00f1o. Los materiales y las partes blandas utilizadas en la construcci\u00f3n de los reguladores PF400 los hacen aptos para su uso con gas natural, GLP, propano aire y otros gases no corrosivos.<\/p>\n<p>Todos los reguladores PF400 pueden lograr una alta precisi\u00f3n de presi\u00f3n de salida independientemente de la variaci\u00f3n de la presi\u00f3n de entrada. El limitador de ventilaci\u00f3n externo reduce los costos de tuber\u00eda y la necesidad de costosas tuber\u00edas de ventilaci\u00f3n para instalaciones en interiores y cumple con las pautas de CSA.*<\/p>\n<p><strong>Seguro, fiable y de alto rendimiento<\/strong><\/p>\n<ul>\n<li>Opci\u00f3n de limitador de ventilaci\u00f3n externo certificado por CSA para instalaciones en interiores**<\/li>\n<li>Posiciones de instalaci\u00f3n vertical y horizontal<\/li>\n<li>Bloqueo completo en ausencia de flujo de gas, cierre herm\u00e9tico 100%<\/li>\n<li>Dise\u00f1ado para ser utilizado en hornos y cargas simples de encendido y apagado.<\/li>\n<\/ul>\n<p><strong>Tama\u00f1o de la ventilaci\u00f3n<\/strong><\/p>\n<ul>\n<li>NPT de 1\/8\u201d<\/li>\n<\/ul>\n<p><strong>Gama de muelles de salida:<\/strong><\/p>\n<ul>\n<li>Rojo 2.5\u201d W .C. a inodoro de 7\u201d*<\/li>\n<li>Negro 7\u201d WC a 10\u201d WC*<\/li>\n<li>Amarillo 10\u201d WC a 14\u201d WC*<\/li>\n<li>Violeta 1.65 PSIG a 2 PSIG<\/li>\n<\/ul>\n<p><strong>Especificaciones:<\/strong><\/p>\n<ul>\n<li>Adecuado para usar con gas natural, GLP y otros gases limpios no corrosivos<\/li>\n<li>m\u00e1x. Presi\u00f3n de entrada: Clasificaci\u00f3n CSA - 10 PSIG<br \/>\nPietro Fiorentini calific\u00f3 -10 PSIG<\/li>\n<li>Presi\u00f3n de salida: 2.5\u201d WC a 14\u201d WC<\/li>\n<li>Rango de temperatura: -40 \u00b0F a 150 \u00b0F<\/li>\n<li>Conexiones: 3\/8\u201d y 1\/2\u201d<\/li>\n<li>Presi\u00f3n m\u00e1xima de exposici\u00f3n de entrada de emergencia: 65 PSIG<\/li>\n<li>Adecuado para instalaci\u00f3n en interiores o exteriores***<\/li>\n<\/ul>\n<p>Capacidad m\u00e1xima de un solo aparato 140 SCF\/H. El caudal es el mismo, con o sin filtro.<\/p>\n<p>*El muelle est\u00e1 certificado por la CSA para la presi\u00f3n de salida<br \/>\n**Seg\u00fan lo aprobado por los c\u00f3digos y normas locales<br \/>\n*** El limitador de ventilaci\u00f3n de lat\u00f3n debe ser retirado para la instalaci\u00f3n en el exterior<\/p>\n<p><strong>Descargas:<\/strong><br \/>\n<a href=\"https:\/\/linepressureregulator.com\/wp-content\/uploads\/2022\/08\/PF-GOVERNOR400-Brochure-LPR-08.29.22-FINAL.pdf\">PF GOVERNOR 400 Brochure &#8211; English<\/a><br \/>\n<a href=\"https:\/\/linepressureregulator.com\/wp-content\/uploads\/2023\/11\/PF-GOVERNOR400-Brochure-ECCO-Spanish-LPR-10.30.23-FINAL.pdf\">PF GOVERNOR 400 Brochure &#8211; Spanish<\/a><br \/>\n<a href=\"https:\/\/linepressureregulator.com\/wp-content\/uploads\/2023\/11\/PF-GOVERNOR400-Brochure-ECCO-French-Canadian-LPR-08.29.22-FINAL.pdf\">PF GOVERNOR 400 Brochure &#8211; French Canadian<\/a><br \/>\n<a href=\"https:\/\/linepressureregulator.com\/wp-content\/uploads\/2022\/05\/INSTALLATION-PROCEEDURE-FOR-ADDING-EXTERNAL-CONTROL-LINE-TO-DC-GOVERNOR-9-30-2015.pdf\">GOBERNADOR PF OIM<\/a><\/p>","protected":false},"excerpt":{"rendered":"<p>PF400 Line Pressure Regulators Pietro Fiorentini\u2019s PF400 line of gas regulators are designed to comply with the latest CSA and international standards for regulators suitable for indoor and outdoor installations with no modifications. The PF400 family of regulators are ideal for a wide range of residential through large industrial applications. The materials and soft parts [&hellip;]<\/p>\n","protected":false},"featured_media":816,"comment_status":"open","ping_status":"closed","template":"","meta":[],"product_brand":[],"product_cat":[20],"product_tag":[],"class_list":{"0":"post-919","1":"product","2":"type-product","3":"status-publish","4":"has-post-thumbnail","6":"product_cat-governor-products","8":"first","9":"instock","10":"shipping-taxable","11":"product-type-simple"},"yoast_head":"<!-- This site is optimized with the Yoast SEO plugin v27.2 - https:\/\/yoast.com\/product\/yoast-seo-wordpress\/ -->\n<title>GOVERNOR PF400 Dual Cut Model\u200b - Line Pressure Regulators<\/title>\n<meta name=\"description\" content=\"The PF400 family of regulators are ideal for a wide range of residential through large industrial applications.\" \/>\n<meta name=\"robots\" content=\"index, follow, max-snippet:-1, max-image-preview:large, max-video-preview:-1\" \/>\n<link rel=\"canonical\" href=\"https:\/\/linepressureregulator.com\/es\/producto\/governor-pf400-dual-cut-model\u200b\/\" \/>\n<meta property=\"og:locale\" content=\"es_MX\" \/>\n<meta property=\"og:type\" content=\"article\" \/>\n<meta property=\"og:title\" content=\"GOVERNOR PF400 Dual Cut Model\u200b - Line Pressure Regulators\" \/>\n<meta property=\"og:description\" content=\"The PF400 family of regulators are ideal for a wide range of residential through large industrial applications.\" \/>\n<meta property=\"og:url\" content=\"https:\/\/linepressureregulator.com\/es\/producto\/governor-pf400-dual-cut-model\u200b\/\" \/>\n<meta property=\"og:site_name\" content=\"Line Pressure Regulators\" \/>\n<meta property=\"article:modified_time\" content=\"2023-11-27T14:58:08+00:00\" \/>\n<meta property=\"og:image\" content=\"https:\/\/linepressureregulator.com\/wp-content\/uploads\/2021\/12\/LPR-08-PF400-DC.jpg\" \/>\n\t<meta property=\"og:image:width\" content=\"434\" \/>\n\t<meta property=\"og:image:height\" content=\"459\" \/>\n\t<meta property=\"og:image:type\" content=\"image\/jpeg\" \/>\n<meta name=\"twitter:card\" content=\"summary_large_image\" \/>\n<meta name=\"twitter:label1\" content=\"Tiempo de lectura\" \/>\n\t<meta name=\"twitter:data1\" content=\"2 minutos\" \/>\n<script type=\"application\/ld+json\" class=\"yoast-schema-graph\">{\"@context\":\"https:\/\/schema.org\",\"@graph\":[{\"@type\":\"WebPage\",\"@id\":\"https:\/\/linepressureregulator.com\/product\/governor-pf400-dual-cut-model%e2%80%8b\/\",\"url\":\"https:\/\/linepressureregulator.com\/product\/governor-pf400-dual-cut-model%e2%80%8b\/\",\"name\":\"GOVERNOR PF400 Dual Cut Model\u200b - Line Pressure Regulators\",\"isPartOf\":{\"@id\":\"https:\/\/linepressureregulator.com\/#website\"},\"primaryImageOfPage\":{\"@id\":\"https:\/\/linepressureregulator.com\/product\/governor-pf400-dual-cut-model%e2%80%8b\/#primaryimage\"},\"image\":{\"@id\":\"https:\/\/linepressureregulator.com\/product\/governor-pf400-dual-cut-model%e2%80%8b\/#primaryimage\"},\"thumbnailUrl\":\"https:\/\/linepressureregulator.com\/wp-content\/uploads\/2021\/12\/LPR-08-PF400-DC.jpg\",\"datePublished\":\"2021-12-21T22:01:02+00:00\",\"dateModified\":\"2023-11-27T14:58:08+00:00\",\"description\":\"The PF400 family of regulators are ideal for a wide range of residential through large industrial applications.\",\"breadcrumb\":{\"@id\":\"https:\/\/linepressureregulator.com\/product\/governor-pf400-dual-cut-model%e2%80%8b\/#breadcrumb\"},\"inLanguage\":\"es\",\"potentialAction\":[{\"@type\":\"ReadAction\",\"target\":[\"https:\/\/linepressureregulator.com\/product\/governor-pf400-dual-cut-model%e2%80%8b\/\"]}]},{\"@type\":\"ImageObject\",\"inLanguage\":\"es\",\"@id\":\"https:\/\/linepressureregulator.com\/product\/governor-pf400-dual-cut-model%e2%80%8b\/#primaryimage\",\"url\":\"https:\/\/linepressureregulator.com\/wp-content\/uploads\/2021\/12\/LPR-08-PF400-DC.jpg\",\"contentUrl\":\"https:\/\/linepressureregulator.com\/wp-content\/uploads\/2021\/12\/LPR-08-PF400-DC.jpg\",\"width\":434,\"height\":459,\"caption\":\"Pietro Fiorentini Dual Cut 400\"},{\"@type\":\"BreadcrumbList\",\"@id\":\"https:\/\/linepressureregulator.com\/product\/governor-pf400-dual-cut-model%e2%80%8b\/#breadcrumb\",\"itemListElement\":[{\"@type\":\"ListItem\",\"position\":1,\"name\":\"Home\",\"item\":\"https:\/\/linepressureregulator.com\/\"},{\"@type\":\"ListItem\",\"position\":2,\"name\":\"Shop\",\"item\":\"https:\/\/linepressureregulator.com\/shop\/\"},{\"@type\":\"ListItem\",\"position\":3,\"name\":\"GOVERNOR PF400 Dual Cut Model\u200b\"}]},{\"@type\":\"WebSite\",\"@id\":\"https:\/\/linepressureregulator.com\/#website\",\"url\":\"https:\/\/linepressureregulator.com\/\",\"name\":\"Line Pressure Regulators\",\"description\":\"Line Pressure Regulators\",\"potentialAction\":[{\"@type\":\"SearchAction\",\"target\":{\"@type\":\"EntryPoint\",\"urlTemplate\":\"https:\/\/linepressureregulator.com\/?s={search_term_string}\"},\"query-input\":{\"@type\":\"PropertyValueSpecification\",\"valueRequired\":true,\"valueName\":\"search_term_string\"}}],\"inLanguage\":\"es\"}]}<\/script>\n<!-- \/ Yoast SEO plugin. -->","yoast_head_json":{"title":"GOVERNOR PF400 Dual Cut Model\u200b - Line Pressure Regulators","description":"The PF400 family of regulators are ideal for a wide range of residential through large industrial applications.","robots":{"index":"index","follow":"follow","max-snippet":"max-snippet:-1","max-image-preview":"max-image-preview:large","max-video-preview":"max-video-preview:-1"},"canonical":"https:\/\/linepressureregulator.com\/es\/producto\/governor-pf400-dual-cut-model\u200b\/","og_locale":"es_MX","og_type":"article","og_title":"GOVERNOR PF400 Dual Cut Model\u200b - Line Pressure Regulators","og_description":"The PF400 family of regulators are ideal for a wide range of residential through large industrial applications.","og_url":"https:\/\/linepressureregulator.com\/es\/producto\/governor-pf400-dual-cut-model\u200b\/","og_site_name":"Line Pressure Regulators","article_modified_time":"2023-11-27T14:58:08+00:00","og_image":[{"width":434,"height":459,"url":"https:\/\/linepressureregulator.com\/wp-content\/uploads\/2021\/12\/LPR-08-PF400-DC.jpg","type":"image\/jpeg"}],"twitter_card":"summary_large_image","twitter_misc":{"Tiempo de lectura":"2 minutos"},"schema":{"@context":"https:\/\/schema.org","@graph":[{"@type":"WebPage","@id":"https:\/\/linepressureregulator.com\/product\/governor-pf400-dual-cut-model%e2%80%8b\/","url":"https:\/\/linepressureregulator.com\/product\/governor-pf400-dual-cut-model%e2%80%8b\/","name":"GOVERNOR PF400 Dual Cut Model\u200b - Line Pressure Regulators","isPartOf":{"@id":"https:\/\/linepressureregulator.com\/#website"},"primaryImageOfPage":{"@id":"https:\/\/linepressureregulator.com\/product\/governor-pf400-dual-cut-model%e2%80%8b\/#primaryimage"},"image":{"@id":"https:\/\/linepressureregulator.com\/product\/governor-pf400-dual-cut-model%e2%80%8b\/#primaryimage"},"thumbnailUrl":"https:\/\/linepressureregulator.com\/wp-content\/uploads\/2021\/12\/LPR-08-PF400-DC.jpg","datePublished":"2021-12-21T22:01:02+00:00","dateModified":"2023-11-27T14:58:08+00:00","description":"The PF400 family of regulators are ideal for a wide range of residential through large industrial applications.","breadcrumb":{"@id":"https:\/\/linepressureregulator.com\/product\/governor-pf400-dual-cut-model%e2%80%8b\/#breadcrumb"},"inLanguage":"es","potentialAction":[{"@type":"ReadAction","target":["https:\/\/linepressureregulator.com\/product\/governor-pf400-dual-cut-model%e2%80%8b\/"]}]},{"@type":"ImageObject","inLanguage":"es","@id":"https:\/\/linepressureregulator.com\/product\/governor-pf400-dual-cut-model%e2%80%8b\/#primaryimage","url":"https:\/\/linepressureregulator.com\/wp-content\/uploads\/2021\/12\/LPR-08-PF400-DC.jpg","contentUrl":"https:\/\/linepressureregulator.com\/wp-content\/uploads\/2021\/12\/LPR-08-PF400-DC.jpg","width":434,"height":459,"caption":"Pietro Fiorentini Dual Cut 400"},{"@type":"BreadcrumbList","@id":"https:\/\/linepressureregulator.com\/product\/governor-pf400-dual-cut-model%e2%80%8b\/#breadcrumb","itemListElement":[{"@type":"ListItem","position":1,"name":"Home","item":"https:\/\/linepressureregulator.com\/"},{"@type":"ListItem","position":2,"name":"Shop","item":"https:\/\/linepressureregulator.com\/shop\/"},{"@type":"ListItem","position":3,"name":"GOVERNOR PF400 Dual Cut Model\u200b"}]},{"@type":"WebSite","@id":"https:\/\/linepressureregulator.com\/#website","url":"https:\/\/linepressureregulator.com\/","name":"Reguladores de presi\u00f3n de l\u00ednea","description":"Reguladores de presi\u00f3n de l\u00ednea","potentialAction":[{"@type":"SearchAction","target":{"@type":"EntryPoint","urlTemplate":"https:\/\/linepressureregulator.com\/?s={search_term_string}"},"query-input":{"@type":"PropertyValueSpecification","valueRequired":true,"valueName":"search_term_string"}}],"inLanguage":"es"}]}},"_links":{"self":[{"href":"https:\/\/linepressureregulator.com\/es\/wp-json\/wp\/v2\/product\/919","targetHints":{"allow":["GET"]}}],"collection":[{"href":"https:\/\/linepressureregulator.com\/es\/wp-json\/wp\/v2\/product"}],"about":[{"href":"https:\/\/linepressureregulator.com\/es\/wp-json\/wp\/v2\/types\/product"}],"replies":[{"embeddable":true,"href":"https:\/\/linepressureregulator.com\/es\/wp-json\/wp\/v2\/comments?post=919"}],"wp:featuredmedia":[{"embeddable":true,"href":"https:\/\/linepressureregulator.com\/es\/wp-json\/wp\/v2\/media\/816"}],"wp:attachment":[{"href":"https:\/\/linepressureregulator.com\/es\/wp-json\/wp\/v2\/media?parent=919"}],"wp:term":[{"taxonomy":"product_brand","embeddable":true,"href":"https:\/\/linepressureregulator.com\/es\/wp-json\/wp\/v2\/product_brand?post=919"},{"taxonomy":"product_cat","embeddable":true,"href":"https:\/\/linepressureregulator.com\/es\/wp-json\/wp\/v2\/product_cat?post=919"},{"taxonomy":"product_tag","embeddable":true,"href":"https:\/\/linepressureregulator.com\/es\/wp-json\/wp\/v2\/product_tag?post=919"}],"curies":[{"name":"wp","href":"https:\/\/api.w.org\/{rel}","templated":true}]}}