{"id":923,"date":"2021-12-21T22:01:38","date_gmt":"2021-12-21T22:01:38","guid":{"rendered":"https:\/\/linepressurere.wpenginepowered.com\/?post_type=product&#038;p=923"},"modified":"2023-11-30T02:29:56","modified_gmt":"2023-11-30T02:29:56","slug":"goval%e2%80%8b","status":"publish","type":"product","link":"https:\/\/linepressureregulator.com\/es\/producto\/goval%e2%80%8b\/","title":{"rendered":"Regulador de presi\u00f3n de l\u00ednea PF Goval\u200b"},"content":{"rendered":"<p>La l\u00ednea de reguladores de gas GOVAL de Pietro Fiorentini est\u00e1 dise\u00f1ada para cumplir con los \u00faltimos est\u00e1ndares CSA e internacionales para reguladores aptos para instalaciones interiores y exteriores sin modificaciones. La familia de reguladores GOVAL es ideal para una amplia gama de aplicaciones residenciales e industriales de gran tama\u00f1o. Los materiales y partes blandas utilizados en la construcci\u00f3n de los reguladores GOVAL los hacen aptos para su uso con gas natural, GLP, Propano aire y otros gases no corrosivos.<\/p>\n<p>Todos los reguladores GOVAL est\u00e1n equipados con un dise\u00f1o de v\u00e1lvula equilibrada para mejorar la precisi\u00f3n de la alta presi\u00f3n de salida, independientemente de la variaci\u00f3n de la presi\u00f3n de entrada. El diafragma doble con limitador de ventilaci\u00f3n integral brinda mayor seguridad. El limitador de ventilaci\u00f3n externo reduce los costos de tuber\u00eda y la necesidad de costosas tuber\u00edas de ventilaci\u00f3n para instalaciones interiores y cumple con las pautas de CSA.* La cantidad de opciones de alta capacidad y regulador a veces elimina la necesidad de unidades separadas y reduce significativamente los costos de instalaci\u00f3n.<\/p>\n<ul>\n<li>Limitador de ventilaci\u00f3n interior: no extra\u00edble, para instalaciones interiores y exteriores<\/li>\n<li>Opci\u00f3n de limitador de ventilaci\u00f3n externa para instalaciones interiores.***<\/li>\n<li>Doble diafragma para mayor seguridad y mayor confiabilidad de servicio.<\/li>\n<li>El dise\u00f1o de v\u00e1lvula balanceada le brinda mayor capacidad, alta reducci\u00f3n de 500 a 1 y regulaci\u00f3n estable de flujo bajo a alto.<\/li>\n<li>Bloqueo completo en ausencia de flujo de gas, cierre a prueba de burbujas 100%.<\/li>\n<li>Filtro incluido en modelo de alta capacidad.<\/li>\n<\/ul>\n<p>*El muelle est\u00e1 certificado por la CSA para la presi\u00f3n de salida<br \/>\n**Seg\u00fan lo aprobado por los c\u00f3digos y est\u00e1ndares locales<br \/>\n***El limitador de ventilaci\u00f3n de lat\u00f3n se debe quitar para la instalaci\u00f3n al aire libre<\/p>\n<p><strong>Seguro, Confiable y de Alto Rendimiento.<\/strong><\/p>\n<p><strong>Caracter\u00edsticas principales:<\/strong><\/p>\n<ul>\n<li>CSA 6.22A-2005 ANSI Z21.80A 2019 Clase I para presiones de salida de hasta 2 PSIG<\/li>\n<li>Limitador de ventilaci\u00f3n integral<\/li>\n<li>Limitador de venteo externo - no se requiere l\u00ednea de venteo**<\/li>\n<li>Bloqueo herm\u00e9tico de burbujas 100% positivo<\/li>\n<li>Puertos de prueba de entrada y salida<\/li>\n<li>Reducci\u00f3n de 500:1<\/li>\n<\/ul>\n<p><strong>Tama\u00f1o de la ventilaci\u00f3n<\/strong><\/p>\n<ul>\n<li>1\/4\u201d NPT 1\/2\u201d \u2013 1\u201d<\/li>\n<li>1\/2\u201d NPT 1 1\/4\u201d \u2013 4\u201d<\/li>\n<\/ul>\n<p><strong>Gama de muelles de salida:<\/strong><\/p>\n<ul>\n<li>Verde 2\" W .C. a 5.1\" W.C.*<\/li>\n<li>Rojo 2.75\" W .C. a 7.87\" W.C.*<\/li>\n<li>Negro 6\" W.C. a 14\" W.C.*<\/li>\n<li>Amarillo 9.8\" W.C. a 27.5\" W.C.<\/li>\n<li>Violeta 23.6\u201d WC a 59\u201d WC o 0.85 a 2.13 PSIG<\/li>\n<li>Naranja 55\u201d WC a 118\u201d WC o 2 a 4.26 PSIG<\/li>\n<\/ul>\n<p><em>*El muelle est\u00e1 certificado por la CSA para la presi\u00f3n de salida<\/em><\/p>\n<p><strong>Especificaciones:<\/strong><\/p>\n<ul>\n<li>Adecuado para su uso con Gas Natural, GLP y cualquier gas limpio no corrosivo<\/li>\n<li>Presi\u00f3n de entrada: 3\u201d WC a 2 PSIG Aprobado por CSA; m\u00e1x. Entrada: 15 PSIG para aplicaciones no CSA<\/li>\n<li>Presi\u00f3n de salida: 2\u201d WC a 14\u201d WC para CSA; Presi\u00f3n de salida: 2\u2033 WC a 4.25 PSIG para no CSA<\/li>\n<li>Rango de temperatura: -40 \u00b0F a 150 \u00b0F<\/li>\n<li>Conexiones: \u00bd\u201d-2\u2033 NPT y 2 1\/2\u2033 \u2013 4\u201d ANSI 150 bridadas<\/li>\n<li>Presi\u00f3n m\u00e1xima de exposici\u00f3n de entrada de emergencia: 80 PSIG<\/li>\n<li>Adecuado para instalaci\u00f3n en interiores o exteriores***<\/li>\n<\/ul>\n<p>*El muelle est\u00e1 certificado por la CSA para la presi\u00f3n de salida<br \/>\n**Seg\u00fan lo aprobado por los c\u00f3digos y est\u00e1ndares locales<br \/>\n***El limitador de ventilaci\u00f3n de lat\u00f3n se debe quitar para la instalaci\u00f3n al aire libre<\/p>\n<p><strong>Descargas:<\/strong><\/p>\n<p><a href=\"https:\/\/linepressureregulator.com\/wp-content\/uploads\/2022\/11\/GOVAL-11.08.22-LPR.pdf\">Folleto del regulador de presi\u00f3n de l\u00ednea PF GOVAL<\/a><br \/>\n<a href=\"http:\/\/www.fiorentiniminireg.it\/fiogovernorsUS\/\">Programa de dimensionamiento Pietro Fiorentini GOVERNOR<\/a><\/p>","protected":false},"excerpt":{"rendered":"<p>Pietro Fiorentini\u2019s GOVAL line of gas regulators are designed to comply with the latest CSA and international standards for regulators suitable for indoor and outdoor installations with no modifications. The GOVAL family of regulators are ideal for a wide range of residential through large industrial applications. The materials and soft parts used in the construction [&hellip;]<\/p>\n","protected":false},"featured_media":1303,"comment_status":"open","ping_status":"closed","template":"","meta":[],"product_brand":[],"product_cat":[20],"product_tag":[],"class_list":{"0":"post-923","1":"product","2":"type-product","3":"status-publish","4":"has-post-thumbnail","6":"product_cat-governor-products","8":"first","9":"instock","10":"shipping-taxable","11":"product-type-simple"},"yoast_head":"<!-- This site is optimized with the Yoast SEO plugin v27.2 - https:\/\/yoast.com\/product\/yoast-seo-wordpress\/ -->\n<title>PF Goval\u200b Line Pressure Regulator - Line Pressure Regulators<\/title>\n<meta name=\"robots\" content=\"index, follow, max-snippet:-1, max-image-preview:large, max-video-preview:-1\" \/>\n<link rel=\"canonical\" href=\"https:\/\/linepressureregulator.com\/es\/producto\/goval\u200b\/\" \/>\n<meta property=\"og:locale\" content=\"es_MX\" \/>\n<meta property=\"og:type\" content=\"article\" \/>\n<meta property=\"og:title\" content=\"PF Goval\u200b Line Pressure Regulator - Line Pressure Regulators\" \/>\n<meta property=\"og:description\" content=\"Pietro Fiorentini\u2019s GOVAL line of gas regulators are designed to comply with the latest CSA and international standards for regulators suitable for indoor and outdoor installations with no modifications. The GOVAL family of regulators are ideal for a wide range of residential through large industrial applications. The materials and soft parts used in the construction [&hellip;]\" \/>\n<meta property=\"og:url\" content=\"https:\/\/linepressureregulator.com\/es\/producto\/goval\u200b\/\" \/>\n<meta property=\"og:site_name\" content=\"Line Pressure Regulators\" \/>\n<meta property=\"article:modified_time\" content=\"2023-11-30T02:29:56+00:00\" \/>\n<meta property=\"og:image\" content=\"https:\/\/linepressureregulator.com\/wp-content\/uploads\/2022\/12\/ECCO-Goval.jpg\" \/>\n\t<meta property=\"og:image:width\" content=\"860\" \/>\n\t<meta property=\"og:image:height\" content=\"860\" \/>\n\t<meta property=\"og:image:type\" content=\"image\/jpeg\" \/>\n<meta name=\"twitter:card\" content=\"summary_large_image\" \/>\n<meta name=\"twitter:label1\" content=\"Tiempo de lectura\" \/>\n\t<meta name=\"twitter:data1\" content=\"2 minutos\" \/>\n<script type=\"application\/ld+json\" class=\"yoast-schema-graph\">{\"@context\":\"https:\/\/schema.org\",\"@graph\":[{\"@type\":\"WebPage\",\"@id\":\"https:\/\/linepressureregulator.com\/product\/goval%e2%80%8b\/\",\"url\":\"https:\/\/linepressureregulator.com\/product\/goval%e2%80%8b\/\",\"name\":\"PF Goval\u200b Line Pressure Regulator - Line Pressure Regulators\",\"isPartOf\":{\"@id\":\"https:\/\/linepressureregulator.com\/#website\"},\"primaryImageOfPage\":{\"@id\":\"https:\/\/linepressureregulator.com\/product\/goval%e2%80%8b\/#primaryimage\"},\"image\":{\"@id\":\"https:\/\/linepressureregulator.com\/product\/goval%e2%80%8b\/#primaryimage\"},\"thumbnailUrl\":\"https:\/\/linepressureregulator.com\/wp-content\/uploads\/2022\/12\/ECCO-Goval.jpg\",\"datePublished\":\"2021-12-21T22:01:38+00:00\",\"dateModified\":\"2023-11-30T02:29:56+00:00\",\"breadcrumb\":{\"@id\":\"https:\/\/linepressureregulator.com\/product\/goval%e2%80%8b\/#breadcrumb\"},\"inLanguage\":\"es\",\"potentialAction\":[{\"@type\":\"ReadAction\",\"target\":[\"https:\/\/linepressureregulator.com\/product\/goval%e2%80%8b\/\"]}]},{\"@type\":\"ImageObject\",\"inLanguage\":\"es\",\"@id\":\"https:\/\/linepressureregulator.com\/product\/goval%e2%80%8b\/#primaryimage\",\"url\":\"https:\/\/linepressureregulator.com\/wp-content\/uploads\/2022\/12\/ECCO-Goval.jpg\",\"contentUrl\":\"https:\/\/linepressureregulator.com\/wp-content\/uploads\/2022\/12\/ECCO-Goval.jpg\",\"width\":860,\"height\":860,\"caption\":\"PF Goval\u200b Line Pressure Regulator\"},{\"@type\":\"BreadcrumbList\",\"@id\":\"https:\/\/linepressureregulator.com\/product\/goval%e2%80%8b\/#breadcrumb\",\"itemListElement\":[{\"@type\":\"ListItem\",\"position\":1,\"name\":\"Home\",\"item\":\"https:\/\/linepressureregulator.com\/\"},{\"@type\":\"ListItem\",\"position\":2,\"name\":\"Shop\",\"item\":\"https:\/\/linepressureregulator.com\/shop\/\"},{\"@type\":\"ListItem\",\"position\":3,\"name\":\"PF Goval\u200b Line Pressure Regulator\"}]},{\"@type\":\"WebSite\",\"@id\":\"https:\/\/linepressureregulator.com\/#website\",\"url\":\"https:\/\/linepressureregulator.com\/\",\"name\":\"Line Pressure Regulators\",\"description\":\"Line Pressure Regulators\",\"potentialAction\":[{\"@type\":\"SearchAction\",\"target\":{\"@type\":\"EntryPoint\",\"urlTemplate\":\"https:\/\/linepressureregulator.com\/?s={search_term_string}\"},\"query-input\":{\"@type\":\"PropertyValueSpecification\",\"valueRequired\":true,\"valueName\":\"search_term_string\"}}],\"inLanguage\":\"es\"}]}<\/script>\n<!-- \/ Yoast SEO plugin. -->","yoast_head_json":{"title":"PF Goval\u200b Line Pressure Regulator - Line Pressure Regulators","robots":{"index":"index","follow":"follow","max-snippet":"max-snippet:-1","max-image-preview":"max-image-preview:large","max-video-preview":"max-video-preview:-1"},"canonical":"https:\/\/linepressureregulator.com\/es\/producto\/goval\u200b\/","og_locale":"es_MX","og_type":"article","og_title":"PF Goval\u200b Line Pressure Regulator - Line Pressure Regulators","og_description":"Pietro Fiorentini\u2019s GOVAL line of gas regulators are designed to comply with the latest CSA and international standards for regulators suitable for indoor and outdoor installations with no modifications. The GOVAL family of regulators are ideal for a wide range of residential through large industrial applications. The materials and soft parts used in the construction [&hellip;]","og_url":"https:\/\/linepressureregulator.com\/es\/producto\/goval\u200b\/","og_site_name":"Line Pressure Regulators","article_modified_time":"2023-11-30T02:29:56+00:00","og_image":[{"width":860,"height":860,"url":"https:\/\/linepressureregulator.com\/wp-content\/uploads\/2022\/12\/ECCO-Goval.jpg","type":"image\/jpeg"}],"twitter_card":"summary_large_image","twitter_misc":{"Tiempo de lectura":"2 minutos"},"schema":{"@context":"https:\/\/schema.org","@graph":[{"@type":"WebPage","@id":"https:\/\/linepressureregulator.com\/product\/goval%e2%80%8b\/","url":"https:\/\/linepressureregulator.com\/product\/goval%e2%80%8b\/","name":"PF Goval\u200b Line Pressure Regulator - Line Pressure Regulators","isPartOf":{"@id":"https:\/\/linepressureregulator.com\/#website"},"primaryImageOfPage":{"@id":"https:\/\/linepressureregulator.com\/product\/goval%e2%80%8b\/#primaryimage"},"image":{"@id":"https:\/\/linepressureregulator.com\/product\/goval%e2%80%8b\/#primaryimage"},"thumbnailUrl":"https:\/\/linepressureregulator.com\/wp-content\/uploads\/2022\/12\/ECCO-Goval.jpg","datePublished":"2021-12-21T22:01:38+00:00","dateModified":"2023-11-30T02:29:56+00:00","breadcrumb":{"@id":"https:\/\/linepressureregulator.com\/product\/goval%e2%80%8b\/#breadcrumb"},"inLanguage":"es","potentialAction":[{"@type":"ReadAction","target":["https:\/\/linepressureregulator.com\/product\/goval%e2%80%8b\/"]}]},{"@type":"ImageObject","inLanguage":"es","@id":"https:\/\/linepressureregulator.com\/product\/goval%e2%80%8b\/#primaryimage","url":"https:\/\/linepressureregulator.com\/wp-content\/uploads\/2022\/12\/ECCO-Goval.jpg","contentUrl":"https:\/\/linepressureregulator.com\/wp-content\/uploads\/2022\/12\/ECCO-Goval.jpg","width":860,"height":860,"caption":"PF Goval\u200b Line Pressure Regulator"},{"@type":"BreadcrumbList","@id":"https:\/\/linepressureregulator.com\/product\/goval%e2%80%8b\/#breadcrumb","itemListElement":[{"@type":"ListItem","position":1,"name":"Home","item":"https:\/\/linepressureregulator.com\/"},{"@type":"ListItem","position":2,"name":"Shop","item":"https:\/\/linepressureregulator.com\/shop\/"},{"@type":"ListItem","position":3,"name":"PF Goval\u200b Line Pressure Regulator"}]},{"@type":"WebSite","@id":"https:\/\/linepressureregulator.com\/#website","url":"https:\/\/linepressureregulator.com\/","name":"Reguladores de presi\u00f3n de l\u00ednea","description":"Reguladores de presi\u00f3n de l\u00ednea","potentialAction":[{"@type":"SearchAction","target":{"@type":"EntryPoint","urlTemplate":"https:\/\/linepressureregulator.com\/?s={search_term_string}"},"query-input":{"@type":"PropertyValueSpecification","valueRequired":true,"valueName":"search_term_string"}}],"inLanguage":"es"}]}},"_links":{"self":[{"href":"https:\/\/linepressureregulator.com\/es\/wp-json\/wp\/v2\/product\/923","targetHints":{"allow":["GET"]}}],"collection":[{"href":"https:\/\/linepressureregulator.com\/es\/wp-json\/wp\/v2\/product"}],"about":[{"href":"https:\/\/linepressureregulator.com\/es\/wp-json\/wp\/v2\/types\/product"}],"replies":[{"embeddable":true,"href":"https:\/\/linepressureregulator.com\/es\/wp-json\/wp\/v2\/comments?post=923"}],"wp:featuredmedia":[{"embeddable":true,"href":"https:\/\/linepressureregulator.com\/es\/wp-json\/wp\/v2\/media\/1303"}],"wp:attachment":[{"href":"https:\/\/linepressureregulator.com\/es\/wp-json\/wp\/v2\/media?parent=923"}],"wp:term":[{"taxonomy":"product_brand","embeddable":true,"href":"https:\/\/linepressureregulator.com\/es\/wp-json\/wp\/v2\/product_brand?post=923"},{"taxonomy":"product_cat","embeddable":true,"href":"https:\/\/linepressureregulator.com\/es\/wp-json\/wp\/v2\/product_cat?post=923"},{"taxonomy":"product_tag","embeddable":true,"href":"https:\/\/linepressureregulator.com\/es\/wp-json\/wp\/v2\/product_tag?post=923"}],"curies":[{"name":"wp","href":"https:\/\/api.w.org\/{rel}","templated":true}]}}