{"id":1225,"date":"2022-10-05T01:06:14","date_gmt":"2022-10-05T01:06:14","guid":{"rendered":"https:\/\/linepressurere.wpenginepowered.com\/?page_id=1225"},"modified":"2024-10-25T01:00:33","modified_gmt":"2024-10-25T01:00:33","slug":"about-us","status":"publish","type":"page","link":"https:\/\/linepressureregulator.com\/fr\/about-us\/","title":{"rendered":"A propos de nous"},"content":{"rendered":"<div data-elementor-type=\"wp-page\" data-elementor-id=\"1225\" class=\"elementor elementor-1225\" data-elementor-post-type=\"page\">\n\t\t\t\t\t\t<section class=\"elementor-section elementor-top-section elementor-element elementor-element-5dce9c1e elementor-section-stretched elementor-section-boxed elementor-section-height-default elementor-section-height-default\" data-id=\"5dce9c1e\" data-element_type=\"section\" data-e-type=\"section\" data-settings=\"{&quot;background_background&quot;:&quot;classic&quot;,&quot;stretch_section&quot;:&quot;section-stretched&quot;}\">\n\t\t\t\t\t\t<div class=\"elementor-container elementor-column-gap-default\">\n\t\t\t\t\t<div class=\"elementor-column elementor-col-100 elementor-top-column elementor-element elementor-element-30315c46\" data-id=\"30315c46\" data-element_type=\"column\" data-e-type=\"column\">\n\t\t\t<div class=\"elementor-widget-wrap elementor-element-populated\">\n\t\t\t\t\t\t<div class=\"elementor-element elementor-element-4971b711 elementor-widget elementor-widget-heading\" data-id=\"4971b711\" data-element_type=\"widget\" data-e-type=\"widget\" data-widget_type=\"heading.default\">\n\t\t\t\t<div class=\"elementor-widget-container\">\n\t\t\t\t\t<h2 class=\"elementor-heading-title elementor-size-default\">A propos de nous<\/h2>\t\t\t\t<\/div>\n\t\t\t\t<\/div>\n\t\t\t\t\t<\/div>\n\t\t<\/div>\n\t\t\t\t\t<\/div>\n\t\t<\/section>\n\t\t\t\t<section class=\"elementor-section elementor-top-section elementor-element elementor-element-7de47469 elementor-section-stretched elementor-section-boxed elementor-section-height-default elementor-section-height-default\" data-id=\"7de47469\" data-element_type=\"section\" data-e-type=\"section\" data-settings=\"{&quot;stretch_section&quot;:&quot;section-stretched&quot;}\">\n\t\t\t\t\t\t<div class=\"elementor-container elementor-column-gap-default\">\n\t\t\t\t\t<div class=\"elementor-column elementor-col-100 elementor-top-column elementor-element elementor-element-7c7c11b4\" data-id=\"7c7c11b4\" data-element_type=\"column\" data-e-type=\"column\">\n\t\t\t<div class=\"elementor-widget-wrap elementor-element-populated\">\n\t\t\t\t\t\t<div class=\"elementor-element elementor-element-2eaa93bd elementor-widget elementor-widget-text-editor\" data-id=\"2eaa93bd\" data-element_type=\"widget\" data-e-type=\"widget\" data-widget_type=\"text-editor.default\">\n\t\t\t\t<div class=\"elementor-widget-container\">\n\t\t\t\t\t\t\t\t\t<p><strong>Depuis 1965, Equipment Controls Company se concentre sur la fourniture de solutions innovantes ax\u00e9es sur les d\u00e9fis quotidiens. La croissance d&#039;ECCO peut \u00eatre attribu\u00e9e \u00e0 la satisfaction totale de la client\u00e8le gr\u00e2ce au professionnalisme, aux normes \u00e9thiques et \u00e0 une connaissance exceptionnelle des produits.<\/strong><\/p><p>Equipment Controls Company (ECCO) repr\u00e9sente et distribue des produits de qualit\u00e9 de fabricants \u00e9tablis tels que Pietro Fiorentini, Sensus, SENSIT, ROMET<sup>\u00ae<\/sup>, SOCI\u00c9T\u00c9 DE RECHERCHE AIGLE<sup> \u00ae<\/sup>, et 3M.<\/p><p>Headquartered in Norcross, GA, ECCO is one of the largest North American distributors of natural gas measurement products, gas control products, data acquisition products and services. ECCO has you covered with warehouse\/office locations in Sparta, MI, Indianapolis, IN, Sugar Land, TX, and Sandy, UT with additional sales offices in Florida, Georgia, Illinois, Kansas, Louisiana, Michigan, Tennessee and West Virginia.<\/p>\t\t\t\t\t\t\t\t<\/div>\n\t\t\t\t<\/div>\n\t\t\t\t<div class=\"elementor-element elementor-element-2dbe2ed elementor-widget elementor-widget-image\" data-id=\"2dbe2ed\" data-element_type=\"widget\" data-e-type=\"widget\" data-widget_type=\"image.default\">\n\t\t\t\t<div class=\"elementor-widget-container\">\n\t\t\t\t\t\t\t\t\t\t\t\t\t\t\t<img fetchpriority=\"high\" decoding=\"async\" width=\"1024\" height=\"452\" src=\"https:\/\/linepressureregulator.com\/wp-content\/uploads\/2024\/10\/Unknown-1024x452.jpeg\" class=\"attachment-large size-large wp-image-1606\" alt=\"map illustration of Equipment Controls Company territory map\" srcset=\"https:\/\/linepressureregulator.com\/wp-content\/uploads\/2024\/10\/Unknown-1024x452.jpeg 1024w, https:\/\/linepressureregulator.com\/wp-content\/uploads\/2024\/10\/Unknown-300x132.jpeg 300w, https:\/\/linepressureregulator.com\/wp-content\/uploads\/2024\/10\/Unknown-768x339.jpeg 768w, https:\/\/linepressureregulator.com\/wp-content\/uploads\/2024\/10\/Unknown-1536x677.jpeg 1536w, https:\/\/linepressureregulator.com\/wp-content\/uploads\/2024\/10\/Unknown-2048x903.jpeg 2048w, https:\/\/linepressureregulator.com\/wp-content\/uploads\/2024\/10\/Unknown-18x8.jpeg 18w, https:\/\/linepressureregulator.com\/wp-content\/uploads\/2024\/10\/Unknown-600x265.jpeg 600w\" sizes=\"(max-width: 1024px) 100vw, 1024px\" \/>\t\t\t\t\t\t\t\t\t\t\t\t\t\t\t<\/div>\n\t\t\t\t<\/div>\n\t\t\t\t<div class=\"elementor-element elementor-element-a3b8394 elementor-widget elementor-widget-heading\" data-id=\"a3b8394\" data-element_type=\"widget\" data-e-type=\"widget\" data-widget_type=\"heading.default\">\n\t\t\t\t<div class=\"elementor-widget-container\">\n\t\t\t\t\t<div class=\"elementor-heading-title elementor-size-default\">Territoires ECCO<\/div>\t\t\t\t<\/div>\n\t\t\t\t<\/div>\n\t\t\t\t<section class=\"elementor-section elementor-inner-section elementor-element elementor-element-71284d0 elementor-section-boxed elementor-section-height-default elementor-section-height-default\" data-id=\"71284d0\" data-element_type=\"section\" data-e-type=\"section\">\n\t\t\t\t\t\t<div class=\"elementor-container elementor-column-gap-default\">\n\t\t\t\t\t<div class=\"elementor-column elementor-col-33 elementor-inner-column elementor-element elementor-element-1548b714\" data-id=\"1548b714\" data-element_type=\"column\" data-e-type=\"column\">\n\t\t\t<div class=\"elementor-widget-wrap elementor-element-populated\">\n\t\t\t\t\t\t<div class=\"elementor-element elementor-element-4961f9f4 elementor-icon-list--layout-traditional elementor-list-item-link-full_width elementor-widget elementor-widget-icon-list\" data-id=\"4961f9f4\" data-element_type=\"widget\" data-e-type=\"widget\" data-widget_type=\"icon-list.default\">\n\t\t\t\t<div class=\"elementor-widget-container\">\n\t\t\t\t\t\t\t<ul class=\"elementor-icon-list-items\">\n\t\t\t\t\t\t\t<li class=\"elementor-icon-list-item\">\n\t\t\t\t\t\t\t\t\t\t<span class=\"elementor-icon-list-text\">Alabama<\/span>\n\t\t\t\t\t\t\t\t\t<\/li>\n\t\t\t\t\t\t\t\t<li class=\"elementor-icon-list-item\">\n\t\t\t\t\t\t\t\t\t\t<span class=\"elementor-icon-list-text\">Arkansas<\/span>\n\t\t\t\t\t\t\t\t\t<\/li>\n\t\t\t\t\t\t\t\t<li class=\"elementor-icon-list-item\">\n\t\t\t\t\t\t\t\t\t\t<span class=\"elementor-icon-list-text\">Colorado<\/span>\n\t\t\t\t\t\t\t\t\t<\/li>\n\t\t\t\t\t\t\t\t<li class=\"elementor-icon-list-item\">\n\t\t\t\t\t\t\t\t\t\t<span class=\"elementor-icon-list-text\">Floride<\/span>\n\t\t\t\t\t\t\t\t\t<\/li>\n\t\t\t\t\t\t\t\t<li class=\"elementor-icon-list-item\">\n\t\t\t\t\t\t\t\t\t\t<span class=\"elementor-icon-list-text\">G\u00e9orgie<\/span>\n\t\t\t\t\t\t\t\t\t<\/li>\n\t\t\t\t\t\t\t\t<li class=\"elementor-icon-list-item\">\n\t\t\t\t\t\t\t\t\t\t<span class=\"elementor-icon-list-text\">Illinois<\/span>\n\t\t\t\t\t\t\t\t\t<\/li>\n\t\t\t\t\t\t\t\t<li class=\"elementor-icon-list-item\">\n\t\t\t\t\t\t\t\t\t\t<span class=\"elementor-icon-list-text\">Indiana<\/span>\n\t\t\t\t\t\t\t\t\t<\/li>\n\t\t\t\t\t\t<\/ul>\n\t\t\t\t\t\t<\/div>\n\t\t\t\t<\/div>\n\t\t\t\t\t<\/div>\n\t\t<\/div>\n\t\t\t\t<div class=\"elementor-column elementor-col-33 elementor-inner-column elementor-element elementor-element-34d56789\" data-id=\"34d56789\" data-element_type=\"column\" data-e-type=\"column\">\n\t\t\t<div class=\"elementor-widget-wrap elementor-element-populated\">\n\t\t\t\t\t\t<div class=\"elementor-element elementor-element-6ca7b94e elementor-icon-list--layout-traditional elementor-list-item-link-full_width elementor-widget elementor-widget-icon-list\" data-id=\"6ca7b94e\" data-element_type=\"widget\" data-e-type=\"widget\" data-widget_type=\"icon-list.default\">\n\t\t\t\t<div class=\"elementor-widget-container\">\n\t\t\t\t\t\t\t<ul class=\"elementor-icon-list-items\">\n\t\t\t\t\t\t\t<li class=\"elementor-icon-list-item\">\n\t\t\t\t\t\t\t\t\t\t<span class=\"elementor-icon-list-text\">Iowa<\/span>\n\t\t\t\t\t\t\t\t\t<\/li>\n\t\t\t\t\t\t\t\t<li class=\"elementor-icon-list-item\">\n\t\t\t\t\t\t\t\t\t\t<span class=\"elementor-icon-list-text\">Kansas<\/span>\n\t\t\t\t\t\t\t\t\t<\/li>\n\t\t\t\t\t\t\t\t<li class=\"elementor-icon-list-item\">\n\t\t\t\t\t\t\t\t\t\t<span class=\"elementor-icon-list-text\">Kentucky<\/span>\n\t\t\t\t\t\t\t\t\t<\/li>\n\t\t\t\t\t\t\t\t<li class=\"elementor-icon-list-item\">\n\t\t\t\t\t\t\t\t\t\t<span class=\"elementor-icon-list-text\">Louisiane<\/span>\n\t\t\t\t\t\t\t\t\t<\/li>\n\t\t\t\t\t\t\t\t<li class=\"elementor-icon-list-item\">\n\t\t\t\t\t\t\t\t\t\t<span class=\"elementor-icon-list-text\">Michigan<\/span>\n\t\t\t\t\t\t\t\t\t<\/li>\n\t\t\t\t\t\t\t\t<li class=\"elementor-icon-list-item\">\n\t\t\t\t\t\t\t\t\t\t<span class=\"elementor-icon-list-text\">Mississippi<\/span>\n\t\t\t\t\t\t\t\t\t<\/li>\n\t\t\t\t\t\t\t\t<li class=\"elementor-icon-list-item\">\n\t\t\t\t\t\t\t\t\t\t<span class=\"elementor-icon-list-text\">Missouri<\/span>\n\t\t\t\t\t\t\t\t\t<\/li>\n\t\t\t\t\t\t<\/ul>\n\t\t\t\t\t\t<\/div>\n\t\t\t\t<\/div>\n\t\t\t\t\t<\/div>\n\t\t<\/div>\n\t\t\t\t<div class=\"elementor-column elementor-col-33 elementor-inner-column elementor-element elementor-element-68ccf345\" data-id=\"68ccf345\" data-element_type=\"column\" data-e-type=\"column\">\n\t\t\t<div class=\"elementor-widget-wrap elementor-element-populated\">\n\t\t\t\t\t\t<div class=\"elementor-element elementor-element-923cb9e elementor-icon-list--layout-traditional elementor-list-item-link-full_width elementor-widget elementor-widget-icon-list\" data-id=\"923cb9e\" data-element_type=\"widget\" data-e-type=\"widget\" data-widget_type=\"icon-list.default\">\n\t\t\t\t<div class=\"elementor-widget-container\">\n\t\t\t\t\t\t\t<ul class=\"elementor-icon-list-items\">\n\t\t\t\t\t\t\t<li class=\"elementor-icon-list-item\">\n\t\t\t\t\t\t\t\t\t\t<span class=\"elementor-icon-list-text\">Caroline du Nord<\/span>\n\t\t\t\t\t\t\t\t\t<\/li>\n\t\t\t\t\t\t\t\t<li class=\"elementor-icon-list-item\">\n\t\t\t\t\t\t\t\t\t\t<span class=\"elementor-icon-list-text\">Oklahoma<\/span>\n\t\t\t\t\t\t\t\t\t<\/li>\n\t\t\t\t\t\t\t\t<li class=\"elementor-icon-list-item\">\n\t\t\t\t\t\t\t\t\t\t<span class=\"elementor-icon-list-text\">Caroline du Sud<\/span>\n\t\t\t\t\t\t\t\t\t<\/li>\n\t\t\t\t\t\t\t\t<li class=\"elementor-icon-list-item\">\n\t\t\t\t\t\t\t\t\t\t<span class=\"elementor-icon-list-text\">Tennessee<\/span>\n\t\t\t\t\t\t\t\t\t<\/li>\n\t\t\t\t\t\t\t\t<li class=\"elementor-icon-list-item\">\n\t\t\t\t\t\t\t\t\t\t<span class=\"elementor-icon-list-text\">Texas<\/span>\n\t\t\t\t\t\t\t\t\t<\/li>\n\t\t\t\t\t\t\t\t<li class=\"elementor-icon-list-item\">\n\t\t\t\t\t\t\t\t\t\t<span class=\"elementor-icon-list-text\">Utah<\/span>\n\t\t\t\t\t\t\t\t\t<\/li>\n\t\t\t\t\t\t\t\t<li class=\"elementor-icon-list-item\">\n\t\t\t\t\t\t\t\t\t\t<span class=\"elementor-icon-list-text\"><\/span>\n\t\t\t\t\t\t\t\t\t<\/li>\n\t\t\t\t\t\t<\/ul>\n\t\t\t\t\t\t<\/div>\n\t\t\t\t<\/div>\n\t\t\t\t\t<\/div>\n\t\t<\/div>\n\t\t\t\t\t<\/div>\n\t\t<\/section>\n\t\t\t\t<div class=\"elementor-element elementor-element-3438fa94 elementor-widget elementor-widget-heading\" data-id=\"3438fa94\" data-element_type=\"widget\" data-e-type=\"widget\" data-widget_type=\"heading.default\">\n\t\t\t\t<div class=\"elementor-widget-container\">\n\t\t\t\t\t<div class=\"elementor-heading-title elementor-size-default\">Notre \u00e9quipe de direction<\/div>\t\t\t\t<\/div>\n\t\t\t\t<\/div>\n\t\t\t\t<section class=\"elementor-section elementor-inner-section elementor-element elementor-element-43dce21e elementor-section-boxed elementor-section-height-default elementor-section-height-default\" data-id=\"43dce21e\" data-element_type=\"section\" data-e-type=\"section\">\n\t\t\t\t\t\t<div class=\"elementor-container elementor-column-gap-default\">\n\t\t\t\t\t<div class=\"elementor-column elementor-col-33 elementor-inner-column elementor-element elementor-element-153cfae6\" data-id=\"153cfae6\" data-element_type=\"column\" data-e-type=\"column\">\n\t\t\t<div class=\"elementor-widget-wrap elementor-element-populated\">\n\t\t\t\t\t\t<div class=\"elementor-element elementor-element-54361369 elementor-widget elementor-widget-text-editor\" data-id=\"54361369\" data-element_type=\"widget\" data-e-type=\"widget\" data-widget_type=\"text-editor.default\">\n\t\t\t\t<div class=\"elementor-widget-container\">\n\t\t\t\t\t\t\t\t\t<p><strong>Jim Bell<\/strong><br \/>PDG, \u00e9m\u00e9rite<\/p>\t\t\t\t\t\t\t\t<\/div>\n\t\t\t\t<\/div>\n\t\t\t\t<div class=\"elementor-element elementor-element-5196b185 elementor-widget elementor-widget-text-editor\" data-id=\"5196b185\" data-element_type=\"widget\" data-e-type=\"widget\" data-widget_type=\"text-editor.default\">\n\t\t\t\t<div class=\"elementor-widget-container\">\n\t\t\t\t\t\t\t\t\t<p><strong>Michel Davidson<\/strong><br \/>Vice-pr\u00e9sident principal<br \/>Op\u00e9rations internes et logistique<\/p>\t\t\t\t\t\t\t\t<\/div>\n\t\t\t\t<\/div>\n\t\t\t\t\t<\/div>\n\t\t<\/div>\n\t\t\t\t<div class=\"elementor-column elementor-col-33 elementor-inner-column elementor-element elementor-element-26d5ac81\" data-id=\"26d5ac81\" data-element_type=\"column\" data-e-type=\"column\">\n\t\t\t<div class=\"elementor-widget-wrap elementor-element-populated\">\n\t\t\t\t\t\t<div class=\"elementor-element elementor-element-267ccec3 elementor-widget elementor-widget-text-editor\" data-id=\"267ccec3\" data-element_type=\"widget\" data-e-type=\"widget\" data-widget_type=\"text-editor.default\">\n\t\t\t\t<div class=\"elementor-widget-container\">\n\t\t\t\t\t\t\t\t\t<p><strong>Jeb Bell<\/strong><br \/>Pr\u00e9sident<\/p>\t\t\t\t\t\t\t\t<\/div>\n\t\t\t\t<\/div>\n\t\t\t\t<div class=\"elementor-element elementor-element-72b3a07c elementor-widget elementor-widget-text-editor\" data-id=\"72b3a07c\" data-element_type=\"widget\" data-e-type=\"widget\" data-widget_type=\"text-editor.default\">\n\t\t\t\t<div class=\"elementor-widget-container\">\n\t\t\t\t\t\t\t\t\t<p><strong>Desmond Terry<\/strong><br \/>Vice-pr\u00e9sident principal<br \/>Finances et ressources humaines<\/p>\t\t\t\t\t\t\t\t<\/div>\n\t\t\t\t<\/div>\n\t\t\t\t\t<\/div>\n\t\t<\/div>\n\t\t\t\t<div class=\"elementor-column elementor-col-33 elementor-inner-column elementor-element elementor-element-5943a9ae\" data-id=\"5943a9ae\" data-element_type=\"column\" data-e-type=\"column\">\n\t\t\t<div class=\"elementor-widget-wrap elementor-element-populated\">\n\t\t\t\t\t\t<div class=\"elementor-element elementor-element-6c7371fa elementor-widget elementor-widget-text-editor\" data-id=\"6c7371fa\" data-element_type=\"widget\" data-e-type=\"widget\" data-widget_type=\"text-editor.default\">\n\t\t\t\t<div class=\"elementor-widget-container\">\n\t\t\t\t\t\t\t\t\t<p><strong>Larry Brown<\/strong><br \/>Vice-pr\u00e9sident ex\u00e9cutif<br \/>Ventes et marketing<\/p>\t\t\t\t\t\t\t\t<\/div>\n\t\t\t\t<\/div>\n\t\t\t\t<div class=\"elementor-element elementor-element-55d1ca04 elementor-widget elementor-widget-text-editor\" data-id=\"55d1ca04\" data-element_type=\"widget\" data-e-type=\"widget\" data-widget_type=\"text-editor.default\">\n\t\t\t\t<div class=\"elementor-widget-container\">\n\t\t\t\t\t\t\t\t\t<p><strong>TodBradley<\/strong><br \/>Pr\u00e9sident directeur g\u00e9n\u00e9ral<\/p>\t\t\t\t\t\t\t\t<\/div>\n\t\t\t\t<\/div>\n\t\t\t\t\t<\/div>\n\t\t<\/div>\n\t\t\t\t\t<\/div>\n\t\t<\/section>\n\t\t\t\t\t<\/div>\n\t\t<\/div>\n\t\t\t\t\t<\/div>\n\t\t<\/section>\n\t\t\t\t<\/div>","protected":false},"excerpt":{"rendered":"<p>About Us Since 1965, Equipment Controls Company has been focused on delivering innovative solutions driven by everyday challenges. ECCO\u2019s growth can be attributed to providing complete customer satisfaction with professionalism, ethical standards, and exceptional product knowledge. Equipment Controls Company (ECCO) represents and distributes quality products from established manufacturers such as\u00a0 Pietro Fiorentini, Sensus, SENSIT, ROMET\u00ae, [&hellip;]<\/p>\n","protected":false},"author":1,"featured_media":0,"parent":0,"menu_order":0,"comment_status":"closed","ping_status":"closed","template":"elementor_header_footer","meta":{"footnotes":""},"class_list":["post-1225","page","type-page","status-publish","hentry"],"yoast_head":"<!-- This site is optimized with the Yoast SEO plugin v27.2 - https:\/\/yoast.com\/product\/yoast-seo-wordpress\/ -->\n<title>About Us - Line Pressure Regulators<\/title>\n<meta name=\"robots\" content=\"index, follow, max-snippet:-1, max-image-preview:large, max-video-preview:-1\" \/>\n<link rel=\"canonical\" href=\"https:\/\/linepressureregulator.com\/fr\/about-us\/\" \/>\n<meta property=\"og:locale\" content=\"fr_CA\" \/>\n<meta property=\"og:type\" content=\"article\" \/>\n<meta property=\"og:title\" content=\"About Us - Line Pressure Regulators\" \/>\n<meta property=\"og:description\" content=\"About Us Since 1965, Equipment Controls Company has been focused on delivering innovative solutions driven by everyday challenges. ECCO\u2019s growth can be attributed to providing complete customer satisfaction with professionalism, ethical standards, and exceptional product knowledge. Equipment Controls Company (ECCO) represents and distributes quality products from established manufacturers such as\u00a0 Pietro Fiorentini, Sensus, SENSIT, ROMET\u00ae, [&hellip;]\" \/>\n<meta property=\"og:url\" content=\"https:\/\/linepressureregulator.com\/fr\/about-us\/\" \/>\n<meta property=\"og:site_name\" content=\"Line Pressure Regulators\" \/>\n<meta property=\"article:modified_time\" content=\"2024-10-25T01:00:33+00:00\" \/>\n<meta property=\"og:image\" content=\"https:\/\/linepressureregulator.com\/wp-content\/uploads\/2024\/10\/Unknown-1024x452.jpeg\" \/>\n<meta name=\"twitter:card\" content=\"summary_large_image\" \/>\n<meta name=\"twitter:label1\" content=\"Estimation du temps de lecture\" \/>\n\t<meta name=\"twitter:data1\" content=\"2 minutes\" \/>\n<script type=\"application\/ld+json\" class=\"yoast-schema-graph\">{\"@context\":\"https:\/\/schema.org\",\"@graph\":[{\"@type\":\"WebPage\",\"@id\":\"https:\/\/linepressureregulator.com\/about-us\/\",\"url\":\"https:\/\/linepressureregulator.com\/about-us\/\",\"name\":\"About Us - Line Pressure Regulators\",\"isPartOf\":{\"@id\":\"https:\/\/linepressureregulator.com\/#website\"},\"primaryImageOfPage\":{\"@id\":\"https:\/\/linepressureregulator.com\/about-us\/#primaryimage\"},\"image\":{\"@id\":\"https:\/\/linepressureregulator.com\/about-us\/#primaryimage\"},\"thumbnailUrl\":\"https:\/\/linepressureregulator.com\/wp-content\/uploads\/2024\/10\/Unknown-1024x452.jpeg\",\"datePublished\":\"2022-10-05T01:06:14+00:00\",\"dateModified\":\"2024-10-25T01:00:33+00:00\",\"breadcrumb\":{\"@id\":\"https:\/\/linepressureregulator.com\/about-us\/#breadcrumb\"},\"inLanguage\":\"fr-CA\",\"potentialAction\":[{\"@type\":\"ReadAction\",\"target\":[\"https:\/\/linepressureregulator.com\/about-us\/\"]}]},{\"@type\":\"ImageObject\",\"inLanguage\":\"fr-CA\",\"@id\":\"https:\/\/linepressureregulator.com\/about-us\/#primaryimage\",\"url\":\"https:\/\/linepressureregulator.com\/wp-content\/uploads\/2024\/10\/Unknown-1024x452.jpeg\",\"contentUrl\":\"https:\/\/linepressureregulator.com\/wp-content\/uploads\/2024\/10\/Unknown-1024x452.jpeg\"},{\"@type\":\"BreadcrumbList\",\"@id\":\"https:\/\/linepressureregulator.com\/about-us\/#breadcrumb\",\"itemListElement\":[{\"@type\":\"ListItem\",\"position\":1,\"name\":\"Home\",\"item\":\"https:\/\/linepressureregulator.com\/\"},{\"@type\":\"ListItem\",\"position\":2,\"name\":\"About Us\"}]},{\"@type\":\"WebSite\",\"@id\":\"https:\/\/linepressureregulator.com\/#website\",\"url\":\"https:\/\/linepressureregulator.com\/\",\"name\":\"Line Pressure Regulators\",\"description\":\"Line Pressure Regulators\",\"potentialAction\":[{\"@type\":\"SearchAction\",\"target\":{\"@type\":\"EntryPoint\",\"urlTemplate\":\"https:\/\/linepressureregulator.com\/?s={search_term_string}\"},\"query-input\":{\"@type\":\"PropertyValueSpecification\",\"valueRequired\":true,\"valueName\":\"search_term_string\"}}],\"inLanguage\":\"fr-CA\"}]}<\/script>\n<!-- \/ Yoast SEO plugin. -->","yoast_head_json":{"title":"About Us - Line Pressure Regulators","robots":{"index":"index","follow":"follow","max-snippet":"max-snippet:-1","max-image-preview":"max-image-preview:large","max-video-preview":"max-video-preview:-1"},"canonical":"https:\/\/linepressureregulator.com\/fr\/about-us\/","og_locale":"fr_CA","og_type":"article","og_title":"About Us - Line Pressure Regulators","og_description":"About Us Since 1965, Equipment Controls Company has been focused on delivering innovative solutions driven by everyday challenges. ECCO\u2019s growth can be attributed to providing complete customer satisfaction with professionalism, ethical standards, and exceptional product knowledge. Equipment Controls Company (ECCO) represents and distributes quality products from established manufacturers such as\u00a0 Pietro Fiorentini, Sensus, SENSIT, ROMET\u00ae, [&hellip;]","og_url":"https:\/\/linepressureregulator.com\/fr\/about-us\/","og_site_name":"Line Pressure Regulators","article_modified_time":"2024-10-25T01:00:33+00:00","og_image":[{"url":"https:\/\/linepressureregulator.com\/wp-content\/uploads\/2024\/10\/Unknown-1024x452.jpeg","type":"","width":"","height":""}],"twitter_card":"summary_large_image","twitter_misc":{"Estimation du temps de lecture":"2 minutes"},"schema":{"@context":"https:\/\/schema.org","@graph":[{"@type":"WebPage","@id":"https:\/\/linepressureregulator.com\/about-us\/","url":"https:\/\/linepressureregulator.com\/about-us\/","name":"About Us - Line Pressure Regulators","isPartOf":{"@id":"https:\/\/linepressureregulator.com\/#website"},"primaryImageOfPage":{"@id":"https:\/\/linepressureregulator.com\/about-us\/#primaryimage"},"image":{"@id":"https:\/\/linepressureregulator.com\/about-us\/#primaryimage"},"thumbnailUrl":"https:\/\/linepressureregulator.com\/wp-content\/uploads\/2024\/10\/Unknown-1024x452.jpeg","datePublished":"2022-10-05T01:06:14+00:00","dateModified":"2024-10-25T01:00:33+00:00","breadcrumb":{"@id":"https:\/\/linepressureregulator.com\/about-us\/#breadcrumb"},"inLanguage":"fr-CA","potentialAction":[{"@type":"ReadAction","target":["https:\/\/linepressureregulator.com\/about-us\/"]}]},{"@type":"ImageObject","inLanguage":"fr-CA","@id":"https:\/\/linepressureregulator.com\/about-us\/#primaryimage","url":"https:\/\/linepressureregulator.com\/wp-content\/uploads\/2024\/10\/Unknown-1024x452.jpeg","contentUrl":"https:\/\/linepressureregulator.com\/wp-content\/uploads\/2024\/10\/Unknown-1024x452.jpeg"},{"@type":"BreadcrumbList","@id":"https:\/\/linepressureregulator.com\/about-us\/#breadcrumb","itemListElement":[{"@type":"ListItem","position":1,"name":"Home","item":"https:\/\/linepressureregulator.com\/"},{"@type":"ListItem","position":2,"name":"About Us"}]},{"@type":"WebSite","@id":"https:\/\/linepressureregulator.com\/#website","url":"https:\/\/linepressureregulator.com\/","name":"R\u00e9gulateurs de pression de ligne","description":"R\u00e9gulateurs de pression de ligne","potentialAction":[{"@type":"SearchAction","target":{"@type":"EntryPoint","urlTemplate":"https:\/\/linepressureregulator.com\/?s={search_term_string}"},"query-input":{"@type":"PropertyValueSpecification","valueRequired":true,"valueName":"search_term_string"}}],"inLanguage":"fr-CA"}]}},"_links":{"self":[{"href":"https:\/\/linepressureregulator.com\/fr\/wp-json\/wp\/v2\/pages\/1225","targetHints":{"allow":["GET"]}}],"collection":[{"href":"https:\/\/linepressureregulator.com\/fr\/wp-json\/wp\/v2\/pages"}],"about":[{"href":"https:\/\/linepressureregulator.com\/fr\/wp-json\/wp\/v2\/types\/page"}],"author":[{"embeddable":true,"href":"https:\/\/linepressureregulator.com\/fr\/wp-json\/wp\/v2\/users\/1"}],"replies":[{"embeddable":true,"href":"https:\/\/linepressureregulator.com\/fr\/wp-json\/wp\/v2\/comments?post=1225"}],"version-history":[{"count":0,"href":"https:\/\/linepressureregulator.com\/fr\/wp-json\/wp\/v2\/pages\/1225\/revisions"}],"wp:attachment":[{"href":"https:\/\/linepressureregulator.com\/fr\/wp-json\/wp\/v2\/media?parent=1225"}],"curies":[{"name":"wp","href":"https:\/\/api.w.org\/{rel}","templated":true}]}}