{"id":332,"date":"2021-04-26T21:48:51","date_gmt":"2021-04-26T21:48:51","guid":{"rendered":"https:\/\/linepressurere.wpenginepowered.com\/?page_id=332"},"modified":"2026-02-24T21:29:46","modified_gmt":"2026-02-24T21:29:46","slug":"ceu-credits","status":"publish","type":"page","link":"https:\/\/linepressureregulator.com\/fr\/ceu-credits\/","title":{"rendered":"Cr\u00e9dits CEU"},"content":{"rendered":"<div data-elementor-type=\"wp-page\" data-elementor-id=\"332\" class=\"elementor elementor-332\" data-elementor-post-type=\"page\">\n\t\t\t\t\t\t<section class=\"elementor-section elementor-top-section elementor-element elementor-element-6b3d918 elementor-section-boxed elementor-section-height-default elementor-section-height-default\" data-id=\"6b3d918\" data-element_type=\"section\" data-e-type=\"section\">\n\t\t\t\t\t\t<div class=\"elementor-container elementor-column-gap-default\">\n\t\t\t\t\t<div class=\"elementor-column elementor-col-100 elementor-top-column elementor-element elementor-element-4be0cc2\" data-id=\"4be0cc2\" data-element_type=\"column\" data-e-type=\"column\">\n\t\t\t<div class=\"elementor-widget-wrap elementor-element-populated\">\n\t\t\t\t\t\t<div class=\"elementor-element elementor-element-92af8c2 elementor-widget elementor-widget-heading\" data-id=\"92af8c2\" data-element_type=\"widget\" data-e-type=\"widget\" data-widget_type=\"heading.default\">\n\t\t\t\t<div class=\"elementor-widget-container\">\n\t\t\t\t\t<h2 class=\"elementor-heading-title elementor-size-default\">Cr\u00e9dits CEU<\/h2>\t\t\t\t<\/div>\n\t\t\t\t<\/div>\n\t\t\t\t<div class=\"elementor-element elementor-element-174f294 elementor-widget-divider--view-line elementor-widget elementor-widget-divider\" data-id=\"174f294\" data-element_type=\"widget\" data-e-type=\"widget\" data-widget_type=\"divider.default\">\n\t\t\t\t<div class=\"elementor-widget-container\">\n\t\t\t\t\t\t\t<div class=\"elementor-divider\">\n\t\t\t<span class=\"elementor-divider-separator\">\n\t\t\t\t\t\t<\/span>\n\t\t<\/div>\n\t\t\t\t\t\t<\/div>\n\t\t\t\t<\/div>\n\t\t\t\t<section class=\"elementor-section elementor-inner-section elementor-element elementor-element-c971de2 elementor-section-full_width elementor-section-height-default elementor-section-height-default\" data-id=\"c971de2\" data-element_type=\"section\" data-e-type=\"section\">\n\t\t\t\t\t\t<div class=\"elementor-container elementor-column-gap-no\">\n\t\t\t\t\t<div class=\"elementor-column elementor-col-50 elementor-inner-column elementor-element elementor-element-c7d7ce5\" data-id=\"c7d7ce5\" data-element_type=\"column\" data-e-type=\"column\">\n\t\t\t<div class=\"elementor-widget-wrap elementor-element-populated\">\n\t\t\t\t\t\t<div class=\"elementor-element elementor-element-4c1c64f elementor-widget elementor-widget-image\" data-id=\"4c1c64f\" data-element_type=\"widget\" data-e-type=\"widget\" data-widget_type=\"image.default\">\n\t\t\t\t<div class=\"elementor-widget-container\">\n\t\t\t\t\t\t\t\t\t\t\t\t\t\t\t<img decoding=\"async\" src=\"https:\/\/linepressureregulator.com\/wp-content\/uploads\/elementor\/thumbs\/aspe-logo-e1624303716594-rj0p4fr8zdmhq294w1uszfrxpsiu6nznvxp5qhx9sq.png\" title=\"logo aspe\" alt=\"aspe logo\" loading=\"lazy\" \/>\t\t\t\t\t\t\t\t\t\t\t\t\t\t\t<\/div>\n\t\t\t\t<\/div>\n\t\t\t\t<div class=\"elementor-element elementor-element-ba74187 elementor-widget elementor-widget-text-editor\" data-id=\"ba74187\" data-element_type=\"widget\" data-e-type=\"widget\" data-widget_type=\"text-editor.default\">\n\t\t\t\t<div class=\"elementor-widget-container\">\n\t\t\t\t\t\t\t\t\t<h4>Cours actuellement offerts\u00a0:<\/h4><p><strong>Introduction aux r\u00e9gulateurs de gaz - <\/strong>1 heure de cr\u00e9dit*\u00a0\u00a0\u00a0 <br \/>Ce cours offre une compr\u00e9hension des r\u00e9gulateurs de gaz. Les sujets incluent la pression et le d\u00e9bit du gaz, les technologies m\u00e9caniques, les termes, les d\u00e9finitions et les conversations et une introduction aux normes et codes.\u00a0\u00a0\u00a0<\/p><p><strong>\u00c9vacuation du r\u00e9gulateur de gaz \u2013 <\/strong>1 heure de cr\u00e9dit*\u00a0\u00a0\u00a0 <br \/>Ce cours donne un aper\u00e7u des normes et des codes de ventilation li\u00e9s aux r\u00e9gulateurs de gaz \u00e0 ventilation et \u00e0 ventilation limit\u00e9e. Les sujets incluent les codes de gaz et les applications, les r\u00e9gulateurs de pression de ligne, les normes et les certifications, la ventilation des r\u00e9gulateurs et les r\u00e9gulateurs de limitation de ventilation int\u00e9gr\u00e9s.<\/p><p><strong>Dimensionnement et s\u00e9lection du r\u00e9gulateur de gaz \u2013 <\/strong>1 heure de cr\u00e9dit*\u00a0\u00a0\u00a0 <br \/>Ce cours donne un aper\u00e7u du processus de dimensionnement et de s\u00e9lection des r\u00e9gulateurs. Les sujets couvrent les \u00e9l\u00e9ments n\u00e9cessaires au dimensionnement et \u00e0 la s\u00e9lection des r\u00e9gulateurs de gaz, l&#039;importance du dimensionnement et de la s\u00e9lection, le taux de variation, pourquoi le statisme est important et les outils en ligne de dimensionnement des r\u00e9gulateurs.<\/p><p><strong>Installation et d\u00e9pannage du r\u00e9gulateur de gaz - <\/strong>1 heure de cr\u00e9dit*\u00a0\u00a0\u00a0 <br \/>Ce cours fournit un aper\u00e7u approfondi de l&#039;installation et du d\u00e9pannage du r\u00e9gulateur. Les sujets commencent par un examen des bases du r\u00e9gulateur de gaz et incluent les meilleures pratiques d&#039;installation, l&#039;installation correcte des lignes de contr\u00f4le en aval, des exemples d&#039;installations et des sc\u00e9narios de d\u00e9pannage FAQ.<\/p><p><strong>R\u00e9gulateurs de gaz et protection contre les surpressions \u2013 <\/strong>1 heure de cr\u00e9dit*<br \/>Cette pr\u00e9sentation offre un aper\u00e7u approfondi des r\u00e9gulateurs de gaz et de la protection contre les surpressions. Les sujets incluent la protection contre les surpressions pour les r\u00e9gulateurs de pression de ligne, les quatre principaux moyens de fournir une protection contre les surpressions, le fonctionnement des soupapes de d\u00e9charge, les vannes d&#039;arr\u00eat automatiques, conformes vs certifi\u00e9s.<\/p><p><strong>Introduction au comptage de gaz \u2013 <\/strong>1 heure de cr\u00e9dit*<br \/>Cette pr\u00e9sentation donne un aper\u00e7u des compteurs de gaz naturel. Les sujets comprennent une compr\u00e9hension de base des compteurs rotatifs, des compteurs \u00e0 membrane, des compteurs \u00e0 turbine, des compteurs \u00e0 ultrasons et un examen des lois de pression et de temp\u00e9rature des gaz relatives \u00e0 la correction du d\u00e9bit de gaz.<\/p><p>Cr\u00e9dits CEU disponibles pour les membres ASPE et les non-membres.<br \/><em>*La Floride, la Caroline du Nord et New York n&#039;acceptent pas l&#039;ASPE CEU <\/em><em>cr\u00e9dits.<\/em><\/p><h4>\u00a0<\/h4>\t\t\t\t\t\t\t\t<\/div>\n\t\t\t\t<\/div>\n\t\t\t\t\t<\/div>\n\t\t<\/div>\n\t\t\t\t<div class=\"elementor-column elementor-col-50 elementor-inner-column elementor-element elementor-element-464e609\" data-id=\"464e609\" data-element_type=\"column\" data-e-type=\"column\" data-settings=\"{&quot;background_background&quot;:&quot;classic&quot;}\">\n\t\t\t<div class=\"elementor-widget-wrap elementor-element-populated\">\n\t\t\t\t\t\t<div class=\"elementor-element elementor-element-024675c elementor-widget elementor-widget-shortcode\" data-id=\"024675c\" data-element_type=\"widget\" data-e-type=\"widget\" data-widget_type=\"shortcode.default\">\n\t\t\t\t<div class=\"elementor-widget-container\">\n\t\t\t\t\t\t\t<div class=\"elementor-shortcode\"><div\n        data-form-id='9c1fd8d3-f308-f111-8406-000d3a359160'\n        data-form-api-url='https:\/\/public-usa.mkt.dynamics.com\/api\/v1.0\/orgs\/8d30fbc1-53a6-4def-9506-6fd5f7445070\/landingpageforms'\n        data-cached-form-url='https:\/\/assets-usa.mkt.dynamics.com\/8d30fbc1-53a6-4def-9506-6fd5f7445070\/digitalassets\/forms\/9c1fd8d3-f308-f111-8406-000d3a359160' ><\/div>\n        <script src = 'https:\/\/cxppusa1formui01cdnsa01-endpoint.azureedge.net\/usa\/FormLoader\/FormLoader.bundle.js' ><\/script><\/div>\n\t\t\t\t\t\t<\/div>\n\t\t\t\t<\/div>\n\t\t\t\t\t<\/div>\n\t\t<\/div>\n\t\t\t\t\t<\/div>\n\t\t<\/section>\n\t\t\t\t\t<\/div>\n\t\t<\/div>\n\t\t\t\t\t<\/div>\n\t\t<\/section>\n\t\t\t\t<\/div>","protected":false},"excerpt":{"rendered":"<p>CEU Credits Current Courses Offered: Intro to Gas Regulators &#8211; 1 credit hour*\u00a0\u00a0\u00a0 This course offers an understanding of gas regulators. Topics include gas pressure and flow, mechanical technologies, terms, definitions and conversations and an introduction to standards and codes.\u00a0\u00a0\u00a0 Gas Regulator Venting &#8211; 1 credit hour*\u00a0\u00a0\u00a0 This course provides an overview of venting standards [&hellip;]<\/p>\n","protected":false},"author":1,"featured_media":0,"parent":0,"menu_order":0,"comment_status":"closed","ping_status":"closed","template":"elementor_header_footer","meta":{"footnotes":""},"class_list":["post-332","page","type-page","status-publish","hentry"],"yoast_head":"<!-- This site is optimized with the Yoast SEO plugin v27.2 - https:\/\/yoast.com\/product\/yoast-seo-wordpress\/ -->\n<title>CEU Credits - Line Pressure Regulators<\/title>\n<meta name=\"robots\" content=\"index, follow, max-snippet:-1, max-image-preview:large, max-video-preview:-1\" \/>\n<link rel=\"canonical\" href=\"https:\/\/linepressureregulator.com\/fr\/ceu-credits\/\" \/>\n<meta property=\"og:locale\" content=\"fr_CA\" \/>\n<meta property=\"og:type\" content=\"article\" \/>\n<meta property=\"og:title\" content=\"CEU Credits - Line Pressure Regulators\" \/>\n<meta property=\"og:description\" content=\"CEU Credits Current Courses Offered: Intro to Gas Regulators &#8211; 1 credit hour*\u00a0\u00a0\u00a0 This course offers an understanding of gas regulators. Topics include gas pressure and flow, mechanical technologies, terms, definitions and conversations and an introduction to standards and codes.\u00a0\u00a0\u00a0 Gas Regulator Venting &#8211; 1 credit hour*\u00a0\u00a0\u00a0 This course provides an overview of venting standards [&hellip;]\" \/>\n<meta property=\"og:url\" content=\"https:\/\/linepressureregulator.com\/fr\/ceu-credits\/\" \/>\n<meta property=\"og:site_name\" content=\"Line Pressure Regulators\" \/>\n<meta property=\"article:modified_time\" content=\"2026-02-24T21:29:46+00:00\" \/>\n<meta property=\"og:image\" content=\"https:\/\/linepressureregulator.com\/wp-content\/uploads\/elementor\/thumbs\/aspe-logo-e1624303716594-rj0p4fr8zdmhq294w1uszfrxpsiu6nznvxp5kpjj0g.png\" \/>\n<meta name=\"twitter:card\" content=\"summary_large_image\" \/>\n<script type=\"application\/ld+json\" class=\"yoast-schema-graph\">{\"@context\":\"https:\/\/schema.org\",\"@graph\":[{\"@type\":\"WebPage\",\"@id\":\"https:\/\/linepressureregulator.com\/ceu-credits\/\",\"url\":\"https:\/\/linepressureregulator.com\/ceu-credits\/\",\"name\":\"CEU Credits - Line Pressure Regulators\",\"isPartOf\":{\"@id\":\"https:\/\/linepressureregulator.com\/#website\"},\"primaryImageOfPage\":{\"@id\":\"https:\/\/linepressureregulator.com\/ceu-credits\/#primaryimage\"},\"image\":{\"@id\":\"https:\/\/linepressureregulator.com\/ceu-credits\/#primaryimage\"},\"thumbnailUrl\":\"https:\/\/linepressureregulator.com\/wp-content\/uploads\/elementor\/thumbs\/aspe-logo-e1624303716594-rj0p4fr8zdmhq294w1uszfrxpsiu6nznvxp5kpjj0g.png\",\"datePublished\":\"2021-04-26T21:48:51+00:00\",\"dateModified\":\"2026-02-24T21:29:46+00:00\",\"breadcrumb\":{\"@id\":\"https:\/\/linepressureregulator.com\/ceu-credits\/#breadcrumb\"},\"inLanguage\":\"fr-CA\",\"potentialAction\":[{\"@type\":\"ReadAction\",\"target\":[\"https:\/\/linepressureregulator.com\/ceu-credits\/\"]}]},{\"@type\":\"ImageObject\",\"inLanguage\":\"fr-CA\",\"@id\":\"https:\/\/linepressureregulator.com\/ceu-credits\/#primaryimage\",\"url\":\"https:\/\/linepressureregulator.com\/wp-content\/uploads\/elementor\/thumbs\/aspe-logo-e1624303716594-rj0p4fr8zdmhq294w1uszfrxpsiu6nznvxp5kpjj0g.png\",\"contentUrl\":\"https:\/\/linepressureregulator.com\/wp-content\/uploads\/elementor\/thumbs\/aspe-logo-e1624303716594-rj0p4fr8zdmhq294w1uszfrxpsiu6nznvxp5kpjj0g.png\"},{\"@type\":\"BreadcrumbList\",\"@id\":\"https:\/\/linepressureregulator.com\/ceu-credits\/#breadcrumb\",\"itemListElement\":[{\"@type\":\"ListItem\",\"position\":1,\"name\":\"Home\",\"item\":\"https:\/\/linepressureregulator.com\/\"},{\"@type\":\"ListItem\",\"position\":2,\"name\":\"CEU Credits\"}]},{\"@type\":\"WebSite\",\"@id\":\"https:\/\/linepressureregulator.com\/#website\",\"url\":\"https:\/\/linepressureregulator.com\/\",\"name\":\"Line Pressure Regulators\",\"description\":\"Line Pressure Regulators\",\"potentialAction\":[{\"@type\":\"SearchAction\",\"target\":{\"@type\":\"EntryPoint\",\"urlTemplate\":\"https:\/\/linepressureregulator.com\/?s={search_term_string}\"},\"query-input\":{\"@type\":\"PropertyValueSpecification\",\"valueRequired\":true,\"valueName\":\"search_term_string\"}}],\"inLanguage\":\"fr-CA\"}]}<\/script>\n<!-- \/ Yoast SEO plugin. -->","yoast_head_json":{"title":"CEU Credits - Line Pressure Regulators","robots":{"index":"index","follow":"follow","max-snippet":"max-snippet:-1","max-image-preview":"max-image-preview:large","max-video-preview":"max-video-preview:-1"},"canonical":"https:\/\/linepressureregulator.com\/fr\/ceu-credits\/","og_locale":"fr_CA","og_type":"article","og_title":"CEU Credits - Line Pressure Regulators","og_description":"CEU Credits Current Courses Offered: Intro to Gas Regulators &#8211; 1 credit hour*\u00a0\u00a0\u00a0 This course offers an understanding of gas regulators. Topics include gas pressure and flow, mechanical technologies, terms, definitions and conversations and an introduction to standards and codes.\u00a0\u00a0\u00a0 Gas Regulator Venting &#8211; 1 credit hour*\u00a0\u00a0\u00a0 This course provides an overview of venting standards [&hellip;]","og_url":"https:\/\/linepressureregulator.com\/fr\/ceu-credits\/","og_site_name":"Line Pressure Regulators","article_modified_time":"2026-02-24T21:29:46+00:00","og_image":[{"url":"https:\/\/linepressureregulator.com\/wp-content\/uploads\/elementor\/thumbs\/aspe-logo-e1624303716594-rj0p4fr8zdmhq294w1uszfrxpsiu6nznvxp5kpjj0g.png","type":"","width":"","height":""}],"twitter_card":"summary_large_image","schema":{"@context":"https:\/\/schema.org","@graph":[{"@type":"WebPage","@id":"https:\/\/linepressureregulator.com\/ceu-credits\/","url":"https:\/\/linepressureregulator.com\/ceu-credits\/","name":"CEU Credits - Line Pressure Regulators","isPartOf":{"@id":"https:\/\/linepressureregulator.com\/#website"},"primaryImageOfPage":{"@id":"https:\/\/linepressureregulator.com\/ceu-credits\/#primaryimage"},"image":{"@id":"https:\/\/linepressureregulator.com\/ceu-credits\/#primaryimage"},"thumbnailUrl":"https:\/\/linepressureregulator.com\/wp-content\/uploads\/elementor\/thumbs\/aspe-logo-e1624303716594-rj0p4fr8zdmhq294w1uszfrxpsiu6nznvxp5kpjj0g.png","datePublished":"2021-04-26T21:48:51+00:00","dateModified":"2026-02-24T21:29:46+00:00","breadcrumb":{"@id":"https:\/\/linepressureregulator.com\/ceu-credits\/#breadcrumb"},"inLanguage":"fr-CA","potentialAction":[{"@type":"ReadAction","target":["https:\/\/linepressureregulator.com\/ceu-credits\/"]}]},{"@type":"ImageObject","inLanguage":"fr-CA","@id":"https:\/\/linepressureregulator.com\/ceu-credits\/#primaryimage","url":"https:\/\/linepressureregulator.com\/wp-content\/uploads\/elementor\/thumbs\/aspe-logo-e1624303716594-rj0p4fr8zdmhq294w1uszfrxpsiu6nznvxp5kpjj0g.png","contentUrl":"https:\/\/linepressureregulator.com\/wp-content\/uploads\/elementor\/thumbs\/aspe-logo-e1624303716594-rj0p4fr8zdmhq294w1uszfrxpsiu6nznvxp5kpjj0g.png"},{"@type":"BreadcrumbList","@id":"https:\/\/linepressureregulator.com\/ceu-credits\/#breadcrumb","itemListElement":[{"@type":"ListItem","position":1,"name":"Home","item":"https:\/\/linepressureregulator.com\/"},{"@type":"ListItem","position":2,"name":"CEU Credits"}]},{"@type":"WebSite","@id":"https:\/\/linepressureregulator.com\/#website","url":"https:\/\/linepressureregulator.com\/","name":"R\u00e9gulateurs de pression de ligne","description":"R\u00e9gulateurs de pression de ligne","potentialAction":[{"@type":"SearchAction","target":{"@type":"EntryPoint","urlTemplate":"https:\/\/linepressureregulator.com\/?s={search_term_string}"},"query-input":{"@type":"PropertyValueSpecification","valueRequired":true,"valueName":"search_term_string"}}],"inLanguage":"fr-CA"}]}},"_links":{"self":[{"href":"https:\/\/linepressureregulator.com\/fr\/wp-json\/wp\/v2\/pages\/332","targetHints":{"allow":["GET"]}}],"collection":[{"href":"https:\/\/linepressureregulator.com\/fr\/wp-json\/wp\/v2\/pages"}],"about":[{"href":"https:\/\/linepressureregulator.com\/fr\/wp-json\/wp\/v2\/types\/page"}],"author":[{"embeddable":true,"href":"https:\/\/linepressureregulator.com\/fr\/wp-json\/wp\/v2\/users\/1"}],"replies":[{"embeddable":true,"href":"https:\/\/linepressureregulator.com\/fr\/wp-json\/wp\/v2\/comments?post=332"}],"version-history":[{"count":0,"href":"https:\/\/linepressureregulator.com\/fr\/wp-json\/wp\/v2\/pages\/332\/revisions"}],"wp:attachment":[{"href":"https:\/\/linepressureregulator.com\/fr\/wp-json\/wp\/v2\/media?parent=332"}],"curies":[{"name":"wp","href":"https:\/\/api.w.org\/{rel}","templated":true}]}}