{"id":1038,"date":"2022-01-27T00:57:47","date_gmt":"2022-01-27T00:57:47","guid":{"rendered":"https:\/\/linepressurere.wpenginepowered.com\/?post_type=product&#038;p=1038"},"modified":"2023-09-29T19:31:21","modified_gmt":"2023-09-29T19:31:21","slug":"pf-fe-line-pressure-regulator","status":"publish","type":"product","link":"https:\/\/linepressureregulator.com\/fr\/produit\/pf-fe-line-pressure-regulator\/","title":{"rendered":"PF FE\u200b Line Pressure Regulator"},"content":{"rendered":"<p>Pietro Fiorentini\u2019s GOVAL line of gas regulators are designed to comply with the latest CSA and international standards for regulators suitable for indoor and outdoor installations with no modifications.<\/p>\n<p>The GOVAL family of regulators are ideal for a wide range of residential through large industrial applications. The materials and soft parts used in the construction of the GOVAL regulators make them suitable for use with natural gas, LPG, Propane air and other non-corrosive gases.<\/p>\n<p>Tous les r\u00e9gulateurs GOVAL sont \u00e9quip\u00e9s d&#039;une conception de vanne \u00e9quilibr\u00e9e pour une meilleure pr\u00e9cision de la pression de sortie \u00e9lev\u00e9e, quelle que soit la variation de la pression d&#039;entr\u00e9e. Le double diaphragme avec limiteur d&#039;\u00e9vent int\u00e9gr\u00e9 offre une s\u00e9curit\u00e9 suppl\u00e9mentaire. Le limiteur de ventilation externe r\u00e9duit les co\u00fbts de tuyauterie et le besoin de tuyauterie de ventilation co\u00fbteuse pour les installations int\u00e9rieures et est conforme aux directives de la CSA.* Le nombre de capacit\u00e9s \u00e9lev\u00e9es et d&#039;options de r\u00e9gulateur \u00e9limine parfois le besoin d&#039;unit\u00e9s s\u00e9par\u00e9es et r\u00e9duit consid\u00e9rablement les co\u00fbts d&#039;installation.<\/p>\n<ul>\n<li>Internal vent limiter: non removable, for indoor and outdoor installations; External vent limiter option for indoor installations.*<\/li>\n<li>Double diaphragme pour plus de s\u00e9curit\u00e9 et une plus grande fiabilit\u00e9 de service.<\/li>\n<li>Balanced valve design gives you for increase capacity, high 500 to 1 turndown and stable regulation from low to high flow. Complete lockup in absence of gas flow, 100% bubble tight shutoff.<\/li>\n<li>Filtre inclus dans le mod\u00e8le haute capacit\u00e9.<\/li>\n<\/ul>\n<p><em>* As Approved by Local Codes and Standards ** Brass Vent Limiters must be removed for outdoor installation **<\/em><\/p>\n<p><strong>S\u00fbr, fiable et haute performance<\/strong><\/p>\n<p><strong>Caract\u00e9ristiques principales:<\/strong><\/p>\n<ul>\n<li>CSA 6.22a-2005 ANSI Z21.80A2005 Class I for outlet pressures up to 2 PSIG.<\/li>\n<li>Limiteur de ventilation int\u00e9gr\u00e9<\/li>\n<li>CSA approved External Vent Limiter \u2013 no vent line required**<\/li>\n<li>Positive 100% bubble tight lock up Inlet and Outlet test ports<\/li>\n<li>Ports de test d&#039;entr\u00e9e et de sortie<\/li>\n<li>500 \u00e0 1 refus<\/li>\n<\/ul>\n<p><strong>Taille de l&#039;\u00e9vent<\/strong><\/p>\n<ul>\n<li>1\/4\u201d NPT 1\/2\u201d \u2013 1\u201d<\/li>\n<li>1\/2\u201d NPT 1 \/4\u201d \u2013 4\u201d<\/li>\n<\/ul>\n<p><strong>Gamme de ressorts de sortie\u00a0:<\/strong><\/p>\n<ul>\n<li>Vert 2\u201d W .C. \u00e0 5,1&quot; WC*<\/li>\n<li>Rouge 2,75&quot; W.C. \u00e0 7,87&quot; WC*<\/li>\n<li>WC 6&quot; noir \u00e0 WC 14&quot;*<\/li>\n<li>Jaune 9,8&quot; WC \u00e0 27,5&quot; WC<\/li>\n<li>Violet 23,6&quot; WC \u00e0 59&quot; WC ou 0,85 \u00e0 2,13 PSIG<\/li>\n<li>Orange 55&quot; WC \u00e0 118&quot; WC ou 2 \u00e0 4,26 PSIG<\/li>\n<\/ul>\n<p><em>*Le ressort est certifi\u00e9 CSA pour la pression de sortie<\/em><\/p>\n<p><strong>Caract\u00e9ristiques:<\/strong><\/p>\n<ul>\n<li>Convient pour une utilisation avec du gaz naturel, du GPL et tout gaz propre non corrosif<\/li>\n<li>Pression d&#039;entr\u00e9e : 3&quot; WC \u00e0 2 PSIG Approuv\u00e9 CSA ; Max. Entr\u00e9e : 15 PSIG pour les applications non CSA<\/li>\n<li>Pression de sortie : 2&quot; WC \u00e0 14&quot; WC pour CSA ; Pression de sortie : 2\u2033 WC \u00e0 4,25 PSIG pour les non-CSA<\/li>\n<li>Plage de temp\u00e9rature\u00a0: -40\u00a0\u00b0F \u00e0 150\u00a0\u00b0F<\/li>\n<li>Connections: \u00bd\u201d-2&#8243; NPT &amp; 2 1\/2&#8243; &#8211; 4\u201d ANSI 150 Flanged<\/li>\n<li>Pression d&#039;exposition d&#039;entr\u00e9e d&#039;urgence maximale : 80 PSIG<\/li>\n<li>Convient pour une installation int\u00e9rieure ou ext\u00e9rieure<\/li>\n<\/ul>\n<p>* Tel qu&#039;approuv\u00e9 par les codes et normes locaux<br \/>\n**Le limiteur d&#039;\u00e9vent en laiton doit \u00eatre retir\u00e9 pour une installation \u00e0 l&#039;ext\u00e9rieur<\/p>\n<p><strong>T\u00e9l\u00e9chargements\u00a0:<\/strong><\/p>\n<p><a href=\"https:\/\/linepressureregulator.com\/wp-content\/uploads\/2022\/01\/GOVAL-Brochure-12.24.18.pdf\">Brochure du r\u00e9gulateur de pression de ligne PF GOVAL<\/a><br \/>\n<a href=\"http:\/\/www.fiorentiniminireg.it\/fiogovernorsUS\/\">Programme de tailles Pietro Fiorentini GOVERNOR<\/a><br \/>\n<a href=\"https:\/\/linepressureregulator.com\/wp-content\/uploads\/2021\/09\/Certicate-of-Compliance-CoFC_80044583_EN-8-92020.pdf\">CSA Certificate of Compliance<\/a><\/p>","protected":false},"excerpt":{"rendered":"<p>Pietro Fiorentini\u2019s GOVAL line of gas regulators are designed to comply with the latest CSA and international standards for regulators suitable for indoor and outdoor installations with no modifications. The GOVAL family of regulators are ideal for a wide range of residential through large industrial applications. The materials and soft parts used in the construction [&hellip;]<\/p>\n","protected":false},"featured_media":817,"comment_status":"open","ping_status":"closed","template":"","meta":[],"product_brand":[],"product_cat":[20],"product_tag":[],"class_list":{"0":"post-1038","1":"product","2":"type-product","3":"status-publish","4":"has-post-thumbnail","6":"product_cat-governor-products","8":"first","9":"instock","10":"shipping-taxable","11":"product-type-simple"},"yoast_head":"<!-- This site is optimized with the Yoast SEO plugin v27.2 - https:\/\/yoast.com\/product\/yoast-seo-wordpress\/ -->\n<title>PF FE\u200b Line Pressure Regulator - Line Pressure Regulators<\/title>\n<meta name=\"description\" content=\"The GOVAL family of regulators are ideal for a wide range of residential through large industrial applications.\" \/>\n<meta name=\"robots\" content=\"index, follow, max-snippet:-1, max-image-preview:large, max-video-preview:-1\" \/>\n<link rel=\"canonical\" href=\"https:\/\/linepressureregulator.com\/fr\/produit\/pf-fe-line-pressure-regulator\/\" \/>\n<meta property=\"og:locale\" content=\"fr_CA\" \/>\n<meta property=\"og:type\" content=\"article\" \/>\n<meta property=\"og:title\" content=\"PF FE\u200b Line Pressure Regulator - Line Pressure Regulators\" \/>\n<meta property=\"og:description\" content=\"The GOVAL family of regulators are ideal for a wide range of residential through large industrial applications.\" \/>\n<meta property=\"og:url\" content=\"https:\/\/linepressureregulator.com\/fr\/produit\/pf-fe-line-pressure-regulator\/\" \/>\n<meta property=\"og:site_name\" content=\"Line Pressure Regulators\" \/>\n<meta property=\"article:modified_time\" content=\"2023-09-29T19:31:21+00:00\" \/>\n<meta property=\"og:image\" content=\"https:\/\/linepressureregulator.com\/wp-content\/uploads\/2021\/12\/LPR-09-Goval.jpg\" \/>\n\t<meta property=\"og:image:width\" content=\"434\" \/>\n\t<meta property=\"og:image:height\" content=\"459\" \/>\n\t<meta property=\"og:image:type\" content=\"image\/jpeg\" \/>\n<meta name=\"twitter:card\" content=\"summary_large_image\" \/>\n<meta name=\"twitter:label1\" content=\"Estimation du temps de lecture\" \/>\n\t<meta name=\"twitter:data1\" content=\"2 minutes\" \/>\n<script type=\"application\/ld+json\" class=\"yoast-schema-graph\">{\"@context\":\"https:\/\/schema.org\",\"@graph\":[{\"@type\":\"WebPage\",\"@id\":\"https:\/\/linepressureregulator.com\/product\/pf-fe-line-pressure-regulator\/\",\"url\":\"https:\/\/linepressureregulator.com\/product\/pf-fe-line-pressure-regulator\/\",\"name\":\"PF FE\u200b Line Pressure Regulator - Line Pressure Regulators\",\"isPartOf\":{\"@id\":\"https:\/\/linepressureregulator.com\/#website\"},\"primaryImageOfPage\":{\"@id\":\"https:\/\/linepressureregulator.com\/product\/pf-fe-line-pressure-regulator\/#primaryimage\"},\"image\":{\"@id\":\"https:\/\/linepressureregulator.com\/product\/pf-fe-line-pressure-regulator\/#primaryimage\"},\"thumbnailUrl\":\"https:\/\/linepressureregulator.com\/wp-content\/uploads\/2021\/12\/LPR-09-Goval.jpg\",\"datePublished\":\"2022-01-27T00:57:47+00:00\",\"dateModified\":\"2023-09-29T19:31:21+00:00\",\"description\":\"The GOVAL family of regulators are ideal for a wide range of residential through large industrial applications.\",\"breadcrumb\":{\"@id\":\"https:\/\/linepressureregulator.com\/product\/pf-fe-line-pressure-regulator\/#breadcrumb\"},\"inLanguage\":\"fr-CA\",\"potentialAction\":[{\"@type\":\"ReadAction\",\"target\":[\"https:\/\/linepressureregulator.com\/product\/pf-fe-line-pressure-regulator\/\"]}]},{\"@type\":\"ImageObject\",\"inLanguage\":\"fr-CA\",\"@id\":\"https:\/\/linepressureregulator.com\/product\/pf-fe-line-pressure-regulator\/#primaryimage\",\"url\":\"https:\/\/linepressureregulator.com\/wp-content\/uploads\/2021\/12\/LPR-09-Goval.jpg\",\"contentUrl\":\"https:\/\/linepressureregulator.com\/wp-content\/uploads\/2021\/12\/LPR-09-Goval.jpg\",\"width\":434,\"height\":459,\"caption\":\"Pietro Fiorentini Goal\"},{\"@type\":\"BreadcrumbList\",\"@id\":\"https:\/\/linepressureregulator.com\/product\/pf-fe-line-pressure-regulator\/#breadcrumb\",\"itemListElement\":[{\"@type\":\"ListItem\",\"position\":1,\"name\":\"Home\",\"item\":\"https:\/\/linepressureregulator.com\/\"},{\"@type\":\"ListItem\",\"position\":2,\"name\":\"Shop\",\"item\":\"https:\/\/linepressureregulator.com\/shop\/\"},{\"@type\":\"ListItem\",\"position\":3,\"name\":\"PF FE\u200b Line Pressure Regulator\"}]},{\"@type\":\"WebSite\",\"@id\":\"https:\/\/linepressureregulator.com\/#website\",\"url\":\"https:\/\/linepressureregulator.com\/\",\"name\":\"Line Pressure Regulators\",\"description\":\"Line Pressure Regulators\",\"potentialAction\":[{\"@type\":\"SearchAction\",\"target\":{\"@type\":\"EntryPoint\",\"urlTemplate\":\"https:\/\/linepressureregulator.com\/?s={search_term_string}\"},\"query-input\":{\"@type\":\"PropertyValueSpecification\",\"valueRequired\":true,\"valueName\":\"search_term_string\"}}],\"inLanguage\":\"fr-CA\"}]}<\/script>\n<!-- \/ Yoast SEO plugin. -->","yoast_head_json":{"title":"PF FE\u200b Line Pressure Regulator - Line Pressure Regulators","description":"The GOVAL family of regulators are ideal for a wide range of residential through large industrial applications.","robots":{"index":"index","follow":"follow","max-snippet":"max-snippet:-1","max-image-preview":"max-image-preview:large","max-video-preview":"max-video-preview:-1"},"canonical":"https:\/\/linepressureregulator.com\/fr\/produit\/pf-fe-line-pressure-regulator\/","og_locale":"fr_CA","og_type":"article","og_title":"PF FE\u200b Line Pressure Regulator - Line Pressure Regulators","og_description":"The GOVAL family of regulators are ideal for a wide range of residential through large industrial applications.","og_url":"https:\/\/linepressureregulator.com\/fr\/produit\/pf-fe-line-pressure-regulator\/","og_site_name":"Line Pressure Regulators","article_modified_time":"2023-09-29T19:31:21+00:00","og_image":[{"width":434,"height":459,"url":"https:\/\/linepressureregulator.com\/wp-content\/uploads\/2021\/12\/LPR-09-Goval.jpg","type":"image\/jpeg"}],"twitter_card":"summary_large_image","twitter_misc":{"Estimation du temps de lecture":"2 minutes"},"schema":{"@context":"https:\/\/schema.org","@graph":[{"@type":"WebPage","@id":"https:\/\/linepressureregulator.com\/product\/pf-fe-line-pressure-regulator\/","url":"https:\/\/linepressureregulator.com\/product\/pf-fe-line-pressure-regulator\/","name":"PF FE\u200b Line Pressure Regulator - Line Pressure Regulators","isPartOf":{"@id":"https:\/\/linepressureregulator.com\/#website"},"primaryImageOfPage":{"@id":"https:\/\/linepressureregulator.com\/product\/pf-fe-line-pressure-regulator\/#primaryimage"},"image":{"@id":"https:\/\/linepressureregulator.com\/product\/pf-fe-line-pressure-regulator\/#primaryimage"},"thumbnailUrl":"https:\/\/linepressureregulator.com\/wp-content\/uploads\/2021\/12\/LPR-09-Goval.jpg","datePublished":"2022-01-27T00:57:47+00:00","dateModified":"2023-09-29T19:31:21+00:00","description":"The GOVAL family of regulators are ideal for a wide range of residential through large industrial applications.","breadcrumb":{"@id":"https:\/\/linepressureregulator.com\/product\/pf-fe-line-pressure-regulator\/#breadcrumb"},"inLanguage":"fr-CA","potentialAction":[{"@type":"ReadAction","target":["https:\/\/linepressureregulator.com\/product\/pf-fe-line-pressure-regulator\/"]}]},{"@type":"ImageObject","inLanguage":"fr-CA","@id":"https:\/\/linepressureregulator.com\/product\/pf-fe-line-pressure-regulator\/#primaryimage","url":"https:\/\/linepressureregulator.com\/wp-content\/uploads\/2021\/12\/LPR-09-Goval.jpg","contentUrl":"https:\/\/linepressureregulator.com\/wp-content\/uploads\/2021\/12\/LPR-09-Goval.jpg","width":434,"height":459,"caption":"Pietro Fiorentini Goal"},{"@type":"BreadcrumbList","@id":"https:\/\/linepressureregulator.com\/product\/pf-fe-line-pressure-regulator\/#breadcrumb","itemListElement":[{"@type":"ListItem","position":1,"name":"Home","item":"https:\/\/linepressureregulator.com\/"},{"@type":"ListItem","position":2,"name":"Shop","item":"https:\/\/linepressureregulator.com\/shop\/"},{"@type":"ListItem","position":3,"name":"PF FE\u200b Line Pressure Regulator"}]},{"@type":"WebSite","@id":"https:\/\/linepressureregulator.com\/#website","url":"https:\/\/linepressureregulator.com\/","name":"R\u00e9gulateurs de pression de ligne","description":"R\u00e9gulateurs de pression de ligne","potentialAction":[{"@type":"SearchAction","target":{"@type":"EntryPoint","urlTemplate":"https:\/\/linepressureregulator.com\/?s={search_term_string}"},"query-input":{"@type":"PropertyValueSpecification","valueRequired":true,"valueName":"search_term_string"}}],"inLanguage":"fr-CA"}]}},"_links":{"self":[{"href":"https:\/\/linepressureregulator.com\/fr\/wp-json\/wp\/v2\/product\/1038","targetHints":{"allow":["GET"]}}],"collection":[{"href":"https:\/\/linepressureregulator.com\/fr\/wp-json\/wp\/v2\/product"}],"about":[{"href":"https:\/\/linepressureregulator.com\/fr\/wp-json\/wp\/v2\/types\/product"}],"replies":[{"embeddable":true,"href":"https:\/\/linepressureregulator.com\/fr\/wp-json\/wp\/v2\/comments?post=1038"}],"wp:featuredmedia":[{"embeddable":true,"href":"https:\/\/linepressureregulator.com\/fr\/wp-json\/wp\/v2\/media\/817"}],"wp:attachment":[{"href":"https:\/\/linepressureregulator.com\/fr\/wp-json\/wp\/v2\/media?parent=1038"}],"wp:term":[{"taxonomy":"product_brand","embeddable":true,"href":"https:\/\/linepressureregulator.com\/fr\/wp-json\/wp\/v2\/product_brand?post=1038"},{"taxonomy":"product_cat","embeddable":true,"href":"https:\/\/linepressureregulator.com\/fr\/wp-json\/wp\/v2\/product_cat?post=1038"},{"taxonomy":"product_tag","embeddable":true,"href":"https:\/\/linepressureregulator.com\/fr\/wp-json\/wp\/v2\/product_tag?post=1038"}],"curies":[{"name":"wp","href":"https:\/\/api.w.org\/{rel}","templated":true}]}}