{"id":893,"date":"2021-12-21T21:55:31","date_gmt":"2021-12-21T21:55:31","guid":{"rendered":"https:\/\/linepressurere.wpenginepowered.com\/?post_type=product&#038;p=893"},"modified":"2023-11-30T02:25:55","modified_gmt":"2023-11-30T02:25:55","slug":"governor-over-pressure-device-opd-dc-model-3-10-psig","status":"publish","type":"product","link":"https:\/\/linepressureregulator.com\/fr\/produit\/governor-over-pressure-device-opd-dc-model-3-10-psig\/","title":{"rendered":"GOVERNOR Dispositif de surpression (OPD) DC Mod\u00e8le 3-10 PSIG"},"content":{"rendered":"<div class=\"elementor-element elementor-element-51e485e elementor-widget elementor-widget-woocommerce-product-content\" data-id=\"51e485e\" data-element_type=\"widget\" data-widget_type=\"woocommerce-product-content.default\">\n<div class=\"elementor-widget-container\">\n<p>CSA design certified Z21.80\/ CSA 6.22 Class I Line Gas Pressure Regulator with Over Pressure Protection (OPD) for 5 psig inlet pressure, outlet pressure range of 2\u201d W.C. to \u00bd psig. The GOVERNOR allows for vent limited**, multi-position installation and positive dead-end lockup for \u00bd\u201d through 2\u2033. The GOVERNOR Gas Pressure Regulator also features double diaphragm, integral vent limiter with balanced valve design to provide increased capacity and accuracy. The GOVERNOR is suitable for indoor and outdoor installation.<\/p>\n<p><strong>S\u00fbr, fiable et haute performance<\/strong><\/p>\n<p><strong>Caract\u00e9ristiques principales:<\/strong><\/p>\n<ul>\n<li>Two stage regulation for over pressure protection<\/li>\n<li>ANSI Z21.80A-2019\/ CSA 6.22A-2019 Classe I jusqu&#039;\u00e0 14\u2033 WC et Classe II pour des pressions de sortie jusqu&#039;\u00e0 1 PSIG et des pressions d&#039;entr\u00e9e jusqu&#039;\u00e0 10 PSIG<\/li>\n<li>ANSI Z21.18B-2019 \/ CSA 6.3B-2019 for inlet pressure up to 10 PSIG certified<\/li>\n<li>Limiteur de ventilation int\u00e9gr\u00e9<\/li>\n<li>Limiteur d&#039;\u00e9vent externe - aucune conduite d&#039;\u00e9vent requise **<\/li>\n<li>Verrouillage \u00e9tanche aux bulles positif 100%<\/li>\n<li>Ports de test d&#039;entr\u00e9e et de sortie<\/li>\n<li>500 \u00e0 1 refus<\/li>\n<li>Filtre inclus dans tous les mod\u00e8les<\/li>\n<\/ul>\n<p><strong>Taille de l&#039;\u00e9vent<\/strong><\/p>\n<ul>\n<li>1\/4\u201d NPT \u2013 1\/2\u201d \u2013 1\u201d<\/li>\n<li>1\/2\u201d NPT \u2013 1 1\/4\u201d \u2013 4\u201d<\/li>\n<\/ul>\n<p><strong>Gamme de ressorts de sortie\u00a0:<\/strong><\/p>\n<ul>\n<li>Vert 2\u201d W .C. \u00e0 5,1&quot; WC*<\/li>\n<li>Rouge 2,75&quot; W.C. \u00e0 7,87&quot; WC*<\/li>\n<li>WC 6&quot; noir \u00e0 WC 14&quot;*<\/li>\n<li>Jaune 9,8&quot; WC \u00e0 27,5&quot; WC<\/li>\n<li>Violet 23,6&quot; WC \u00e0 2,13 PSIG*<\/li>\n<li>Orange 2 \u00e0 4,26 PSIG<\/li>\n<\/ul>\n<p><strong>Caract\u00e9ristiques:<\/strong><\/p>\n<ul>\n<li>Convient pour une utilisation avec du gaz naturel, du GPL et tout gaz propre non corrosif<\/li>\n<li>Inlet Pressure: 3 PSIG to 10 PSIG; Max. Inlet Pressure: CSA rated &#8211; 10 PSIG: Pietro Fiorentini rated &#8211; 10 PSIG<\/li>\n<li>Pression de sortie : 2&quot; WC \u00e0 1 PSIG pour CSA et jusqu&#039;\u00e0 3 PSIG pour les applications non-CSA<\/li>\n<li>Plage de temp\u00e9rature\u00a0: -40\u00a0\u00b0F \u00e0 150\u00a0\u00b0F<\/li>\n<li>Connexions : 1\/2&quot; \u00e0 4&quot;<\/li>\n<li>Pression d&#039;exposition d&#039;entr\u00e9e d&#039;urgence maximale : 80 PSIG<\/li>\n<li>Convient pour une installation int\u00e9rieure ou ext\u00e9rieure<\/li>\n<\/ul>\n<\/div>\n<\/div>\n<div class=\"elementor-element elementor-element-51e485e elementor-widget elementor-widget-woocommerce-product-content\" data-id=\"51e485e\" data-element_type=\"widget\" data-widget_type=\"woocommerce-product-content.default\">\n<div class=\"elementor-widget-container\">\n<p><em>Ne pas utiliser 31051, 31052 et 31053 sur des g\u00e9n\u00e9rateurs ou des chaudi\u00e8res \u00e0 haut rendement<br \/>\n<\/em><\/p>\n<p>*Spring is CSA outlet pressure certified\u00a0\u00a0 **As approved by local codes and standards<\/p>\n<p><strong>T\u00e9l\u00e9chargements\u00a0:<\/strong><br \/>\n<a href=\"ttps:\/\/www.staffordllc.net\/uploads\/1097_10 psig December 15_1.pdf https:\/\/www.staffordllc.net\/uploads\/1101_10 PSIG Installation Manual_1.pdf\">GOVERNOR DC Engineering Specification Sheet<\/a><br \/>\n<a href=\"https:\/\/linepressureregulator.com\/wp-content\/uploads\/2022\/08\/PF-GOVERNOR400-Brochure-LPR-08.29.22-FINAL.pdf\">PF GOVERNOR 400 Brochure &#8211; English<\/a><br \/>\n<a href=\"https:\/\/linepressureregulator.com\/wp-content\/uploads\/2023\/11\/PF-GOVERNOR400-Brochure-ECCO-Spanish-LPR-10.30.23-FINAL.pdf\">PF GOVERNOR 400 Brochure &#8211; Spanish<\/a><br \/>\n<a href=\"https:\/\/linepressureregulator.com\/wp-content\/uploads\/2023\/11\/PF-GOVERNOR400-Brochure-ECCO-French-Canadian-LPR-08.29.22-FINAL.pdf\">PF GOVERNOR 400 Brochure &#8211; French Canadian<\/a><br \/>\n<a href=\"https:\/\/equipmentcontrols.com\/wp-content\/uploads\/2020\/09\/Governor-OPD-Engineering-Specification-Sheet-9-2020.pdf\">Governor OPD Engineering Specification Sheet<\/a><br \/>\n<a href=\"https:\/\/linepressureregulator.com\/wp-content\/uploads\/2022\/05\/INSTALLATION-PROCEEDURE-FOR-ADDING-EXTERNAL-CONTROL-LINE-TO-OPD-GOVERNOR-9-30-2015.pdf\">GOVERNOR IOM<\/a><\/p>\n<\/div>\n<\/div>","protected":false},"excerpt":{"rendered":"<p>CSA design certified Z21.80\/ CSA 6.22 Class I Line Gas Pressure Regulator with Over Pressure Protection (OPD) for 5 psig inlet pressure, outlet pressure range of 2\u201d W.C. to \u00bd psig. The GOVERNOR allows for vent limited**, multi-position installation and positive dead-end lockup for \u00bd\u201d through 2\u2033. The GOVERNOR Gas Pressure Regulator also features double [&hellip;]<\/p>\n","protected":false},"featured_media":811,"comment_status":"open","ping_status":"closed","template":"","meta":[],"product_brand":[],"product_cat":[20],"product_tag":[],"class_list":{"0":"post-893","1":"product","2":"type-product","3":"status-publish","4":"has-post-thumbnail","6":"product_cat-governor-products","8":"first","9":"instock","10":"shipping-taxable","11":"product-type-simple"},"yoast_head":"<!-- This site is optimized with the Yoast SEO plugin v27.2 - https:\/\/yoast.com\/product\/yoast-seo-wordpress\/ -->\n<title>GOVERNOR Over Pressure Device (OPD) DC Model 3-10 PSIG - Line Pressure Regulators<\/title>\n<meta name=\"robots\" content=\"index, follow, max-snippet:-1, max-image-preview:large, max-video-preview:-1\" \/>\n<link rel=\"canonical\" href=\"https:\/\/linepressureregulator.com\/fr\/produit\/governor-over-pressure-device-opd-dc-model-3-10-psig\/\" \/>\n<meta property=\"og:locale\" content=\"fr_CA\" \/>\n<meta property=\"og:type\" content=\"article\" \/>\n<meta property=\"og:title\" content=\"GOVERNOR Over Pressure Device (OPD) DC Model 3-10 PSIG - Line Pressure Regulators\" \/>\n<meta property=\"og:description\" content=\"CSA design certified Z21.80\/ CSA 6.22 Class I Line Gas Pressure Regulator with Over Pressure Protection (OPD) for 5 psig inlet pressure, outlet pressure range of 2\u201d W.C. to \u00bd psig. The GOVERNOR allows for vent limited**, multi-position installation and positive dead-end lockup for \u00bd\u201d through 2\u2033. The GOVERNOR Gas Pressure Regulator also features double [&hellip;]\" \/>\n<meta property=\"og:url\" content=\"https:\/\/linepressureregulator.com\/fr\/produit\/governor-over-pressure-device-opd-dc-model-3-10-psig\/\" \/>\n<meta property=\"og:site_name\" content=\"Line Pressure Regulators\" \/>\n<meta property=\"article:modified_time\" content=\"2023-11-30T02:25:55+00:00\" \/>\n<meta property=\"og:image\" content=\"https:\/\/linepressureregulator.com\/wp-content\/uploads\/2021\/12\/LPR-03-Gov-OPD-DC.jpg\" \/>\n\t<meta property=\"og:image:width\" content=\"434\" \/>\n\t<meta property=\"og:image:height\" content=\"459\" \/>\n\t<meta property=\"og:image:type\" content=\"image\/jpeg\" \/>\n<meta name=\"twitter:card\" content=\"summary_large_image\" \/>\n<meta name=\"twitter:label1\" content=\"Estimation du temps de lecture\" \/>\n\t<meta name=\"twitter:data1\" content=\"2 minutes\" \/>\n<script type=\"application\/ld+json\" class=\"yoast-schema-graph\">{\"@context\":\"https:\/\/schema.org\",\"@graph\":[{\"@type\":\"WebPage\",\"@id\":\"https:\/\/linepressureregulator.com\/product\/governor-over-pressure-device-opd-dc-model-3-10-psig\/\",\"url\":\"https:\/\/linepressureregulator.com\/product\/governor-over-pressure-device-opd-dc-model-3-10-psig\/\",\"name\":\"GOVERNOR Over Pressure Device (OPD) DC Model 3-10 PSIG - Line Pressure Regulators\",\"isPartOf\":{\"@id\":\"https:\/\/linepressureregulator.com\/#website\"},\"primaryImageOfPage\":{\"@id\":\"https:\/\/linepressureregulator.com\/product\/governor-over-pressure-device-opd-dc-model-3-10-psig\/#primaryimage\"},\"image\":{\"@id\":\"https:\/\/linepressureregulator.com\/product\/governor-over-pressure-device-opd-dc-model-3-10-psig\/#primaryimage\"},\"thumbnailUrl\":\"https:\/\/linepressureregulator.com\/wp-content\/uploads\/2021\/12\/LPR-03-Gov-OPD-DC.jpg\",\"datePublished\":\"2021-12-21T21:55:31+00:00\",\"dateModified\":\"2023-11-30T02:25:55+00:00\",\"breadcrumb\":{\"@id\":\"https:\/\/linepressureregulator.com\/product\/governor-over-pressure-device-opd-dc-model-3-10-psig\/#breadcrumb\"},\"inLanguage\":\"fr-CA\",\"potentialAction\":[{\"@type\":\"ReadAction\",\"target\":[\"https:\/\/linepressureregulator.com\/product\/governor-over-pressure-device-opd-dc-model-3-10-psig\/\"]}]},{\"@type\":\"ImageObject\",\"inLanguage\":\"fr-CA\",\"@id\":\"https:\/\/linepressureregulator.com\/product\/governor-over-pressure-device-opd-dc-model-3-10-psig\/#primaryimage\",\"url\":\"https:\/\/linepressureregulator.com\/wp-content\/uploads\/2021\/12\/LPR-03-Gov-OPD-DC.jpg\",\"contentUrl\":\"https:\/\/linepressureregulator.com\/wp-content\/uploads\/2021\/12\/LPR-03-Gov-OPD-DC.jpg\",\"width\":434,\"height\":459,\"caption\":\"GOVERNOR Over Pressure Device DC Model 3-10 PSIG\"},{\"@type\":\"BreadcrumbList\",\"@id\":\"https:\/\/linepressureregulator.com\/product\/governor-over-pressure-device-opd-dc-model-3-10-psig\/#breadcrumb\",\"itemListElement\":[{\"@type\":\"ListItem\",\"position\":1,\"name\":\"Home\",\"item\":\"https:\/\/linepressureregulator.com\/\"},{\"@type\":\"ListItem\",\"position\":2,\"name\":\"Shop\",\"item\":\"https:\/\/linepressureregulator.com\/shop\/\"},{\"@type\":\"ListItem\",\"position\":3,\"name\":\"GOVERNOR Over Pressure Device (OPD) DC Model 3-10 PSIG\"}]},{\"@type\":\"WebSite\",\"@id\":\"https:\/\/linepressureregulator.com\/#website\",\"url\":\"https:\/\/linepressureregulator.com\/\",\"name\":\"Line Pressure Regulators\",\"description\":\"Line Pressure Regulators\",\"potentialAction\":[{\"@type\":\"SearchAction\",\"target\":{\"@type\":\"EntryPoint\",\"urlTemplate\":\"https:\/\/linepressureregulator.com\/?s={search_term_string}\"},\"query-input\":{\"@type\":\"PropertyValueSpecification\",\"valueRequired\":true,\"valueName\":\"search_term_string\"}}],\"inLanguage\":\"fr-CA\"}]}<\/script>\n<!-- \/ Yoast SEO plugin. -->","yoast_head_json":{"title":"GOVERNOR Over Pressure Device (OPD) DC Model 3-10 PSIG - Line Pressure Regulators","robots":{"index":"index","follow":"follow","max-snippet":"max-snippet:-1","max-image-preview":"max-image-preview:large","max-video-preview":"max-video-preview:-1"},"canonical":"https:\/\/linepressureregulator.com\/fr\/produit\/governor-over-pressure-device-opd-dc-model-3-10-psig\/","og_locale":"fr_CA","og_type":"article","og_title":"GOVERNOR Over Pressure Device (OPD) DC Model 3-10 PSIG - Line Pressure Regulators","og_description":"CSA design certified Z21.80\/ CSA 6.22 Class I Line Gas Pressure Regulator with Over Pressure Protection (OPD) for 5 psig inlet pressure, outlet pressure range of 2\u201d W.C. to \u00bd psig. The GOVERNOR allows for vent limited**, multi-position installation and positive dead-end lockup for \u00bd\u201d through 2\u2033. The GOVERNOR Gas Pressure Regulator also features double [&hellip;]","og_url":"https:\/\/linepressureregulator.com\/fr\/produit\/governor-over-pressure-device-opd-dc-model-3-10-psig\/","og_site_name":"Line Pressure Regulators","article_modified_time":"2023-11-30T02:25:55+00:00","og_image":[{"width":434,"height":459,"url":"https:\/\/linepressureregulator.com\/wp-content\/uploads\/2021\/12\/LPR-03-Gov-OPD-DC.jpg","type":"image\/jpeg"}],"twitter_card":"summary_large_image","twitter_misc":{"Estimation du temps de lecture":"2 minutes"},"schema":{"@context":"https:\/\/schema.org","@graph":[{"@type":"WebPage","@id":"https:\/\/linepressureregulator.com\/product\/governor-over-pressure-device-opd-dc-model-3-10-psig\/","url":"https:\/\/linepressureregulator.com\/product\/governor-over-pressure-device-opd-dc-model-3-10-psig\/","name":"GOVERNOR Over Pressure Device (OPD) DC Model 3-10 PSIG - Line Pressure Regulators","isPartOf":{"@id":"https:\/\/linepressureregulator.com\/#website"},"primaryImageOfPage":{"@id":"https:\/\/linepressureregulator.com\/product\/governor-over-pressure-device-opd-dc-model-3-10-psig\/#primaryimage"},"image":{"@id":"https:\/\/linepressureregulator.com\/product\/governor-over-pressure-device-opd-dc-model-3-10-psig\/#primaryimage"},"thumbnailUrl":"https:\/\/linepressureregulator.com\/wp-content\/uploads\/2021\/12\/LPR-03-Gov-OPD-DC.jpg","datePublished":"2021-12-21T21:55:31+00:00","dateModified":"2023-11-30T02:25:55+00:00","breadcrumb":{"@id":"https:\/\/linepressureregulator.com\/product\/governor-over-pressure-device-opd-dc-model-3-10-psig\/#breadcrumb"},"inLanguage":"fr-CA","potentialAction":[{"@type":"ReadAction","target":["https:\/\/linepressureregulator.com\/product\/governor-over-pressure-device-opd-dc-model-3-10-psig\/"]}]},{"@type":"ImageObject","inLanguage":"fr-CA","@id":"https:\/\/linepressureregulator.com\/product\/governor-over-pressure-device-opd-dc-model-3-10-psig\/#primaryimage","url":"https:\/\/linepressureregulator.com\/wp-content\/uploads\/2021\/12\/LPR-03-Gov-OPD-DC.jpg","contentUrl":"https:\/\/linepressureregulator.com\/wp-content\/uploads\/2021\/12\/LPR-03-Gov-OPD-DC.jpg","width":434,"height":459,"caption":"GOVERNOR Over Pressure Device DC Model 3-10 PSIG"},{"@type":"BreadcrumbList","@id":"https:\/\/linepressureregulator.com\/product\/governor-over-pressure-device-opd-dc-model-3-10-psig\/#breadcrumb","itemListElement":[{"@type":"ListItem","position":1,"name":"Home","item":"https:\/\/linepressureregulator.com\/"},{"@type":"ListItem","position":2,"name":"Shop","item":"https:\/\/linepressureregulator.com\/shop\/"},{"@type":"ListItem","position":3,"name":"GOVERNOR Over Pressure Device (OPD) DC Model 3-10 PSIG"}]},{"@type":"WebSite","@id":"https:\/\/linepressureregulator.com\/#website","url":"https:\/\/linepressureregulator.com\/","name":"R\u00e9gulateurs de pression de ligne","description":"R\u00e9gulateurs de pression de ligne","potentialAction":[{"@type":"SearchAction","target":{"@type":"EntryPoint","urlTemplate":"https:\/\/linepressureregulator.com\/?s={search_term_string}"},"query-input":{"@type":"PropertyValueSpecification","valueRequired":true,"valueName":"search_term_string"}}],"inLanguage":"fr-CA"}]}},"_links":{"self":[{"href":"https:\/\/linepressureregulator.com\/fr\/wp-json\/wp\/v2\/product\/893","targetHints":{"allow":["GET"]}}],"collection":[{"href":"https:\/\/linepressureregulator.com\/fr\/wp-json\/wp\/v2\/product"}],"about":[{"href":"https:\/\/linepressureregulator.com\/fr\/wp-json\/wp\/v2\/types\/product"}],"replies":[{"embeddable":true,"href":"https:\/\/linepressureregulator.com\/fr\/wp-json\/wp\/v2\/comments?post=893"}],"wp:featuredmedia":[{"embeddable":true,"href":"https:\/\/linepressureregulator.com\/fr\/wp-json\/wp\/v2\/media\/811"}],"wp:attachment":[{"href":"https:\/\/linepressureregulator.com\/fr\/wp-json\/wp\/v2\/media?parent=893"}],"wp:term":[{"taxonomy":"product_brand","embeddable":true,"href":"https:\/\/linepressureregulator.com\/fr\/wp-json\/wp\/v2\/product_brand?post=893"},{"taxonomy":"product_cat","embeddable":true,"href":"https:\/\/linepressureregulator.com\/fr\/wp-json\/wp\/v2\/product_cat?post=893"},{"taxonomy":"product_tag","embeddable":true,"href":"https:\/\/linepressureregulator.com\/fr\/wp-json\/wp\/v2\/product_tag?post=893"}],"curies":[{"name":"wp","href":"https:\/\/api.w.org\/{rel}","templated":true}]}}