{"id":911,"date":"2021-12-21T22:00:06","date_gmt":"2021-12-21T22:00:06","guid":{"rendered":"https:\/\/linepressurere.wpenginepowered.com\/?post_type=product&#038;p=911"},"modified":"2023-11-27T15:03:22","modified_gmt":"2023-11-27T15:03:22","slug":"governor-pf400-vent-limiter-vertical%e2%80%8b","status":"publish","type":"product","link":"https:\/\/linepressureregulator.com\/fr\/produit\/governor-pf400-vent-limiter-vertical%e2%80%8b\/","title":{"rendered":"Limiteur de ventilation vertical GOVERNOR PF400\u200b"},"content":{"rendered":"<p><strong>R\u00e9gulateurs de pression de ligne PF400 avec limiteur d&#039;\u00e9vent vertical<\/strong><\/p>\n<p>La gamme de r\u00e9gulateurs de gaz PF400 de Pietro Fiorentini est con\u00e7ue pour se conformer aux derni\u00e8res normes CSA et internationales pour les r\u00e9gulateurs adapt\u00e9s aux installations int\u00e9rieures et ext\u00e9rieures sans aucune modification.<\/p>\n<p>La famille de r\u00e9gulateurs PF400 est id\u00e9ale pour une large gamme d&#039;applications r\u00e9sidentielles \u00e0 grandes industrielles. Les mat\u00e9riaux et les pi\u00e8ces souples utilis\u00e9s dans la construction des r\u00e9gulateurs PF400 les rendent adapt\u00e9s \u00e0 une utilisation avec du gaz naturel, du GPL, de l&#039;air propane et d&#039;autres gaz non corrosifs.<\/p>\n<p>Tous les PF400 peuvent atteindre une pr\u00e9cision \u00e9lev\u00e9e de la pression de sortie, quelle que soit la variation de la pression d&#039;entr\u00e9e. Le limiteur de ventilation externe r\u00e9duit les co\u00fbts de tuyauterie et le besoin de tuyauterie de ventilation co\u00fbteuse pour les installations int\u00e9rieures et est conforme aux directives CSA.*<\/p>\n<p><strong>S\u00fbr, fiable et haute performance<\/strong><\/p>\n<ul>\n<li>Option de limiteur d&#039;\u00e9vent externe certifi\u00e9 CSA pour les installations int\u00e9rieures*.<\/li>\n<li>Positions d&#039;installation verticales et horizontales.<\/li>\n<li>Blocage complet en l&#039;absence de d\u00e9bit de gaz, fermeture \u00e9tanche aux bulles 100%.<\/li>\n<li>Con\u00e7u pour \u00eatre utilis\u00e9 sur les fournaises et les charges marche-arr\u00eat simples.<\/li>\n<\/ul>\n<p>* Tel qu&#039;approuv\u00e9 par les codes et normes locaux<br \/>\n**Le limiteur d&#039;\u00e9vent en laiton doit \u00eatre retir\u00e9 pour une installation \u00e0 l&#039;ext\u00e9rieur<\/p>\n<p><strong>T\u00e9l\u00e9chargements\u00a0:<\/strong><br \/>\n<a href=\"https:\/\/linepressureregulator.com\/wp-content\/uploads\/2022\/08\/PF-GOVERNOR400-Brochure-LPR-08.29.22-FINAL.pdf\">PF GOVERNOR 400 Brochure &#8211; English<\/a><br \/>\n<a href=\"https:\/\/linepressureregulator.com\/wp-content\/uploads\/2023\/11\/PF-GOVERNOR400-Brochure-ECCO-Spanish-LPR-10.30.23-FINAL.pdf\">PF GOVERNOR 400 Brochure &#8211; Spanish<\/a><br \/>\n<a href=\"https:\/\/linepressureregulator.com\/wp-content\/uploads\/2023\/11\/PF-GOVERNOR400-Brochure-ECCO-French-Canadian-LPR-08.29.22-FINAL.pdf\">PF GOVERNOR 400 Brochure &#8211; French Canadian<\/a><\/p>","protected":false},"excerpt":{"rendered":"<p>PF400 Line Pressure Regulators With Vertical Vent Limiter Pietro Fiorentini\u2019s PF400 line of gas regulators are designed to comply with the latest CSA and international standards for regulators suitable for indoor and outdoor installations with no modifications. The PF400 family of regulators are ideal for a wide range of residential through large industrial applications. The [&hellip;]<\/p>\n","protected":false},"featured_media":814,"comment_status":"open","ping_status":"closed","template":"","meta":[],"product_brand":[],"product_cat":[20],"product_tag":[],"class_list":{"0":"post-911","1":"product","2":"type-product","3":"status-publish","4":"has-post-thumbnail","6":"product_cat-governor-products","8":"first","9":"instock","10":"shipping-taxable","11":"product-type-simple"},"yoast_head":"<!-- This site is optimized with the Yoast SEO plugin v27.2 - https:\/\/yoast.com\/product\/yoast-seo-wordpress\/ -->\n<title>GOVERNOR PF400 Vent Limiter Vertical\u200b - Line Pressure Regulators<\/title>\n<meta name=\"robots\" content=\"index, follow, max-snippet:-1, max-image-preview:large, max-video-preview:-1\" \/>\n<link rel=\"canonical\" href=\"https:\/\/linepressureregulator.com\/fr\/produit\/governor-pf400-vent-limiter-vertical\u200b\/\" \/>\n<meta property=\"og:locale\" content=\"fr_CA\" \/>\n<meta property=\"og:type\" content=\"article\" \/>\n<meta property=\"og:title\" content=\"GOVERNOR PF400 Vent Limiter Vertical\u200b - Line Pressure Regulators\" \/>\n<meta property=\"og:description\" content=\"PF400 Line Pressure Regulators With Vertical Vent Limiter Pietro Fiorentini\u2019s PF400 line of gas regulators are designed to comply with the latest CSA and international standards for regulators suitable for indoor and outdoor installations with no modifications. The PF400 family of regulators are ideal for a wide range of residential through large industrial applications. The [&hellip;]\" \/>\n<meta property=\"og:url\" content=\"https:\/\/linepressureregulator.com\/fr\/produit\/governor-pf400-vent-limiter-vertical\u200b\/\" \/>\n<meta property=\"og:site_name\" content=\"Line Pressure Regulators\" \/>\n<meta property=\"article:modified_time\" content=\"2023-11-27T15:03:22+00:00\" \/>\n<meta property=\"og:image\" content=\"https:\/\/linepressureregulator.com\/wp-content\/uploads\/2021\/12\/LPR-06-PF400-Vertical.jpg\" \/>\n\t<meta property=\"og:image:width\" content=\"434\" \/>\n\t<meta property=\"og:image:height\" content=\"459\" \/>\n\t<meta property=\"og:image:type\" content=\"image\/jpeg\" \/>\n<meta name=\"twitter:card\" content=\"summary_large_image\" \/>\n<meta name=\"twitter:label1\" content=\"Estimation du temps de lecture\" \/>\n\t<meta name=\"twitter:data1\" content=\"1 minute\" \/>\n<script type=\"application\/ld+json\" class=\"yoast-schema-graph\">{\"@context\":\"https:\/\/schema.org\",\"@graph\":[{\"@type\":\"WebPage\",\"@id\":\"https:\/\/linepressureregulator.com\/product\/governor-pf400-vent-limiter-vertical%e2%80%8b\/\",\"url\":\"https:\/\/linepressureregulator.com\/product\/governor-pf400-vent-limiter-vertical%e2%80%8b\/\",\"name\":\"GOVERNOR PF400 Vent Limiter Vertical\u200b - Line Pressure Regulators\",\"isPartOf\":{\"@id\":\"https:\/\/linepressureregulator.com\/#website\"},\"primaryImageOfPage\":{\"@id\":\"https:\/\/linepressureregulator.com\/product\/governor-pf400-vent-limiter-vertical%e2%80%8b\/#primaryimage\"},\"image\":{\"@id\":\"https:\/\/linepressureregulator.com\/product\/governor-pf400-vent-limiter-vertical%e2%80%8b\/#primaryimage\"},\"thumbnailUrl\":\"https:\/\/linepressureregulator.com\/wp-content\/uploads\/2021\/12\/LPR-06-PF400-Vertical.jpg\",\"datePublished\":\"2021-12-21T22:00:06+00:00\",\"dateModified\":\"2023-11-27T15:03:22+00:00\",\"breadcrumb\":{\"@id\":\"https:\/\/linepressureregulator.com\/product\/governor-pf400-vent-limiter-vertical%e2%80%8b\/#breadcrumb\"},\"inLanguage\":\"fr-CA\",\"potentialAction\":[{\"@type\":\"ReadAction\",\"target\":[\"https:\/\/linepressureregulator.com\/product\/governor-pf400-vent-limiter-vertical%e2%80%8b\/\"]}]},{\"@type\":\"ImageObject\",\"inLanguage\":\"fr-CA\",\"@id\":\"https:\/\/linepressureregulator.com\/product\/governor-pf400-vent-limiter-vertical%e2%80%8b\/#primaryimage\",\"url\":\"https:\/\/linepressureregulator.com\/wp-content\/uploads\/2021\/12\/LPR-06-PF400-Vertical.jpg\",\"contentUrl\":\"https:\/\/linepressureregulator.com\/wp-content\/uploads\/2021\/12\/LPR-06-PF400-Vertical.jpg\",\"width\":434,\"height\":459,\"caption\":\"Product Image\"},{\"@type\":\"BreadcrumbList\",\"@id\":\"https:\/\/linepressureregulator.com\/product\/governor-pf400-vent-limiter-vertical%e2%80%8b\/#breadcrumb\",\"itemListElement\":[{\"@type\":\"ListItem\",\"position\":1,\"name\":\"Home\",\"item\":\"https:\/\/linepressureregulator.com\/\"},{\"@type\":\"ListItem\",\"position\":2,\"name\":\"Shop\",\"item\":\"https:\/\/linepressureregulator.com\/shop\/\"},{\"@type\":\"ListItem\",\"position\":3,\"name\":\"GOVERNOR PF400 Vent Limiter Vertical\u200b\"}]},{\"@type\":\"WebSite\",\"@id\":\"https:\/\/linepressureregulator.com\/#website\",\"url\":\"https:\/\/linepressureregulator.com\/\",\"name\":\"Line Pressure Regulators\",\"description\":\"Line Pressure Regulators\",\"potentialAction\":[{\"@type\":\"SearchAction\",\"target\":{\"@type\":\"EntryPoint\",\"urlTemplate\":\"https:\/\/linepressureregulator.com\/?s={search_term_string}\"},\"query-input\":{\"@type\":\"PropertyValueSpecification\",\"valueRequired\":true,\"valueName\":\"search_term_string\"}}],\"inLanguage\":\"fr-CA\"}]}<\/script>\n<!-- \/ Yoast SEO plugin. -->","yoast_head_json":{"title":"GOVERNOR PF400 Vent Limiter Vertical\u200b - Line Pressure Regulators","robots":{"index":"index","follow":"follow","max-snippet":"max-snippet:-1","max-image-preview":"max-image-preview:large","max-video-preview":"max-video-preview:-1"},"canonical":"https:\/\/linepressureregulator.com\/fr\/produit\/governor-pf400-vent-limiter-vertical\u200b\/","og_locale":"fr_CA","og_type":"article","og_title":"GOVERNOR PF400 Vent Limiter Vertical\u200b - Line Pressure Regulators","og_description":"PF400 Line Pressure Regulators With Vertical Vent Limiter Pietro Fiorentini\u2019s PF400 line of gas regulators are designed to comply with the latest CSA and international standards for regulators suitable for indoor and outdoor installations with no modifications. The PF400 family of regulators are ideal for a wide range of residential through large industrial applications. The [&hellip;]","og_url":"https:\/\/linepressureregulator.com\/fr\/produit\/governor-pf400-vent-limiter-vertical\u200b\/","og_site_name":"Line Pressure Regulators","article_modified_time":"2023-11-27T15:03:22+00:00","og_image":[{"width":434,"height":459,"url":"https:\/\/linepressureregulator.com\/wp-content\/uploads\/2021\/12\/LPR-06-PF400-Vertical.jpg","type":"image\/jpeg"}],"twitter_card":"summary_large_image","twitter_misc":{"Estimation du temps de lecture":"1 minute"},"schema":{"@context":"https:\/\/schema.org","@graph":[{"@type":"WebPage","@id":"https:\/\/linepressureregulator.com\/product\/governor-pf400-vent-limiter-vertical%e2%80%8b\/","url":"https:\/\/linepressureregulator.com\/product\/governor-pf400-vent-limiter-vertical%e2%80%8b\/","name":"GOVERNOR PF400 Vent Limiter Vertical\u200b - Line Pressure Regulators","isPartOf":{"@id":"https:\/\/linepressureregulator.com\/#website"},"primaryImageOfPage":{"@id":"https:\/\/linepressureregulator.com\/product\/governor-pf400-vent-limiter-vertical%e2%80%8b\/#primaryimage"},"image":{"@id":"https:\/\/linepressureregulator.com\/product\/governor-pf400-vent-limiter-vertical%e2%80%8b\/#primaryimage"},"thumbnailUrl":"https:\/\/linepressureregulator.com\/wp-content\/uploads\/2021\/12\/LPR-06-PF400-Vertical.jpg","datePublished":"2021-12-21T22:00:06+00:00","dateModified":"2023-11-27T15:03:22+00:00","breadcrumb":{"@id":"https:\/\/linepressureregulator.com\/product\/governor-pf400-vent-limiter-vertical%e2%80%8b\/#breadcrumb"},"inLanguage":"fr-CA","potentialAction":[{"@type":"ReadAction","target":["https:\/\/linepressureregulator.com\/product\/governor-pf400-vent-limiter-vertical%e2%80%8b\/"]}]},{"@type":"ImageObject","inLanguage":"fr-CA","@id":"https:\/\/linepressureregulator.com\/product\/governor-pf400-vent-limiter-vertical%e2%80%8b\/#primaryimage","url":"https:\/\/linepressureregulator.com\/wp-content\/uploads\/2021\/12\/LPR-06-PF400-Vertical.jpg","contentUrl":"https:\/\/linepressureregulator.com\/wp-content\/uploads\/2021\/12\/LPR-06-PF400-Vertical.jpg","width":434,"height":459,"caption":"Product Image"},{"@type":"BreadcrumbList","@id":"https:\/\/linepressureregulator.com\/product\/governor-pf400-vent-limiter-vertical%e2%80%8b\/#breadcrumb","itemListElement":[{"@type":"ListItem","position":1,"name":"Home","item":"https:\/\/linepressureregulator.com\/"},{"@type":"ListItem","position":2,"name":"Shop","item":"https:\/\/linepressureregulator.com\/shop\/"},{"@type":"ListItem","position":3,"name":"GOVERNOR PF400 Vent Limiter Vertical\u200b"}]},{"@type":"WebSite","@id":"https:\/\/linepressureregulator.com\/#website","url":"https:\/\/linepressureregulator.com\/","name":"R\u00e9gulateurs de pression de ligne","description":"R\u00e9gulateurs de pression de ligne","potentialAction":[{"@type":"SearchAction","target":{"@type":"EntryPoint","urlTemplate":"https:\/\/linepressureregulator.com\/?s={search_term_string}"},"query-input":{"@type":"PropertyValueSpecification","valueRequired":true,"valueName":"search_term_string"}}],"inLanguage":"fr-CA"}]}},"_links":{"self":[{"href":"https:\/\/linepressureregulator.com\/fr\/wp-json\/wp\/v2\/product\/911","targetHints":{"allow":["GET"]}}],"collection":[{"href":"https:\/\/linepressureregulator.com\/fr\/wp-json\/wp\/v2\/product"}],"about":[{"href":"https:\/\/linepressureregulator.com\/fr\/wp-json\/wp\/v2\/types\/product"}],"replies":[{"embeddable":true,"href":"https:\/\/linepressureregulator.com\/fr\/wp-json\/wp\/v2\/comments?post=911"}],"wp:featuredmedia":[{"embeddable":true,"href":"https:\/\/linepressureregulator.com\/fr\/wp-json\/wp\/v2\/media\/814"}],"wp:attachment":[{"href":"https:\/\/linepressureregulator.com\/fr\/wp-json\/wp\/v2\/media?parent=911"}],"wp:term":[{"taxonomy":"product_brand","embeddable":true,"href":"https:\/\/linepressureregulator.com\/fr\/wp-json\/wp\/v2\/product_brand?post=911"},{"taxonomy":"product_cat","embeddable":true,"href":"https:\/\/linepressureregulator.com\/fr\/wp-json\/wp\/v2\/product_cat?post=911"},{"taxonomy":"product_tag","embeddable":true,"href":"https:\/\/linepressureregulator.com\/fr\/wp-json\/wp\/v2\/product_tag?post=911"}],"curies":[{"name":"wp","href":"https:\/\/api.w.org\/{rel}","templated":true}]}}