{"id":923,"date":"2021-12-21T22:01:38","date_gmt":"2021-12-21T22:01:38","guid":{"rendered":"https:\/\/linepressurere.wpenginepowered.com\/?post_type=product&#038;p=923"},"modified":"2023-11-30T02:29:56","modified_gmt":"2023-11-30T02:29:56","slug":"goval%e2%80%8b","status":"publish","type":"product","link":"https:\/\/linepressureregulator.com\/fr\/produit\/goval%e2%80%8b\/","title":{"rendered":"R\u00e9gulateur de pression de ligne PF Goval"},"content":{"rendered":"<p>La gamme de r\u00e9gulateurs de gaz GOVAL de Pietro Fiorentini est con\u00e7ue pour se conformer aux derni\u00e8res normes CSA et internationales pour les r\u00e9gulateurs adapt\u00e9s aux installations int\u00e9rieures et ext\u00e9rieures sans aucune modification. La famille de r\u00e9gulateurs GOVAL est id\u00e9ale pour une large gamme d&#039;applications r\u00e9sidentielles \u00e0 grandes industrielles. Les mat\u00e9riaux et les pi\u00e8ces souples utilis\u00e9s dans la construction des r\u00e9gulateurs GOVAL les rendent adapt\u00e9s \u00e0 une utilisation avec du gaz naturel, du GPL, de l&#039;air propane et d&#039;autres gaz non corrosifs.<\/p>\n<p>Tous les r\u00e9gulateurs GOVAL sont \u00e9quip\u00e9s d&#039;une conception de vanne \u00e9quilibr\u00e9e pour une meilleure pr\u00e9cision de la pression de sortie \u00e9lev\u00e9e, quelle que soit la variation de la pression d&#039;entr\u00e9e. Le double diaphragme avec limiteur d&#039;\u00e9vent int\u00e9gr\u00e9 offre une s\u00e9curit\u00e9 suppl\u00e9mentaire. Le limiteur de ventilation externe r\u00e9duit les co\u00fbts de tuyauterie et le besoin de tuyauterie de ventilation co\u00fbteuse pour les installations int\u00e9rieures et est conforme aux directives de la CSA.* Le nombre de capacit\u00e9s \u00e9lev\u00e9es et d&#039;options de r\u00e9gulateur \u00e9limine parfois le besoin d&#039;unit\u00e9s s\u00e9par\u00e9es et r\u00e9duit consid\u00e9rablement les co\u00fbts d&#039;installation.<\/p>\n<ul>\n<li>Limiteur de ventilation interne : non amovible, pour installations int\u00e9rieures et ext\u00e9rieures<\/li>\n<li>Option de limiteur de ventilation externe pour les installations int\u00e9rieures.***<\/li>\n<li>Double diaphragme pour plus de s\u00e9curit\u00e9 et une plus grande fiabilit\u00e9 de service.<\/li>\n<li>La conception \u00e9quilibr\u00e9e de la vanne vous offre une capacit\u00e9 accrue, une plage de variation \u00e9lev\u00e9e de 500 \u00e0 1 et une r\u00e9gulation stable du d\u00e9bit faible au d\u00e9bit \u00e9lev\u00e9.<\/li>\n<li>Blocage complet en l&#039;absence de d\u00e9bit de gaz, fermeture \u00e9tanche aux bulles 100%.<\/li>\n<li>Filtre inclus dans le mod\u00e8le haute capacit\u00e9.<\/li>\n<\/ul>\n<p>*Le ressort est certifi\u00e9 CSA pour la pression de sortie<br \/>\n** Tel qu&#039;approuv\u00e9 par les codes et normes locaux<br \/>\n***Le limiteur d&#039;\u00e9vent en laiton doit \u00eatre retir\u00e9 pour une installation \u00e0 l&#039;ext\u00e9rieur<\/p>\n<p><strong>S\u00fbr, fiable et haute performance.<\/strong><\/p>\n<p><strong>Caract\u00e9ristiques principales:<\/strong><\/p>\n<ul>\n<li>CSA 6.22A-2005 ANSI Z21.80A 2019 Classe I pour des pressions de sortie jusqu&#039;\u00e0 2 PSIG<\/li>\n<li>Limiteur de ventilation int\u00e9gr\u00e9<\/li>\n<li>Limiteur d&#039;\u00e9vent externe - aucune conduite d&#039;\u00e9vent requise **<\/li>\n<li>Verrouillage \u00e9tanche aux bulles positif 100%<\/li>\n<li>Ports de test d&#039;entr\u00e9e et de sortie<\/li>\n<li>500:1 Rabattement<\/li>\n<\/ul>\n<p><strong>Taille de l&#039;\u00e9vent<\/strong><\/p>\n<ul>\n<li>1\/4\u201d NPT 1\/2\u201d \u2013 1\u201d<\/li>\n<li>1\/2\u201d NPT 1 1\/4\u201d \u2013 4\u201d<\/li>\n<\/ul>\n<p><strong>Gamme de ressorts de sortie\u00a0:<\/strong><\/p>\n<ul>\n<li>Vert 2\u201d W .C. \u00e0 5,1&quot; WC*<\/li>\n<li>Rouge 2,75&quot; W.C. \u00e0 7,87&quot; WC*<\/li>\n<li>WC 6&quot; noir \u00e0 WC 14&quot;*<\/li>\n<li>Jaune 9,8&quot; WC \u00e0 27,5&quot; WC<\/li>\n<li>Violet 23,6&quot; WC \u00e0 59&quot; WC ou 0,85 \u00e0 2,13 PSIG<\/li>\n<li>Orange 55&quot; WC \u00e0 118&quot; WC ou 2 \u00e0 4,26 PSIG<\/li>\n<\/ul>\n<p><em>*Le ressort est certifi\u00e9 CSA pour la pression de sortie<\/em><\/p>\n<p><strong>Caract\u00e9ristiques:<\/strong><\/p>\n<ul>\n<li>Convient pour une utilisation avec du gaz naturel, du GPL et tout gaz propre non corrosif<\/li>\n<li>Pression d&#039;entr\u00e9e : 3&quot; WC \u00e0 2 PSIG Approuv\u00e9 CSA ; Max. Entr\u00e9e : 15 PSIG pour les applications non CSA<\/li>\n<li>Pression de sortie : 2&quot; WC \u00e0 14&quot; WC pour CSA ; Pression de sortie : 2\u2033 WC \u00e0 4,25 PSIG pour les non-CSA<\/li>\n<li>Plage de temp\u00e9rature\u00a0: -40\u00a0\u00b0F \u00e0 150\u00a0\u00b0F<\/li>\n<li>Connexions : \u00bd&quot;-2&quot; NPT &amp; 2 1\/2&quot; \u2013 4&quot; ANSI 150 \u00e0 bride<\/li>\n<li>Pression d&#039;exposition d&#039;entr\u00e9e d&#039;urgence maximale : 80 PSIG<\/li>\n<li>Convient pour une installation int\u00e9rieure ou ext\u00e9rieure***<\/li>\n<\/ul>\n<p>*Le ressort est certifi\u00e9 CSA pour la pression de sortie<br \/>\n** Tel qu&#039;approuv\u00e9 par les codes et normes locaux<br \/>\n***Le limiteur d&#039;\u00e9vent en laiton doit \u00eatre retir\u00e9 pour une installation \u00e0 l&#039;ext\u00e9rieur<\/p>\n<p><strong>T\u00e9l\u00e9chargements\u00a0:<\/strong><\/p>\n<p><a href=\"https:\/\/linepressureregulator.com\/wp-content\/uploads\/2022\/11\/GOVAL-11.08.22-LPR.pdf\">Brochure du r\u00e9gulateur de pression de ligne PF GOVAL<\/a><br \/>\n<a href=\"http:\/\/www.fiorentiniminireg.it\/fiogovernorsUS\/\">Programme de tailles Pietro Fiorentini GOVERNOR<\/a><\/p>","protected":false},"excerpt":{"rendered":"<p>Pietro Fiorentini\u2019s GOVAL line of gas regulators are designed to comply with the latest CSA and international standards for regulators suitable for indoor and outdoor installations with no modifications. The GOVAL family of regulators are ideal for a wide range of residential through large industrial applications. The materials and soft parts used in the construction [&hellip;]<\/p>\n","protected":false},"featured_media":1303,"comment_status":"open","ping_status":"closed","template":"","meta":[],"product_brand":[],"product_cat":[20],"product_tag":[],"class_list":{"0":"post-923","1":"product","2":"type-product","3":"status-publish","4":"has-post-thumbnail","6":"product_cat-governor-products","8":"first","9":"instock","10":"shipping-taxable","11":"product-type-simple"},"yoast_head":"<!-- This site is optimized with the Yoast SEO plugin v27.2 - https:\/\/yoast.com\/product\/yoast-seo-wordpress\/ -->\n<title>PF Goval\u200b Line Pressure Regulator - Line Pressure Regulators<\/title>\n<meta name=\"robots\" content=\"index, follow, max-snippet:-1, max-image-preview:large, max-video-preview:-1\" \/>\n<link rel=\"canonical\" href=\"https:\/\/linepressureregulator.com\/fr\/produit\/goval\u200b\/\" \/>\n<meta property=\"og:locale\" content=\"fr_CA\" \/>\n<meta property=\"og:type\" content=\"article\" \/>\n<meta property=\"og:title\" content=\"PF Goval\u200b Line Pressure Regulator - Line Pressure Regulators\" \/>\n<meta property=\"og:description\" content=\"Pietro Fiorentini\u2019s GOVAL line of gas regulators are designed to comply with the latest CSA and international standards for regulators suitable for indoor and outdoor installations with no modifications. The GOVAL family of regulators are ideal for a wide range of residential through large industrial applications. The materials and soft parts used in the construction [&hellip;]\" \/>\n<meta property=\"og:url\" content=\"https:\/\/linepressureregulator.com\/fr\/produit\/goval\u200b\/\" \/>\n<meta property=\"og:site_name\" content=\"Line Pressure Regulators\" \/>\n<meta property=\"article:modified_time\" content=\"2023-11-30T02:29:56+00:00\" \/>\n<meta property=\"og:image\" content=\"https:\/\/linepressureregulator.com\/wp-content\/uploads\/2022\/12\/ECCO-Goval.jpg\" \/>\n\t<meta property=\"og:image:width\" content=\"860\" \/>\n\t<meta property=\"og:image:height\" content=\"860\" \/>\n\t<meta property=\"og:image:type\" content=\"image\/jpeg\" \/>\n<meta name=\"twitter:card\" content=\"summary_large_image\" \/>\n<meta name=\"twitter:label1\" content=\"Estimation du temps de lecture\" \/>\n\t<meta name=\"twitter:data1\" content=\"2 minutes\" \/>\n<script type=\"application\/ld+json\" class=\"yoast-schema-graph\">{\"@context\":\"https:\/\/schema.org\",\"@graph\":[{\"@type\":\"WebPage\",\"@id\":\"https:\/\/linepressureregulator.com\/product\/goval%e2%80%8b\/\",\"url\":\"https:\/\/linepressureregulator.com\/product\/goval%e2%80%8b\/\",\"name\":\"PF Goval\u200b Line Pressure Regulator - Line Pressure Regulators\",\"isPartOf\":{\"@id\":\"https:\/\/linepressureregulator.com\/#website\"},\"primaryImageOfPage\":{\"@id\":\"https:\/\/linepressureregulator.com\/product\/goval%e2%80%8b\/#primaryimage\"},\"image\":{\"@id\":\"https:\/\/linepressureregulator.com\/product\/goval%e2%80%8b\/#primaryimage\"},\"thumbnailUrl\":\"https:\/\/linepressureregulator.com\/wp-content\/uploads\/2022\/12\/ECCO-Goval.jpg\",\"datePublished\":\"2021-12-21T22:01:38+00:00\",\"dateModified\":\"2023-11-30T02:29:56+00:00\",\"breadcrumb\":{\"@id\":\"https:\/\/linepressureregulator.com\/product\/goval%e2%80%8b\/#breadcrumb\"},\"inLanguage\":\"fr-CA\",\"potentialAction\":[{\"@type\":\"ReadAction\",\"target\":[\"https:\/\/linepressureregulator.com\/product\/goval%e2%80%8b\/\"]}]},{\"@type\":\"ImageObject\",\"inLanguage\":\"fr-CA\",\"@id\":\"https:\/\/linepressureregulator.com\/product\/goval%e2%80%8b\/#primaryimage\",\"url\":\"https:\/\/linepressureregulator.com\/wp-content\/uploads\/2022\/12\/ECCO-Goval.jpg\",\"contentUrl\":\"https:\/\/linepressureregulator.com\/wp-content\/uploads\/2022\/12\/ECCO-Goval.jpg\",\"width\":860,\"height\":860,\"caption\":\"PF Goval\u200b Line Pressure Regulator\"},{\"@type\":\"BreadcrumbList\",\"@id\":\"https:\/\/linepressureregulator.com\/product\/goval%e2%80%8b\/#breadcrumb\",\"itemListElement\":[{\"@type\":\"ListItem\",\"position\":1,\"name\":\"Home\",\"item\":\"https:\/\/linepressureregulator.com\/\"},{\"@type\":\"ListItem\",\"position\":2,\"name\":\"Shop\",\"item\":\"https:\/\/linepressureregulator.com\/shop\/\"},{\"@type\":\"ListItem\",\"position\":3,\"name\":\"PF Goval\u200b Line Pressure Regulator\"}]},{\"@type\":\"WebSite\",\"@id\":\"https:\/\/linepressureregulator.com\/#website\",\"url\":\"https:\/\/linepressureregulator.com\/\",\"name\":\"Line Pressure Regulators\",\"description\":\"Line Pressure Regulators\",\"potentialAction\":[{\"@type\":\"SearchAction\",\"target\":{\"@type\":\"EntryPoint\",\"urlTemplate\":\"https:\/\/linepressureregulator.com\/?s={search_term_string}\"},\"query-input\":{\"@type\":\"PropertyValueSpecification\",\"valueRequired\":true,\"valueName\":\"search_term_string\"}}],\"inLanguage\":\"fr-CA\"}]}<\/script>\n<!-- \/ Yoast SEO plugin. -->","yoast_head_json":{"title":"PF Goval\u200b Line Pressure Regulator - Line Pressure Regulators","robots":{"index":"index","follow":"follow","max-snippet":"max-snippet:-1","max-image-preview":"max-image-preview:large","max-video-preview":"max-video-preview:-1"},"canonical":"https:\/\/linepressureregulator.com\/fr\/produit\/goval\u200b\/","og_locale":"fr_CA","og_type":"article","og_title":"PF Goval\u200b Line Pressure Regulator - Line Pressure Regulators","og_description":"Pietro Fiorentini\u2019s GOVAL line of gas regulators are designed to comply with the latest CSA and international standards for regulators suitable for indoor and outdoor installations with no modifications. The GOVAL family of regulators are ideal for a wide range of residential through large industrial applications. The materials and soft parts used in the construction [&hellip;]","og_url":"https:\/\/linepressureregulator.com\/fr\/produit\/goval\u200b\/","og_site_name":"Line Pressure Regulators","article_modified_time":"2023-11-30T02:29:56+00:00","og_image":[{"width":860,"height":860,"url":"https:\/\/linepressureregulator.com\/wp-content\/uploads\/2022\/12\/ECCO-Goval.jpg","type":"image\/jpeg"}],"twitter_card":"summary_large_image","twitter_misc":{"Estimation du temps de lecture":"2 minutes"},"schema":{"@context":"https:\/\/schema.org","@graph":[{"@type":"WebPage","@id":"https:\/\/linepressureregulator.com\/product\/goval%e2%80%8b\/","url":"https:\/\/linepressureregulator.com\/product\/goval%e2%80%8b\/","name":"PF Goval\u200b Line Pressure Regulator - Line Pressure Regulators","isPartOf":{"@id":"https:\/\/linepressureregulator.com\/#website"},"primaryImageOfPage":{"@id":"https:\/\/linepressureregulator.com\/product\/goval%e2%80%8b\/#primaryimage"},"image":{"@id":"https:\/\/linepressureregulator.com\/product\/goval%e2%80%8b\/#primaryimage"},"thumbnailUrl":"https:\/\/linepressureregulator.com\/wp-content\/uploads\/2022\/12\/ECCO-Goval.jpg","datePublished":"2021-12-21T22:01:38+00:00","dateModified":"2023-11-30T02:29:56+00:00","breadcrumb":{"@id":"https:\/\/linepressureregulator.com\/product\/goval%e2%80%8b\/#breadcrumb"},"inLanguage":"fr-CA","potentialAction":[{"@type":"ReadAction","target":["https:\/\/linepressureregulator.com\/product\/goval%e2%80%8b\/"]}]},{"@type":"ImageObject","inLanguage":"fr-CA","@id":"https:\/\/linepressureregulator.com\/product\/goval%e2%80%8b\/#primaryimage","url":"https:\/\/linepressureregulator.com\/wp-content\/uploads\/2022\/12\/ECCO-Goval.jpg","contentUrl":"https:\/\/linepressureregulator.com\/wp-content\/uploads\/2022\/12\/ECCO-Goval.jpg","width":860,"height":860,"caption":"PF Goval\u200b Line Pressure Regulator"},{"@type":"BreadcrumbList","@id":"https:\/\/linepressureregulator.com\/product\/goval%e2%80%8b\/#breadcrumb","itemListElement":[{"@type":"ListItem","position":1,"name":"Home","item":"https:\/\/linepressureregulator.com\/"},{"@type":"ListItem","position":2,"name":"Shop","item":"https:\/\/linepressureregulator.com\/shop\/"},{"@type":"ListItem","position":3,"name":"PF Goval\u200b Line Pressure Regulator"}]},{"@type":"WebSite","@id":"https:\/\/linepressureregulator.com\/#website","url":"https:\/\/linepressureregulator.com\/","name":"R\u00e9gulateurs de pression de ligne","description":"R\u00e9gulateurs de pression de ligne","potentialAction":[{"@type":"SearchAction","target":{"@type":"EntryPoint","urlTemplate":"https:\/\/linepressureregulator.com\/?s={search_term_string}"},"query-input":{"@type":"PropertyValueSpecification","valueRequired":true,"valueName":"search_term_string"}}],"inLanguage":"fr-CA"}]}},"_links":{"self":[{"href":"https:\/\/linepressureregulator.com\/fr\/wp-json\/wp\/v2\/product\/923","targetHints":{"allow":["GET"]}}],"collection":[{"href":"https:\/\/linepressureregulator.com\/fr\/wp-json\/wp\/v2\/product"}],"about":[{"href":"https:\/\/linepressureregulator.com\/fr\/wp-json\/wp\/v2\/types\/product"}],"replies":[{"embeddable":true,"href":"https:\/\/linepressureregulator.com\/fr\/wp-json\/wp\/v2\/comments?post=923"}],"wp:featuredmedia":[{"embeddable":true,"href":"https:\/\/linepressureregulator.com\/fr\/wp-json\/wp\/v2\/media\/1303"}],"wp:attachment":[{"href":"https:\/\/linepressureregulator.com\/fr\/wp-json\/wp\/v2\/media?parent=923"}],"wp:term":[{"taxonomy":"product_brand","embeddable":true,"href":"https:\/\/linepressureregulator.com\/fr\/wp-json\/wp\/v2\/product_brand?post=923"},{"taxonomy":"product_cat","embeddable":true,"href":"https:\/\/linepressureregulator.com\/fr\/wp-json\/wp\/v2\/product_cat?post=923"},{"taxonomy":"product_tag","embeddable":true,"href":"https:\/\/linepressureregulator.com\/fr\/wp-json\/wp\/v2\/product_tag?post=923"}],"curies":[{"name":"wp","href":"https:\/\/api.w.org\/{rel}","templated":true}]}}